{"id":635,"date":"2024-06-15T16:17:28","date_gmt":"2024-06-15T15:17:28","guid":{"rendered":"https:\/\/demo.psicoweb.co\/padresconscientes\/?page_id=635"},"modified":"2025-03-01T21:13:15","modified_gmt":"2025-03-01T21:13:15","slug":"curso-de-crianza-natural","status":"publish","type":"page","link":"https:\/\/psicoweb.com.es\/padresconscientes\/curso-de-crianza-natural\/","title":{"rendered":"Curso de Crianza Natural"},"content":{"rendered":"<section id=\"particles-js\" class=\"bde-section-635-100 bde-section\">\n              \n  \n  \n\t\n\n  <div class=\"section-background-overlay\"><\/div>\n\n\n<div class=\"section-container\"><div class=\"bde-code-block-635-101 bde-code-block\">\n\n  <style>\n.particles-js-canvas-el {\nwidth: 100%;\nheight: 100%;\nposition: absolute;\nz-index: 0;\ntop: 0;\n}\n<\/style>\n \n<script src=\"https:\/\/cdn.jsdelivr.net\/particles.js\/2.0.0\/particles.min.js\"><\/script>\n \n<script>\nparticlesJS(\"particles-js\", {\"particles\":{\"number\":{\"value\":80,\"density\":{\"enable\":true,\"value_area\":800}},\"color\":{\"value\":\"#ffffff\"},\"shape\":{\"type\":\"circle\",\"stroke\":{\"width\":0,\"color\":\"#000000\"},\"polygon\":{\"nb_sides\":5},\"image\":{\"src\":\"img\/github.svg\",\"width\":100,\"height\":100}},\"opacity\":{\"value\":0.5,\"random\":false,\"anim\":{\"enable\":false,\"speed\":1,\"opacity_min\":0.1,\"sync\":false}},\"size\":{\"value\":3,\"random\":true,\"anim\":{\"enable\":false,\"speed\":40,\"size_min\":0.1,\"sync\":false}},\"line_linked\":{\"enable\":true,\"distance\":150,\"color\":\"#ffffff\",\"opacity\":0.4,\"width\":1},\"move\":{\"enable\":true,\"speed\":6,\"direction\":\"none\",\"random\":false,\"straight\":false,\"out_mode\":\"out\",\"bounce\":false,\"attract\":{\"enable\":false,\"rotateX\":600,\"rotateY\":1200}}},\"interactivity\":{\"detect_on\":\"canvas\",\"events\":{\"onhover\":{\"enable\":true,\"mode\":\"repulse\"},\"onclick\":{\"enable\":true,\"mode\":\"push\"},\"resize\":true},\"modes\":{\"grab\":{\"distance\":400,\"line_linked\":{\"opacity\":1}},\"bubble\":{\"distance\":400,\"size\":40,\"duration\":2,\"opacity\":8,\"speed\":3},\"repulse\":{\"distance\":200,\"duration\":0.4},\"push\":{\"particles_nb\":4},\"remove\":{\"particles_nb\":2}}},\"retina_detect\":true});var count_particles, stats, update; stats = new Stats; stats.setMode(0); stats.domElement.style.position = 'absolute'; stats.domElement.style.left = '0px'; stats.domElement.style.top = '0px'; document.body.appendChild(stats.domElement); count_particles = document.querySelector('.js-count-particles'); update = function() { stats.begin(); stats.end(); if (window.pJSDom[0].pJS.particles && window.pJSDom[0].pJS.particles.array) { count_particles.innerText = window.pJSDom[0].pJS.particles.array.length; } requestAnimationFrame(update); }; requestAnimationFrame(update);;\n<\/script>\n\n\n<\/div><div class=\"bde-div-635-102 bde-div\">\n  \n  \n\t\n\n\n\n<div class=\"bde-div-635-103 bde-div\" data-entrance=\"slideUp\">\n  \n  \n\t\n\n\n\n<h1 class=\"bde-heading-635-104 bde-heading\" data-entrance=\"fade\">\nCurso de<br>Crianza<br>Natural\n<\/h1>\n<\/div><div class=\"bde-div-635-105 bde-div\">\n  \n  \n\t\n\n\n\n<div class=\"bde-button-635-106 bde-button\" data-entrance=\"fade\">\n    \n                                    \n    \n    \n    \n    \n            \n                    \n            \n            \n\n    \n    \n    \n    \n    \n    <a class=\"breakdance-link button-atom button-atom--custom bde-button__button\" href=\"#Section-1-curso-crianza-natural\" target=\"_self\" data-type=\"url\"  >\n\n    \n        <span class=\"button-atom__text\">Ver<\/span>\n\n                            \n        \n                <\/a>\n\n    \n\n\n<\/div>\n<\/div>\n<\/div><\/div>\n<\/section><section id=\"Section-1-crianza-respetuosa\" class=\"bde-section-635-110 bde-section\">\n  \n  \n\t\n\n\n\n<div class=\"section-container\"><div class=\"bde-columns-635-111 bde-columns\"><div class=\"bde-column-635-112 bde-column\">\n  \n  \n\t\n\n\n\n<div class=\"bde-image-635-113 bde-image\">\n<figure class=\"breakdance-image breakdance-image--967\">\n\t<div class=\"breakdance-image-container\">\n\t\t<div class=\"breakdance-image-clip\"><img decoding=\"async\" class=\"breakdance-image-object\" src=\"https:\/\/demo.psicoweb.co\/padresconscientes\/wp-content\/uploads\/2024\/06\/kids-draw-and-make-crafts-kindergarten-or-prescho-2024-05-31-19-16-44-utc-768x511.webp\" width=\"768\" height=\"511\" srcset=\"https:\/\/demo.psicoweb.co\/padresconscientes\/wp-content\/uploads\/2024\/06\/kids-draw-and-make-crafts-kindergarten-or-prescho-2024-05-31-19-16-44-utc.webp 1000w, https:\/\/demo.psicoweb.co\/padresconscientes\/wp-content\/uploads\/2024\/06\/kids-draw-and-make-crafts-kindergarten-or-prescho-2024-05-31-19-16-44-utc-300x200.webp 300w, https:\/\/demo.psicoweb.co\/padresconscientes\/wp-content\/uploads\/2024\/06\/kids-draw-and-make-crafts-kindergarten-or-prescho-2024-05-31-19-16-44-utc-768x511.webp 768w\" sizes=\"(max-width: 1000px) 100vw, 1000px\"><\/div>\n\t<\/div><\/figure>\n\n<\/div>\n<\/div><div class=\"bde-column-635-114 bde-column\">\n  \n  \n\t\n\n\n\n<div class=\"bde-text-635-115 bde-text\">\nCurso de\n<\/div><h2 class=\"bde-heading-635-116 bde-heading\">\nCrianza Natural\n<\/h2><div class=\"bde-rich-text-635-120 bde-rich-text breakdance-rich-text-styles\">\n<p>El curso de crianza natural est\u00e1 dise\u00f1ado para proporcionar a los padres y cuidadores las herramientas y conocimientos necesarios para fomentar un desarrollo saludable y sostenible en los ni\u00f1os desde su nacimiento hasta la adolescencia.<\/p><p>Este curso abarca una variedad de temas que incluyen la alimentaci\u00f3n natural, el uso de remedios naturales, la importancia del contacto f\u00edsico y emocional, t\u00e9cnicas de disciplina positiva, y estrategias para fomentar un ambiente libre de t\u00f3xicos.<\/p><p><strong>Los m\u00f3dulos del curso se estructuran de la siguiente manera: <\/strong><\/p><p><strong>1) Introducci\u00f3n a la crianza natural<\/strong>, donde se exploran los principios b\u00e1sicos y se destaca la importancia de establecer un v\u00ednculo afectivo s\u00f3lido desde los primeros d\u00edas de vida;<\/p><p><strong>2) Alimentaci\u00f3n y nutrici\u00f3n<\/strong>, que se centra en c\u00f3mo proporcionar una dieta equilibrada y rica en nutrientes naturales, incluyendo la lactancia materna y alternativas saludables para los primeros a\u00f1os;<\/p><p><strong>3) Salud y bienestar<\/strong>, que ofrece conocimientos sobre c\u00f3mo utilizar remedios naturales para prevenir y tratar enfermedades comunes en la infancia, adem\u00e1s de promover pr\u00e1cticas de vida saludables;<\/p><p><strong>4) Educaci\u00f3n y desarrollo emocional<\/strong>, donde se ense\u00f1an t\u00e9cnicas para apoyar el desarrollo emocional y cognitivo de los ni\u00f1os, respetando sus ritmos y estilos de aprendizaje individuales;<\/p><p><strong>5) Amor por la naturaleza<\/strong>, que sensibiliza sobre la importancia de criar en un entorno saludable y c\u00f3mo el contacto con el medio natural incrementa la felicidad y desarrollo del ni\u00f1o.<\/p><p>Este curso no solo busca educar, sino tambi\u00e9n crear una comunidad de padres y cuidadores comprometidos con un estilo de vida respetuoso y consciente, basado en el respeto a la naturaleza y la individualidad de cada ni\u00f1o.<\/p><div class=\"btn-bubble-icon\">\u00a0<\/div>\n<\/div><div class=\"bde-text-635-118 bde-text\">\nNo dudes en contactar para inscribirte en la pr\u00f3xima convocatoria.\n<\/div><div class=\"bde-button-635-119 bde-button\">\n    \n                                    \n    \n    \n    \n    \n            \n                    \n            \n            \n\n    \n    \n    \n    \n    \n    <a class=\"breakdance-link button-atom button-atom--secondary bde-button__button\" href=\"https:\/\/demo.psicoweb.co\/padresconscientes\/contacto\/\" target=\"_self\" data-type=\"url\"  >\n\n    \n        <span class=\"button-atom__text\">Cont\u00e1ctame<\/span>\n\n        \n        \n                <\/a>\n\n    \n\n\n<\/div>\n<\/div><\/div><\/div>\n<\/section>","protected":false},"excerpt":{"rendered":"<p>Curso deCrianzaNatural Ver Curso de Crianza Natural El curso de crianza natural est\u00e1 dise\u00f1ado para proporcionar a los padres y cuidadores las herramientas y conocimientos necesarios para fomentar un desarrollo saludable y sostenible en los ni\u00f1os desde su nacimiento hasta la adolescencia.Este curso abarca una variedad de temas que incluyen la alimentaci\u00f3n natural, el uso [&hellip;]<\/p>\n","protected":false},"author":1,"featured_media":0,"parent":0,"menu_order":0,"comment_status":"closed","ping_status":"closed","template":"","meta":{"_breakdance_hide_in_design_set":false,"_breakdance_tags":"","footnotes":""},"class_list":["post-635","page","type-page","status-publish","hentry"],"_links":{"self":[{"href":"https:\/\/psicoweb.com.es\/padresconscientes\/wp-json\/wp\/v2\/pages\/635","targetHints":{"allow":["GET"]}}],"collection":[{"href":"https:\/\/psicoweb.com.es\/padresconscientes\/wp-json\/wp\/v2\/pages"}],"about":[{"href":"https:\/\/psicoweb.com.es\/padresconscientes\/wp-json\/wp\/v2\/types\/page"}],"author":[{"embeddable":true,"href":"https:\/\/psicoweb.com.es\/padresconscientes\/wp-json\/wp\/v2\/users\/1"}],"replies":[{"embeddable":true,"href":"https:\/\/psicoweb.com.es\/padresconscientes\/wp-json\/wp\/v2\/comments?post=635"}],"version-history":[{"count":1,"href":"https:\/\/psicoweb.com.es\/padresconscientes\/wp-json\/wp\/v2\/pages\/635\/revisions"}],"predecessor-version":[{"id":1165,"href":"https:\/\/psicoweb.com.es\/padresconscientes\/wp-json\/wp\/v2\/pages\/635\/revisions\/1165"}],"wp:attachment":[{"href":"https:\/\/psicoweb.com.es\/padresconscientes\/wp-json\/wp\/v2\/media?parent=635"}],"curies":[{"name":"wp","href":"https:\/\/api.w.org\/{rel}","templated":true}]}}