{"id":631,"date":"2024-06-15T16:16:51","date_gmt":"2024-06-15T15:16:51","guid":{"rendered":"https:\/\/demo.psicoweb.co\/padresconscientes\/?page_id=631"},"modified":"2025-03-01T21:11:41","modified_gmt":"2025-03-01T21:11:41","slug":"psicoterapia-individual","status":"publish","type":"page","link":"https:\/\/psicoweb.com.es\/padresconscientes\/psicoterapia-individual\/","title":{"rendered":"Psicoterapia individual"},"content":{"rendered":"<section id=\"particles-js\" class=\"bde-section-631-100 bde-section\">\n              \n  \n  \n\t\n\n  <div class=\"section-background-overlay\"><\/div>\n\n\n<div class=\"section-container\"><div class=\"bde-code-block-631-101 bde-code-block\">\n\n  <style>\n.particles-js-canvas-el {\nwidth: 100%;\nheight: 100%;\nposition: absolute;\nz-index: 0;\ntop: 0;\n}\n<\/style>\n \n<script src=\"https:\/\/cdn.jsdelivr.net\/particles.js\/2.0.0\/particles.min.js\"><\/script>\n \n<script>\nparticlesJS(\"particles-js\", {\"particles\":{\"number\":{\"value\":80,\"density\":{\"enable\":true,\"value_area\":800}},\"color\":{\"value\":\"#ffffff\"},\"shape\":{\"type\":\"circle\",\"stroke\":{\"width\":0,\"color\":\"#000000\"},\"polygon\":{\"nb_sides\":5},\"image\":{\"src\":\"img\/github.svg\",\"width\":100,\"height\":100}},\"opacity\":{\"value\":0.5,\"random\":false,\"anim\":{\"enable\":false,\"speed\":1,\"opacity_min\":0.1,\"sync\":false}},\"size\":{\"value\":3,\"random\":true,\"anim\":{\"enable\":false,\"speed\":40,\"size_min\":0.1,\"sync\":false}},\"line_linked\":{\"enable\":true,\"distance\":150,\"color\":\"#ffffff\",\"opacity\":0.4,\"width\":1},\"move\":{\"enable\":true,\"speed\":6,\"direction\":\"none\",\"random\":false,\"straight\":false,\"out_mode\":\"out\",\"bounce\":false,\"attract\":{\"enable\":false,\"rotateX\":600,\"rotateY\":1200}}},\"interactivity\":{\"detect_on\":\"canvas\",\"events\":{\"onhover\":{\"enable\":true,\"mode\":\"repulse\"},\"onclick\":{\"enable\":true,\"mode\":\"push\"},\"resize\":true},\"modes\":{\"grab\":{\"distance\":400,\"line_linked\":{\"opacity\":1}},\"bubble\":{\"distance\":400,\"size\":40,\"duration\":2,\"opacity\":8,\"speed\":3},\"repulse\":{\"distance\":200,\"duration\":0.4},\"push\":{\"particles_nb\":4},\"remove\":{\"particles_nb\":2}}},\"retina_detect\":true});var count_particles, stats, update; stats = new Stats; stats.setMode(0); stats.domElement.style.position = 'absolute'; stats.domElement.style.left = '0px'; stats.domElement.style.top = '0px'; document.body.appendChild(stats.domElement); count_particles = document.querySelector('.js-count-particles'); update = function() { stats.begin(); stats.end(); if (window.pJSDom[0].pJS.particles && window.pJSDom[0].pJS.particles.array) { count_particles.innerText = window.pJSDom[0].pJS.particles.array.length; } requestAnimationFrame(update); }; requestAnimationFrame(update);;\n<\/script>\n\n\n<\/div><div class=\"bde-div-631-102 bde-div\">\n  \n  \n\t\n\n\n\n<div class=\"bde-div-631-103 bde-div\" data-entrance=\"slideUp\">\n  \n  \n\t\n\n\n\n<h1 class=\"bde-heading-631-104 bde-heading\" data-entrance=\"fade\">\nPsicoterapia<br>Individual\n<\/h1>\n<\/div><div class=\"bde-div-631-105 bde-div\">\n  \n  \n\t\n\n\n\n<div class=\"bde-button-631-106 bde-button\" data-entrance=\"fade\">\n    \n                                    \n    \n    \n    \n    \n            \n                    \n            \n            \n\n    \n    \n    \n    \n    \n    <a class=\"breakdance-link button-atom button-atom--custom bde-button__button\" href=\"#Section-1-psicoterapia-individual\" target=\"_self\" data-type=\"url\"  >\n\n    \n        <span class=\"button-atom__text\">Ver<\/span>\n\n                            \n        \n                <\/a>\n\n    \n\n\n<\/div>\n<\/div>\n<\/div><\/div>\n<\/section><section id=\"Section-1-psicoterapia-individual\" class=\"bde-section-631-107 bde-section\">\n  \n  \n\t\n\n\n\n<div class=\"section-container\"><div class=\"bde-columns-631-108 bde-columns\"><div class=\"bde-column-631-109 bde-column\">\n  \n  \n\t\n\n\n\n<div class=\"bde-image-631-110 bde-image\">\n<figure class=\"breakdance-image breakdance-image--752\">\n\t<div class=\"breakdance-image-container\">\n\t\t<div class=\"breakdance-image-clip\"><img decoding=\"async\" class=\"breakdance-image-object\" src=\"https:\/\/demo.psicoweb.co\/padresconscientes\/wp-content\/uploads\/2024\/06\/psicoterapia-individual-1-768x1152.jpg\" width=\"768\" height=\"1152\" srcset=\"https:\/\/demo.psicoweb.co\/padresconscientes\/wp-content\/uploads\/2024\/06\/psicoterapia-individual-1.jpg 1280w, https:\/\/demo.psicoweb.co\/padresconscientes\/wp-content\/uploads\/2024\/06\/psicoterapia-individual-1-200x300.jpg 200w, https:\/\/demo.psicoweb.co\/padresconscientes\/wp-content\/uploads\/2024\/06\/psicoterapia-individual-1-683x1024.jpg 683w, https:\/\/demo.psicoweb.co\/padresconscientes\/wp-content\/uploads\/2024\/06\/psicoterapia-individual-1-768x1152.jpg 768w, https:\/\/demo.psicoweb.co\/padresconscientes\/wp-content\/uploads\/2024\/06\/psicoterapia-individual-1-1024x1536.jpg 1024w\" sizes=\"(max-width: 1280px) 100vw, 1280px\"><\/div>\n\t<\/div><\/figure>\n\n<\/div>\n<\/div><div class=\"bde-column-631-111 bde-column\">\n  \n  \n\t\n\n\n\n<div class=\"bde-text-631-112 bde-text\">\nConsulta\n<\/div><h2 class=\"bde-heading-631-113 bde-heading\">\nPsicoterapia Individual\n<\/h2><div class=\"bde-text-631-114 bde-text\">\nSer madre o ser padre es una experiencia profundamente transformadora que, aunque llena de momentos de alegr\u00eda y satisfacci\u00f3n, tambi\u00e9n puede desencadenar una serie de problemas emocionales y situaciones psicol\u00f3gicas complejas. <br><br>La presi\u00f3n de cumplir con las expectativas sociales, el agotamiento f\u00edsico y mental, y la constante preocupaci\u00f3n por el bienestar de los hijos pueden llevar a sentimientos de ansiedad, depresi\u00f3n y estr\u00e9s cr\u00f3nico. Adem\u00e1s, la falta de tiempo para el autocuidado y la vida personal puede generar un desequilibrio emocional significativo. <br><br>Es fundamental reconocer estos desaf\u00edos y buscar apoyo cuando sea necesario para mantener una salud mental equilibrada y poder disfrutar plenamente de la paternidad o maternidad.<br><br>Nuestros hijos poseen una sensibilidad innata que les permite percibir cuando atravesamos momentos dif\u00edciles, conflictos internos o cuando nuestras emociones est\u00e1n fuera de control. Aunque intentemos ocultarlo o disimularlo, ellos captan esas vibraciones y esto puede influir en su desarrollo emocional y psicol\u00f3gico. <br><br>Para poder brindarles una crianza natural y respetuosa, es fundamental que nosotros, como padres, estemos en equilibrio y con nuestra vitalidad plena. <br><br>En muchas ocasiones, recurrir a la psicoterapia puede ser una herramienta valiosa para sanar nuestras heridas, gestionar mejor nuestras emociones y as\u00ed poder ofrecerles un entorno m\u00e1s seguro y amoroso.\n<\/div><div class=\"bde-text-631-115 bde-text\">\nSin m\u00e1s, te invito a contactar conmigo si crees que necesitas mejorar la calidad de tu vida y de tus relaciones.<br><br>Un abrazo.<br>\n<\/div><div class=\"bde-button-631-116 bde-button\">\n    \n                                    \n    \n    \n    \n    \n            \n                    \n            \n            \n\n    \n    \n    \n    \n    \n    <a class=\"breakdance-link button-atom button-atom--secondary bde-button__button\" href=\"https:\/\/demo.psicoweb.co\/padresconscientes\/contacto\/\" target=\"_self\" data-type=\"url\"  >\n\n    \n        <span class=\"button-atom__text\">Cont\u00e1ctame<\/span>\n\n        \n        \n                <\/a>\n\n    \n\n\n<\/div>\n<\/div><\/div><\/div>\n<\/section>","protected":false},"excerpt":{"rendered":"<p>PsicoterapiaIndividual Ver Consulta Psicoterapia Individual Ser madre o ser padre es una experiencia profundamente transformadora que, aunque llena de momentos de alegr\u00eda y satisfacci\u00f3n, tambi\u00e9n puede desencadenar una serie de problemas emocionales y situaciones psicol\u00f3gicas complejas. La presi\u00f3n de cumplir con las expectativas sociales, el agotamiento f\u00edsico y mental, y la constante preocupaci\u00f3n por el [&hellip;]<\/p>\n","protected":false},"author":1,"featured_media":0,"parent":0,"menu_order":0,"comment_status":"closed","ping_status":"closed","template":"","meta":{"_breakdance_hide_in_design_set":false,"_breakdance_tags":"","footnotes":""},"class_list":["post-631","page","type-page","status-publish","hentry"],"_links":{"self":[{"href":"https:\/\/psicoweb.com.es\/padresconscientes\/wp-json\/wp\/v2\/pages\/631","targetHints":{"allow":["GET"]}}],"collection":[{"href":"https:\/\/psicoweb.com.es\/padresconscientes\/wp-json\/wp\/v2\/pages"}],"about":[{"href":"https:\/\/psicoweb.com.es\/padresconscientes\/wp-json\/wp\/v2\/types\/page"}],"author":[{"embeddable":true,"href":"https:\/\/psicoweb.com.es\/padresconscientes\/wp-json\/wp\/v2\/users\/1"}],"replies":[{"embeddable":true,"href":"https:\/\/psicoweb.com.es\/padresconscientes\/wp-json\/wp\/v2\/comments?post=631"}],"version-history":[{"count":1,"href":"https:\/\/psicoweb.com.es\/padresconscientes\/wp-json\/wp\/v2\/pages\/631\/revisions"}],"predecessor-version":[{"id":1164,"href":"https:\/\/psicoweb.com.es\/padresconscientes\/wp-json\/wp\/v2\/pages\/631\/revisions\/1164"}],"wp:attachment":[{"href":"https:\/\/psicoweb.com.es\/padresconscientes\/wp-json\/wp\/v2\/media?parent=631"}],"curies":[{"name":"wp","href":"https:\/\/api.w.org\/{rel}","templated":true}]}}