{"id":55,"date":"2024-05-07T19:53:29","date_gmt":"2024-05-07T19:53:29","guid":{"rendered":"http:\/\/demo.psicoweb.co\/emosapiens\/?page_id=55"},"modified":"2024-07-21T17:01:11","modified_gmt":"2024-07-21T16:01:11","slug":"contacto","status":"publish","type":"page","link":"https:\/\/psicoweb.com.es\/escuelaholistica\/contacto\/","title":{"rendered":"Contacto"},"content":{"rendered":"<section class=\"bde-section-55-330 bde-section\">\n  \n  \n\t\n\n\n\n<div class=\"section-container\"><div class=\"bde-grid-55-331 bde-grid\">\n  \n  \n\t\n\n\n\n<div class=\"bde-div-55-332 bde-div\">\n  \n  \n\t\n\n\n\n<div class=\"bde-div-55-370 bde-div\">\n  \n  \n\t\n\n\n\n<div class=\"bde-video-55-333 bde-video\">\n<div class=\"ee-video-container\">\n            <video class=\"ee-video\" src=\"https:\/\/cdn.viqeo.tv\/storage\/b8\/a3\/0a94f1751d8cf879f6dcaa7bf19d1ab5.mp4\"\n               autoplay='true'                                poster=\"https:\/\/ed7n3i6rnfz.exactdn.com\/escuelaholistica\/wp-content\/uploads\/2024\/07\/caratula-video-chica-camina-da-vuelta.webp?strip=all&lossy=1&ssl=1\"                loop='true'                muted='true'                controlsList=\"nodownload\"                playsinline\n        >\n        <\/video>\n    \n    <\/div>\n\n<\/div><div class=\"bde-div-55-372 bde-div\">\n  \n  \n\t\n\n\n\n\n<\/div>\n<\/div>\n<\/div><div class=\"bde-div-55-334 bde-div\">\n  \n  \n\t\n\n\n\n<div class=\"bde-button-55-335 bde-button\">\n    \n                                    \n    \n    \n    \n    \n            \n                    \n            \n            \n\n    \n    \n    \n    \n    \n    <a class=\"breakdance-link button-atom button-atom--text bde-button__button\" href=\"https:\/\/psicoweb.com.es\/escuelaholistica\/cursos\/\" target=\"_self\" data-type=\"url\"  >\n\n    \n        <span class=\"button-atom__text\">Explorar Cursos<\/span>\n\n        \n                    \n    <span class=\"button-atom__icon-wrapper\">\n\n        \n            <svg class=\"un-arrow-icon\" width=\"10\" height=\"10\" viewBox=\"0 0 10 10\" aria-hidden=\"true\">\n                <g fill-rule=\"evenodd\">\n                    <path class=\"un-arrow-icon_arrow\" d=\"M1 1l4 4-4 4\"><\/path>\n                <\/g>\n            <\/svg>\n\n        \n    <\/span>\n\n\n        \n                <\/a>\n\n    \n\n\n<\/div><h1 class=\"bde-heading-55-336 bde-heading\">\nEncuentra camino a la sabidur\u00eda\n<\/h1><p class=\"bde-text-55-337 bde-text\">\nEn Escuela Hol\u00edstica, ofrecemos una variedad de cursos dise\u00f1ados para nutrir tu mente, cuerpo y esp\u00edritu. Escr\u00edbenos un mensaje para resolver cualquier duda que tengas.\n<\/p><div class=\"bde-div-55-338 bde-div\">\n  \n  \n\t\n\n\n\n<div class=\"bde-button-55-339 bde-button\">\n    \n                                    \n    \n    \n    \n    \n            \n                    \n            \n            \n\n    \n    \n    \n    \n    \n    <a class=\"breakdance-link button-atom button-atom--primary bde-button__button\" href=\"#contacto\" target=\"_self\" data-type=\"url\"  >\n\n    \n        <span class=\"button-atom__text\">Contactar<\/span>\n\n        \n        \n                <\/a>\n\n    \n\n\n<\/div>\n<\/div>\n<\/div>\n<\/div><\/div>\n<\/section><section id=\"contacto\" class=\"bde-section-55-340 bde-section\">\n  \n  \n\t\n\n\n\n<div class=\"section-container\"><div class=\"bde-div-55-348 bde-div\">\n  \n  \n\t\n\n\n\n<div class=\"bde-div-55-349 bde-div\">\n  \n  \n\t\n\n\n\n<div class=\"bde-frequently-asked-questions-55-350 bde-frequently-asked-questions\">\n      <div class=\"bde-faq__item\">\n      <h4 class=\"bde-faq__title-tag\">\n       <button id=\"bde-faq-350-button-1\" aria-expanded=\"false\" aria-controls=\"bde-faq-350-1\" class=\"bde-faq__question js-faq-item\">\n          <span class=\"bde-faq__title\">\u00bfQu\u00e9 tipos de terapias alternativas ofrecen?<\/span>\n                           <div aria-hidden=\"true\" class=\"bde-faq__icon bde-faq__icon--inactive\">\n                                <svg xmlns=\"http:\/\/www.w3.org\/2000\/svg\" version=\"1.1\" width=\"32\" height=\"32\" viewBox=\"0 0 32 32\">\r\n<title>Chevron-Down<\/title>\r\n<path d=\"M16.609 22.389c-0.37 0.37-0.97 0.37-1.34 0l-9.659-9.659c-0.37-0.37-0.37-0.97 0-1.34l0.447-0.447c0.37-0.37 0.97-0.37 1.34 0l8.542 8.542 8.542-8.542c0.37-0.37 0.97-0.37 1.34 0l0.447 0.447c0.37 0.37 0.37 0.97 0 1.34l-9.659 9.659z\"\/>\r\n<\/svg>\n                            <\/div>\n         \t  <div aria-hidden=\"true\" class=\"bde-faq__icon bde-faq__icon--active\">\n                                <svg xmlns=\"http:\/\/www.w3.org\/2000\/svg\" version=\"1.1\" width=\"32\" height=\"32\" viewBox=\"0 0 32 32\">\r\n<title>Chevron-Up<\/title>\r\n<path d=\"M15.391 9.611c0.37-0.37 0.97-0.37 1.34 0l9.659 9.659c0.37 0.37 0.37 0.97 0 1.34l-0.447 0.447c-0.37 0.37-0.97 0.37-1.34 0l-8.542-8.542-8.542 8.542c-0.37 0.37-0.97 0.37-1.34 0l-0.447-0.447c-0.37-0.37-0.37-0.97 0-1.34l9.659-9.659z\"\/>\r\n<\/svg>\n                            <\/div>\n                  <\/button>\n      <\/h4>\n      <div role=\"region\" aria-labelledby=\"bde-faq-350-button-1\" id=\"bde-faq-350-1\" class=\"bde-faq__answer\">\n        <div class=\"bde-faq__answer-content\">\n            <div class=\"breakdance-rich-text-styles\">En Escuela Hol\u00edstica ofrecemos una variedad de terapias, incluyendo Reiki, Medicina Tradicional China, Aromaterapia, y m\u00e1s. Cada curso est\u00e1 dise\u00f1ado para ser integral y accesible para principiantes.<\/div>\n\n                    <\/div>\n      <\/div>\n    <\/div>\n      <div class=\"bde-faq__item\">\n      <h4 class=\"bde-faq__title-tag\">\n       <button id=\"bde-faq-350-button-2\" aria-expanded=\"false\" aria-controls=\"bde-faq-350-2\" class=\"bde-faq__question js-faq-item\">\n          <span class=\"bde-faq__title\">\u00bfLos cursos son presenciales o en l\u00ednea?<\/span>\n                           <div aria-hidden=\"true\" class=\"bde-faq__icon bde-faq__icon--inactive\">\n                                <svg xmlns=\"http:\/\/www.w3.org\/2000\/svg\" version=\"1.1\" width=\"32\" height=\"32\" viewBox=\"0 0 32 32\">\r\n<title>Chevron-Down<\/title>\r\n<path d=\"M16.609 22.389c-0.37 0.37-0.97 0.37-1.34 0l-9.659-9.659c-0.37-0.37-0.37-0.97 0-1.34l0.447-0.447c0.37-0.37 0.97-0.37 1.34 0l8.542 8.542 8.542-8.542c0.37-0.37 0.97-0.37 1.34 0l0.447 0.447c0.37 0.37 0.37 0.97 0 1.34l-9.659 9.659z\"\/>\r\n<\/svg>\n                            <\/div>\n         \t  <div aria-hidden=\"true\" class=\"bde-faq__icon bde-faq__icon--active\">\n                                <svg xmlns=\"http:\/\/www.w3.org\/2000\/svg\" version=\"1.1\" width=\"32\" height=\"32\" viewBox=\"0 0 32 32\">\r\n<title>Chevron-Up<\/title>\r\n<path d=\"M15.391 9.611c0.37-0.37 0.97-0.37 1.34 0l9.659 9.659c0.37 0.37 0.37 0.97 0 1.34l-0.447 0.447c-0.37 0.37-0.97 0.37-1.34 0l-8.542-8.542-8.542 8.542c-0.37 0.37-0.97 0.37-1.34 0l-0.447-0.447c-0.37-0.37-0.37-0.97 0-1.34l9.659-9.659z\"\/>\r\n<\/svg>\n                            <\/div>\n                  <\/button>\n      <\/h4>\n      <div role=\"region\" aria-labelledby=\"bde-faq-350-button-2\" id=\"bde-faq-350-2\" class=\"bde-faq__answer\">\n        <div class=\"bde-faq__answer-content\">\n            <div class=\"breakdance-rich-text-styles\">Actualmente, todos nuestros cursos se imparten en l\u00ednea para brindar mayor flexibilidad a nuestros estudiantes. Puedes acceder al material del curso desde cualquier lugar y a cualquier hora.<\/div>\n\n                    <\/div>\n      <\/div>\n    <\/div>\n      <div class=\"bde-faq__item\">\n      <h4 class=\"bde-faq__title-tag\">\n       <button id=\"bde-faq-350-button-3\" aria-expanded=\"false\" aria-controls=\"bde-faq-350-3\" class=\"bde-faq__question js-faq-item\">\n          <span class=\"bde-faq__title\">\u00bfNecesito tener experiencia previa en terapias alternativas para inscribirme?<\/span>\n                           <div aria-hidden=\"true\" class=\"bde-faq__icon bde-faq__icon--inactive\">\n                                <svg xmlns=\"http:\/\/www.w3.org\/2000\/svg\" version=\"1.1\" width=\"32\" height=\"32\" viewBox=\"0 0 32 32\">\r\n<title>Chevron-Down<\/title>\r\n<path d=\"M16.609 22.389c-0.37 0.37-0.97 0.37-1.34 0l-9.659-9.659c-0.37-0.37-0.37-0.97 0-1.34l0.447-0.447c0.37-0.37 0.97-0.37 1.34 0l8.542 8.542 8.542-8.542c0.37-0.37 0.97-0.37 1.34 0l0.447 0.447c0.37 0.37 0.37 0.97 0 1.34l-9.659 9.659z\"\/>\r\n<\/svg>\n                            <\/div>\n         \t  <div aria-hidden=\"true\" class=\"bde-faq__icon bde-faq__icon--active\">\n                                <svg xmlns=\"http:\/\/www.w3.org\/2000\/svg\" version=\"1.1\" width=\"32\" height=\"32\" viewBox=\"0 0 32 32\">\r\n<title>Chevron-Up<\/title>\r\n<path d=\"M15.391 9.611c0.37-0.37 0.97-0.37 1.34 0l9.659 9.659c0.37 0.37 0.37 0.97 0 1.34l-0.447 0.447c-0.37 0.37-0.97 0.37-1.34 0l-8.542-8.542-8.542 8.542c-0.37 0.37-0.97 0.37-1.34 0l-0.447-0.447c-0.37-0.37-0.37-0.97 0-1.34l9.659-9.659z\"\/>\r\n<\/svg>\n                            <\/div>\n                  <\/button>\n      <\/h4>\n      <div role=\"region\" aria-labelledby=\"bde-faq-350-button-3\" id=\"bde-faq-350-3\" class=\"bde-faq__answer\">\n        <div class=\"bde-faq__answer-content\">\n            <div class=\"breakdance-rich-text-styles\">No se requiere experiencia previa. Nuestros cursos est\u00e1n dise\u00f1ados para todos los niveles, desde principiantes hasta aquellos con conocimientos avanzados en terapias alternativas.<\/div>\n\n                    <\/div>\n      <\/div>\n    <\/div>\n      <div class=\"bde-faq__item\">\n      <h4 class=\"bde-faq__title-tag\">\n       <button id=\"bde-faq-350-button-4\" aria-expanded=\"false\" aria-controls=\"bde-faq-350-4\" class=\"bde-faq__question js-faq-item\">\n          <span class=\"bde-faq__title\">\u00bfC\u00f3mo me inscribo en un curso?<\/span>\n                           <div aria-hidden=\"true\" class=\"bde-faq__icon bde-faq__icon--inactive\">\n                                <svg xmlns=\"http:\/\/www.w3.org\/2000\/svg\" version=\"1.1\" width=\"32\" height=\"32\" viewBox=\"0 0 32 32\">\r\n<title>Chevron-Down<\/title>\r\n<path d=\"M16.609 22.389c-0.37 0.37-0.97 0.37-1.34 0l-9.659-9.659c-0.37-0.37-0.37-0.97 0-1.34l0.447-0.447c0.37-0.37 0.97-0.37 1.34 0l8.542 8.542 8.542-8.542c0.37-0.37 0.97-0.37 1.34 0l0.447 0.447c0.37 0.37 0.37 0.97 0 1.34l-9.659 9.659z\"\/>\r\n<\/svg>\n                            <\/div>\n         \t  <div aria-hidden=\"true\" class=\"bde-faq__icon bde-faq__icon--active\">\n                                <svg xmlns=\"http:\/\/www.w3.org\/2000\/svg\" version=\"1.1\" width=\"32\" height=\"32\" viewBox=\"0 0 32 32\">\r\n<title>Chevron-Up<\/title>\r\n<path d=\"M15.391 9.611c0.37-0.37 0.97-0.37 1.34 0l9.659 9.659c0.37 0.37 0.37 0.97 0 1.34l-0.447 0.447c-0.37 0.37-0.97 0.37-1.34 0l-8.542-8.542-8.542 8.542c-0.37 0.37-0.97 0.37-1.34 0l-0.447-0.447c-0.37-0.37-0.37-0.97 0-1.34l9.659-9.659z\"\/>\r\n<\/svg>\n                            <\/div>\n                  <\/button>\n      <\/h4>\n      <div role=\"region\" aria-labelledby=\"bde-faq-350-button-4\" id=\"bde-faq-350-4\" class=\"bde-faq__answer\">\n        <div class=\"bde-faq__answer-content\">\n            <div class=\"breakdance-rich-text-styles\">Puedes inscribirte directamente a trav\u00e9s de nuestro sitio web. Solo necesitas seleccionar el curso de tu inter\u00e9s, llenar el formulario de inscripci\u00f3n y realizar el pago correspondiente.<\/div>\n\n                    <\/div>\n      <\/div>\n    <\/div>\n      <div class=\"bde-faq__item\">\n      <h4 class=\"bde-faq__title-tag\">\n       <button id=\"bde-faq-350-button-5\" aria-expanded=\"false\" aria-controls=\"bde-faq-350-5\" class=\"bde-faq__question js-faq-item\">\n          <span class=\"bde-faq__title\">\u00bfQu\u00e9 m\u00e9todos de pago aceptan?<\/span>\n                           <div aria-hidden=\"true\" class=\"bde-faq__icon bde-faq__icon--inactive\">\n                                <svg xmlns=\"http:\/\/www.w3.org\/2000\/svg\" version=\"1.1\" width=\"32\" height=\"32\" viewBox=\"0 0 32 32\">\r\n<title>Chevron-Down<\/title>\r\n<path d=\"M16.609 22.389c-0.37 0.37-0.97 0.37-1.34 0l-9.659-9.659c-0.37-0.37-0.37-0.97 0-1.34l0.447-0.447c0.37-0.37 0.97-0.37 1.34 0l8.542 8.542 8.542-8.542c0.37-0.37 0.97-0.37 1.34 0l0.447 0.447c0.37 0.37 0.37 0.97 0 1.34l-9.659 9.659z\"\/>\r\n<\/svg>\n                            <\/div>\n         \t  <div aria-hidden=\"true\" class=\"bde-faq__icon bde-faq__icon--active\">\n                                <svg xmlns=\"http:\/\/www.w3.org\/2000\/svg\" version=\"1.1\" width=\"32\" height=\"32\" viewBox=\"0 0 32 32\">\r\n<title>Chevron-Up<\/title>\r\n<path d=\"M15.391 9.611c0.37-0.37 0.97-0.37 1.34 0l9.659 9.659c0.37 0.37 0.37 0.97 0 1.34l-0.447 0.447c-0.37 0.37-0.97 0.37-1.34 0l-8.542-8.542-8.542 8.542c-0.37 0.37-0.97 0.37-1.34 0l-0.447-0.447c-0.37-0.37-0.37-0.97 0-1.34l9.659-9.659z\"\/>\r\n<\/svg>\n                            <\/div>\n                  <\/button>\n      <\/h4>\n      <div role=\"region\" aria-labelledby=\"bde-faq-350-button-5\" id=\"bde-faq-350-5\" class=\"bde-faq__answer\">\n        <div class=\"bde-faq__answer-content\">\n            <div class=\"breakdance-rich-text-styles\"><p>Aceptamos una variedad de m\u00e9todos de pago, incluyendo tarjetas de cr\u00e9dito y PayPal. Todos los pagos son seguros y est\u00e1n protegidos.<\/p><div class=\"btn-bubble-icon\">\u00a0<\/div><\/div>\n\n                    <\/div>\n      <\/div>\n    <\/div>\n  \n<\/div>\n<\/div><div class=\"bde-div-55-351 bde-div\">\n  \n  \n\t\n\n\n\n<h3 class=\"bde-heading-55-352 bde-heading\">\nEscr\u00edbenos tu mensaje\n<\/h3><div class=\"bde-form-builder-55-353 bde-form-builder\">\n\n\n<form id=\"contact-form353\" class=\"breakdance-form breakdance-form--vertical\" data-options=\"{&quot;slug&quot;:&quot;custom&quot;,&quot;name&quot;:&quot;Contact Form&quot;,&quot;ajaxUrl&quot;:&quot;https:\\\/\\\/psicoweb.com.es\\\/escuelaholistica\\\/wp-admin\\\/admin-ajax.php&quot;,&quot;clearOnSuccess&quot;:true,&quot;hideOnSuccess&quot;:false,&quot;successMessage&quot;:&quot;\\u00a1Tu mensaje ha sido recibido!&quot;,&quot;errorMessage&quot;:&quot;Algo sali\\u00f3 mal&quot;,&quot;redirect&quot;:false,&quot;redirectUrl&quot;:&quot;&quot;,&quot;customJavaScript&quot;:&quot;&quot;,&quot;recaptcha&quot;:{&quot;key&quot;:&quot;&quot;,&quot;enabled&quot;:false},&quot;honeypot_enabled&quot;:false,&quot;popupsOnSuccess&quot;:[],&quot;popupsOnError&quot;:[]}\" data-steps=\"0\" >\n  \n  \n  \n<div class=\"breakdance-form-field breakdance-form-field--text\" >\n    \n    \n            <label class=\"breakdance-form-field__label\" for=\"name\">\n            Nombre<span class=\"breakdance-form-field__required\">*<\/span>\n        <\/label>\n    \n    <input\n    class=\"breakdance-form-field__input\"\n    id=\"name\"\n    aria-describedby=\"name\"\n    type=\"text\"\n    name=\"fields[name]\"\n    placeholder=\"Nombre\"\n    value=\"\"\n                \n        \n        \n    required\n    \n    \n>\n\n\n    \n    \n<\/div>\n\n\n<div class=\"breakdance-form-field breakdance-form-field--email\" >\n    \n    \n            <label class=\"breakdance-form-field__label\" for=\"email\">\n            Email<span class=\"breakdance-form-field__required\">*<\/span>\n        <\/label>\n    \n    <input\n    class=\"breakdance-form-field__input\"\n    id=\"email\"\n    aria-describedby=\"email\"\n    type=\"email\"\n    name=\"fields[email]\"\n    placeholder=\"Email\"\n    value=\"\"\n                \n        \n        \n    required\n    \n    \n>\n\n\n    \n    \n<\/div>\n\n\n<div class=\"breakdance-form-field breakdance-form-field--textarea\" >\n    \n    \n            <label class=\"breakdance-form-field__label\" for=\"message\">\n            Mensaje<span class=\"breakdance-form-field__required\">*<\/span>\n        <\/label>\n    \n    <textarea\n    class=\"breakdance-form-field__input\"\n    id=\"message\"\n    aria-describedby=\"message\"\n    type=\"textarea\"\n    name=\"fields[message]\"\n        placeholder=\"Escribe tu mensaje...\"\n    required\n    >\n<\/textarea>\n\n\n    \n    \n<\/div>\n\n\n<div class=\"breakdance-form-field breakdance-form-field--checkbox\" >\n    \n    \n    \n    <fieldset role=\"group\"\n    aria-label=\"Aceptaci\u00f3n\"\n    >\n       <legend class=\"breakdance-form-field__label\">Aceptaci\u00f3n<span class=\"breakdance-form-field__required\">*<\/span><\/legend>\n          <div class=\"breakdance-form-checkbox\">\n          <input\n              type=\"checkbox\"\n              name=\"fields[ghpfrq]\"\n              value=\"Aceptaci\u00f3n\"\n              id=\"ghpfrq-1\"\n              \n                        >\n          <label class=\"breakdance-form-checkbox__text\" for=\"ghpfrq-1\">Acepto la Pol\u00edtica de Privacidad<\/label>\n      <\/div>\n  <\/fieldset>\n\n\n\n    \n    \n<\/div>\n\n\n  \n\n<div class=\"breakdance-form-field breakdance-form-footer\">\n    \n    \n                                    \n    \n    \n    \n    \n            \n            <button type=\"submit\" class=\"button-atom button-atom--primary breakdance-form-button breakdance-form-button__submit\"  >\n    \n        <span class=\"button-atom__text\">Enviar<\/span>\n\n        \n        \n            <\/button>\n    \n    <input type=\"hidden\" name=\"form_id\" value=\"353\">\n    <input type=\"hidden\" name=\"post_id\" value=\"55\">\n<\/div>\n\n  \n<\/form>\n\n\n\n<\/div>\n<\/div>\n<\/div><\/div>\n<\/section><section class=\"bde-section-55-354 bde-section\">\n              \n  \n  \n\t    \n      <div class=\"section-background-video\">\n              <video\n          autoplay\n          muted\n                      playsinline\n                                loop\n                              poster=\"https:\/\/ed7n3i6rnfz.exactdn.com\/escuelaholistica\/wp-content\/uploads\/2024\/07\/caratula-video-chica-margarita-camina.webp?strip=all&lossy=1&ssl=1\"\n                >\n        <source src=\"https:\/\/cdn.viqeo.tv\/storage\/d0\/77\/8ad1dcdea51299f73ae463b28693ee43.mp4\" type=\"video\/mp4\" \/>\n      <\/video>\n      <\/div>\n\n\n  <div class=\"section-background-overlay\"><\/div>\n\n\n<div class=\"section-container\"><div class=\"bde-div-55-355 bde-div\">\n  \n  \n\t\n\n\n\n<span class=\"bde-text-55-356 bde-text\">\nInicia ahora\n<\/span><h2 class=\"bde-heading-55-357 bde-heading\">\nHoy comienza tu nuevo camino\n<\/h2><p class=\"bde-text-55-358 bde-text\">\n\u00danete a nuestra comunidad y descubre el poder transformador de las terapias alternativas. Da el primer paso, los dem\u00e1s vienen solos.\n<\/p>\n<\/div><div class=\"bde-button-55-359 bde-button\">\n    \n                                    \n    \n    \n    \n    \n            \n                    \n            \n            \n\n    \n    \n    \n    \n    \n    <a class=\"breakdance-link button-atom button-atom--primary bde-button__button\" href=\"https:\/\/psicoweb.com.es\/escuelaholistica\/cursos\/\" target=\"_self\" data-type=\"url\"  >\n\n    \n        <span class=\"button-atom__text\">Inscr\u00edbete<\/span>\n\n        \n        \n                <\/a>\n\n    \n\n\n<\/div><div class=\"bde-div-55-360 bde-div\">\n  \n  \n\t\n\n\n\n<div class=\"bde-div-55-361 bde-div\">\n  \n  \n\t\n\n\n\n<div class=\"bde-image-55-362 bde-image\">\n<figure class=\"breakdance-image breakdance-image--1012\">\n\t<div class=\"breakdance-image-container\">\n\t\t<div class=\"breakdance-image-clip\"><img decoding=\"async\" class=\"breakdance-image-object\" src=\"https:\/\/ed7n3i6rnfz.exactdn.com\/escuelaholistica\/wp-content\/uploads\/2024\/06\/happy-handsome-man-showing-okay-gesture-isolated-o-2023-11-27-05-28-05-utc.webp?strip=all&lossy=1&ssl=1\" width=\"360\" height=\"540\" srcset=\"https:\/\/ed7n3i6rnfz.exactdn.com\/escuelaholistica\/wp-content\/uploads\/2024\/06\/happy-handsome-man-showing-okay-gesture-isolated-o-2023-11-27-05-28-05-utc.webp?strip=all&lossy=1&ssl=1 360w, https:\/\/psicoweb.com.es\/escuelaholistica\/wp-content\/uploads\/2024\/06\/happy-handsome-man-showing-okay-gesture-isolated-o-2023-11-27-05-28-05-utc-200x300.webp 200w\" sizes=\"(max-width: 360px) 100vw, 360px\"><\/div>\n\t<\/div><\/figure>\n\n<\/div><div class=\"bde-image-55-363 bde-image\">\n<figure class=\"breakdance-image breakdance-image--1017\">\n\t<div class=\"breakdance-image-container\">\n\t\t<div class=\"breakdance-image-clip\"><img decoding=\"async\" class=\"breakdance-image-object\" src=\"https:\/\/ed7n3i6rnfz.exactdn.com\/escuelaholistica\/wp-content\/uploads\/2024\/06\/happy-young-woman-showing-thumb-up-gesture-2024-02-29-16-47-11-utc.webp?strip=all&lossy=1&ssl=1\" width=\"1024\" height=\"540\" srcset=\"https:\/\/ed7n3i6rnfz.exactdn.com\/escuelaholistica\/wp-content\/uploads\/2024\/06\/happy-young-woman-showing-thumb-up-gesture-2024-02-29-16-47-11-utc.webp?strip=all&lossy=1&ssl=1 1024w, https:\/\/psicoweb.com.es\/escuelaholistica\/wp-content\/uploads\/2024\/06\/happy-young-woman-showing-thumb-up-gesture-2024-02-29-16-47-11-utc-300x158.webp 300w, https:\/\/psicoweb.com.es\/escuelaholistica\/wp-content\/uploads\/2024\/06\/happy-young-woman-showing-thumb-up-gesture-2024-02-29-16-47-11-utc-768x405.webp 768w\" sizes=\"(max-width: 1024px) 100vw, 1024px\"><\/div>\n\t<\/div><\/figure>\n\n<\/div><div class=\"bde-image-55-364 bde-image\">\n<figure class=\"breakdance-image breakdance-image--1029\">\n\t<div class=\"breakdance-image-container\">\n\t\t<div class=\"breakdance-image-clip\"><img decoding=\"async\" class=\"breakdance-image-object\" src=\"https:\/\/ed7n3i6rnfz.exactdn.com\/escuelaholistica\/wp-content\/uploads\/2024\/06\/young-happy-man-showing-okay-gesture-with-both-han-2023-11-27-05-12-52-utc.webp?strip=all&lossy=1&ssl=1\" width=\"810\" height=\"540\" srcset=\"https:\/\/ed7n3i6rnfz.exactdn.com\/escuelaholistica\/wp-content\/uploads\/2024\/06\/young-happy-man-showing-okay-gesture-with-both-han-2023-11-27-05-12-52-utc.webp?strip=all&lossy=1&ssl=1 810w, https:\/\/psicoweb.com.es\/escuelaholistica\/wp-content\/uploads\/2024\/06\/young-happy-man-showing-okay-gesture-with-both-han-2023-11-27-05-12-52-utc-300x200.webp 300w, https:\/\/psicoweb.com.es\/escuelaholistica\/wp-content\/uploads\/2024\/06\/young-happy-man-showing-okay-gesture-with-both-han-2023-11-27-05-12-52-utc-768x512.webp 768w\" sizes=\"(max-width: 810px) 100vw, 810px\"><\/div>\n\t<\/div><\/figure>\n\n<\/div><div class=\"bde-image-55-365 bde-image\">\n<figure class=\"breakdance-image breakdance-image--1026\">\n\t<div class=\"breakdance-image-container\">\n\t\t<div class=\"breakdance-image-clip\"><img decoding=\"async\" class=\"breakdance-image-object\" src=\"https:\/\/ed7n3i6rnfz.exactdn.com\/escuelaholistica\/wp-content\/uploads\/2024\/06\/waist-up-portrait-of-good-looking-girlfriend-shows-2023-11-27-05-35-04-utc.webp?strip=all&lossy=1&ssl=1\" width=\"810\" height=\"540\" srcset=\"https:\/\/ed7n3i6rnfz.exactdn.com\/escuelaholistica\/wp-content\/uploads\/2024\/06\/waist-up-portrait-of-good-looking-girlfriend-shows-2023-11-27-05-35-04-utc.webp?strip=all&lossy=1&ssl=1 810w, https:\/\/psicoweb.com.es\/escuelaholistica\/wp-content\/uploads\/2024\/06\/waist-up-portrait-of-good-looking-girlfriend-shows-2023-11-27-05-35-04-utc-300x200.webp 300w, https:\/\/psicoweb.com.es\/escuelaholistica\/wp-content\/uploads\/2024\/06\/waist-up-portrait-of-good-looking-girlfriend-shows-2023-11-27-05-35-04-utc-768x512.webp 768w\" sizes=\"(max-width: 810px) 100vw, 810px\"><\/div>\n\t<\/div><\/figure>\n\n<\/div>\n<\/div><div class=\"bde-text-55-366 bde-text\">\nTransforma tu vida\n<\/div>\n<\/div><\/div>\n<\/section>","protected":false},"excerpt":{"rendered":"<p>Explorar Cursos Encuentra camino a la sabidur\u00eda En Escuela Hol\u00edstica, ofrecemos una variedad de cursos dise\u00f1ados para nutrir tu mente, cuerpo y esp\u00edritu. Escr\u00edbenos un mensaje para resolver cualquier duda que tengas. Contactar \u00bfQu\u00e9 tipos de terapias alternativas ofrecen? Chevron-Down Chevron-Up En Escuela Hol\u00edstica ofrecemos una variedad de terapias, incluyendo Reiki, Medicina Tradicional China, Aromaterapia, [&hellip;]<\/p>\n","protected":false},"author":1,"featured_media":0,"parent":0,"menu_order":0,"comment_status":"closed","ping_status":"closed","template":"","meta":{"_surecart_dashboard_logo_width":"180px","_surecart_dashboard_show_logo":true,"_surecart_dashboard_navigation_orders":true,"_surecart_dashboard_navigation_invoices":true,"_surecart_dashboard_navigation_subscriptions":true,"_surecart_dashboard_navigation_downloads":true,"_surecart_dashboard_navigation_billing":true,"_surecart_dashboard_navigation_account":true,"_breakdance_hide_in_design_set":false,"_breakdance_tags":"","footnotes":""},"class_list":["post-55","page","type-page","status-publish","hentry"],"_links":{"self":[{"href":"https:\/\/psicoweb.com.es\/escuelaholistica\/wp-json\/wp\/v2\/pages\/55","targetHints":{"allow":["GET"]}}],"collection":[{"href":"https:\/\/psicoweb.com.es\/escuelaholistica\/wp-json\/wp\/v2\/pages"}],"about":[{"href":"https:\/\/psicoweb.com.es\/escuelaholistica\/wp-json\/wp\/v2\/types\/page"}],"author":[{"embeddable":true,"href":"https:\/\/psicoweb.com.es\/escuelaholistica\/wp-json\/wp\/v2\/users\/1"}],"replies":[{"embeddable":true,"href":"https:\/\/psicoweb.com.es\/escuelaholistica\/wp-json\/wp\/v2\/comments?post=55"}],"version-history":[{"count":0,"href":"https:\/\/psicoweb.com.es\/escuelaholistica\/wp-json\/wp\/v2\/pages\/55\/revisions"}],"wp:attachment":[{"href":"https:\/\/psicoweb.com.es\/escuelaholistica\/wp-json\/wp\/v2\/media?parent=55"}],"curies":[{"name":"wp","href":"https:\/\/api.w.org\/{rel}","templated":true}]}}