{"id":1707,"date":"2024-07-14T21:01:21","date_gmt":"2024-07-14T20:01:21","guid":{"rendered":"https:\/\/demo.psicoweb.co\/circulodearmonia\/?page_id=1707"},"modified":"2025-03-02T15:12:48","modified_gmt":"2025-03-02T15:12:48","slug":"la-escuela","status":"publish","type":"page","link":"https:\/\/psicoweb.com.es\/escuelaholistica\/la-escuela\/","title":{"rendered":"La Escuela"},"content":{"rendered":"<section class=\"bde-section-1707-306 bde-section\">\n  \n  \n\t\n\n\n\n<div class=\"section-container\"><div class=\"bde-grid-1707-307 bde-grid\">\n  \n  \n\t\n\n\n\n<div class=\"bde-div-1707-308 bde-div\">\n  \n  \n\t\n\n\n\n<div class=\"bde-div-1707-343 bde-div\">\n  \n  \n\t\n\n\n\n<div class=\"bde-video-1707-309 bde-video\">\n<div class=\"ee-video-container\">\n            <video class=\"ee-video\" src=\"https:\/\/cdn.viqeo.tv\/storage\/e2\/36\/6165fadb24b269bde61b9926b9224299.mp4\"\n               autoplay='true'                                poster=\"https:\/\/ed7n3i6rnfz.exactdn.com\/escuelaholistica\/wp-content\/uploads\/2024\/07\/caratula-video-chica-chico-2.webp?strip=all&lossy=1&ssl=1\"                loop='true'                muted='true'                controlsList=\"nodownload\"                playsinline\n        >\n        <\/video>\n    \n    <\/div>\n\n<\/div><div class=\"bde-div-1707-345 bde-div\">\n              \n  \n  \n\t\n\n  <div class=\"section-background-overlay\"><\/div>\n\n\n\n<\/div>\n<\/div>\n<\/div><div class=\"bde-div-1707-310 bde-div\">\n  \n  \n\t\n\n\n\n<div class=\"bde-button-1707-311 bde-button\">\n    \n                                    \n    \n    \n    \n    \n            \n                    \n            \n            \n\n    \n    \n    \n    \n    \n    <a class=\"breakdance-link button-atom button-atom--text bde-button__button\" href=\"https:\/\/psicoweb.com.es\/escuelaholistica\/cursos\/\" target=\"_self\" data-type=\"url\"  >\n\n    \n        <span class=\"button-atom__text\">Empieza tu viaje<\/span>\n\n        \n                    \n    <span class=\"button-atom__icon-wrapper\">\n\n        \n            <svg class=\"un-arrow-icon\" width=\"10\" height=\"10\" viewBox=\"0 0 10 10\" aria-hidden=\"true\">\n                <g fill-rule=\"evenodd\">\n                    <path class=\"un-arrow-icon_arrow\" d=\"M1 1l4 4-4 4\"><\/path>\n                <\/g>\n            <\/svg>\n\n        \n    <\/span>\n\n\n        \n                <\/a>\n\n    \n\n\n<\/div><h1 class=\"bde-heading-1707-312 bde-heading\">\nSomos una Escuela para ti\n<\/h1><p class=\"bde-text-1707-313 bde-text\">\nEn Escuela Hol\u00edstica, te ayudamos a reconectar con tu esencia a trav\u00e9s de terapias alternativas. Nuestra misi\u00f3n es ayudarte a encontrar equilibrio, paz y armon\u00eda en tu vida. \u00danete a nuestra comunidad y camina tu propio camino hacia la sanaci\u00f3n.\n<\/p><div class=\"bde-div-1707-314 bde-div\">\n  \n  \n\t\n\n\n\n<div class=\"bde-button-1707-315 bde-button\">\n    \n                                    \n    \n    \n    \n    \n            \n                    \n            \n            \n\n    \n    \n    \n    \n    \n    <a class=\"breakdance-link button-atom button-atom--primary bde-button__button\" href=\"#about\" target=\"_self\" data-type=\"url\"  >\n\n    \n        <span class=\"button-atom__text\">Qui\u00e9nes somos<\/span>\n\n        \n        \n                <\/a>\n\n    \n\n\n<\/div>\n<\/div>\n<\/div>\n<\/div><\/div>\n<\/section><section class=\"bde-section-1707-339 bde-section\">\n  \n  \n\t\n\n\n\n<div class=\"section-container\"><p class=\"bde-text-1707-340 bde-text\">\nEscuela Hol\u00edstica naci\u00f3 de la uni\u00f3n de tres apasionadas por las terapias alternativas: Florencia, Ana y Elena. Cada una con su propia historia y experiencia, nos unimos con el objetivo com\u00fan de compartir nuestro conocimiento.\n<\/p><div class=\"bde-grid-1707-341 bde-grid\">\n  \n  \n\t\n\n\n\n<div class=\"bde-div-1707-346 bde-div\">\n  \n  \n\t\n\n\n\n<p class=\"bde-text-1707-347 bde-text\">\nUn d\u00eda, en un retiro espiritual, nuestras trayectorias se cruzaron. La conexi\u00f3n fue instant\u00e1nea y decidimos crear una escuela online que rompa las barreras del tiempo y el espacio, permitiendo a m\u00e1s personas acceder a nuestras ense\u00f1anzas.\n<\/p><div class=\"bde-div-1707-348 bde-div\">\n  \n  \n\t\n\n\n\n<p class=\"bde-text-1707-349 bde-text\">\nInspiradas por la necesidad de expandir el bienestar y la armon\u00eda, nos embarcamos en este viaje para ofrecer cursos y terapias que promueven la salud integral. Con cada curso, esperamos encender una luz en el camino de nuestros estudiantes.\n<\/p>\n<\/div><div class=\"bde-button-1707-350 bde-button\">\n    \n                                    \n    \n    \n    \n    \n            \n                    \n            \n            \n\n    \n    \n    \n    \n    \n    <a class=\"breakdance-link button-atom button-atom--primary bde-button__button\" href=\"#about\" target=\"_self\" data-type=\"url\"  >\n\n    \n        <span class=\"button-atom__text\">Con\u00f3cenos<\/span>\n\n        \n        \n                <\/a>\n\n    \n\n\n<\/div>\n<\/div><div class=\"bde-div-1707-342 bde-div\">\n  \n  \n\t\n\n\n\n<div class=\"bde-div-1707-365 bde-div\">\n  \n  \n\t\n\n\n\n<div class=\"bde-video-1707-366 bde-video\">\n<div class=\"ee-video-container\">\n            <video class=\"ee-video\" src=\"https:\/\/cdn.viqeo.tv\/storage\/33\/05\/a3c5c19c3daab9d1d1209af835ccfcdd.mp4\"\n               autoplay='true'                                poster=\"https:\/\/ed7n3i6rnfz.exactdn.com\/escuelaholistica\/wp-content\/uploads\/2024\/07\/caratula-video-chica-chico.webp?strip=all&lossy=1&ssl=1\"                loop='true'                muted='true'                controlsList=\"nodownload\"                playsinline\n        >\n        <\/video>\n    \n    <\/div>\n\n<\/div><div class=\"bde-div-1707-367 bde-div\">\n  \n  \n\t\n\n\n\n\n<\/div>\n<\/div>\n<\/div>\n<\/div><\/div>\n<\/section><section id=\"about\" class=\"bde-section-1707-316 bde-section\">\n  \n  \n\t\n\n\n\n<div class=\"section-container\"><h2 class=\"bde-heading-1707-317 bde-heading\">\nQui\u00e9nes Somos\n<\/h2><p class=\"bde-text-1707-318 bde-text\">\nEn Escuela Hol\u00edstica, nuestra misi\u00f3n es guiarte hacia un camino de autodescubrimiento y sanaci\u00f3n mediante terapias alternativas.\n<\/p><div class=\"bde-columns-1707-319 bde-columns\"><div class=\"bde-column-1707-320 bde-column\">\n  \n  \n\t\n\n\n\n<div class=\"bde-image-1707-321 bde-image\">\n<figure class=\"breakdance-image breakdance-image--2707\">\n\t<div class=\"breakdance-image-container\">\n\t\t<div class=\"breakdance-image-clip\"><img decoding=\"async\" class=\"breakdance-image-object\" src=\"https:\/\/ed7n3i6rnfz.exactdn.com\/escuelaholistica\/wp-content\/uploads\/2024\/07\/businesswoman-looking-at-the-window-in-office-libr-2023-11-27-04-58-16-utc.webp?strip=all&lossy=1&ssl=1\" width=\"1920\" height=\"1280\" srcset=\"https:\/\/ed7n3i6rnfz.exactdn.com\/escuelaholistica\/wp-content\/uploads\/2024\/07\/businesswoman-looking-at-the-window-in-office-libr-2023-11-27-04-58-16-utc.webp?strip=all&lossy=1&ssl=1 1920w, https:\/\/psicoweb.com.es\/escuelaholistica\/wp-content\/uploads\/2024\/07\/businesswoman-looking-at-the-window-in-office-libr-2023-11-27-04-58-16-utc-300x200.webp 300w, https:\/\/psicoweb.com.es\/escuelaholistica\/wp-content\/uploads\/2024\/07\/businesswoman-looking-at-the-window-in-office-libr-2023-11-27-04-58-16-utc-1024x683.webp 1024w, https:\/\/psicoweb.com.es\/escuelaholistica\/wp-content\/uploads\/2024\/07\/businesswoman-looking-at-the-window-in-office-libr-2023-11-27-04-58-16-utc-768x512.webp 768w, https:\/\/psicoweb.com.es\/escuelaholistica\/wp-content\/uploads\/2024\/07\/businesswoman-looking-at-the-window-in-office-libr-2023-11-27-04-58-16-utc-1536x1024.webp 1536w\" sizes=\"(max-width: 1920px) 100vw, 1920px\"><\/div>\n\t<\/div><\/figure>\n\n<\/div><div class=\"bde-div-1707-322 bde-div\">\n  \n  \n\t\n\n\n\n<span class=\"bde-text-1707-323 bde-text\">\nSusana\n<\/span>\n<\/div><span class=\"bde-text-1707-337 bde-text\">\nCoach Hol\u00edstica\n<\/span><p class=\"bde-text-1707-338 bde-text\">\nSusana es Coach Hol\u00edstica, especializada en PNL y Mindset. Su trabajo es una fusi\u00f3n de t\u00e9cnicas que promueven el bienestar integral. Susana ha dedicado a\u00f1os a estudiar y perfeccionar sus habilidades en diversas, y se esfuerza por proporcionar a sus clientes una experiencia hol\u00edstica que equilibre cuerpo, mente y esp\u00edritu.\n<\/p>\n<\/div><div class=\"bde-column-1707-326 bde-column\">\n  \n  \n\t\n\n\n\n<div class=\"bde-div-1707-327 bde-div\">\n  \n  \n\t\n\n\n\n<div class=\"bde-div-1707-328 bde-div\">\n  \n  \n\t\n\n\n\n<span class=\"bde-text-1707-329 bde-text\">\nFlorencia\n<\/span><span class=\"bde-text-1707-324 bde-text\">\nTerapeuta Hol\u00edstica y Yogui\n<\/span><p class=\"bde-text-1707-325 bde-text\">\nFlorencia est\u00e1 especializada en Yoga, flores de Bach, aromaterapia y cristaloterapia,  y tiene m\u00e1s de 10 a\u00f1os de experiencia en sanar y guiar a las personas. Su enfoque es profundamente emp\u00e1tico y espiritual. Florencia tambi\u00e9n ofrece cursos y talleres en l\u00ednea a trav\u00e9s de nuestra Escuela Hol\u00edstica.\n<\/p>\n<\/div><div class=\"bde-image-1707-332 bde-image\">\n<figure class=\"breakdance-image breakdance-image--2703\">\n\t<div class=\"breakdance-image-container\">\n\t\t<div class=\"breakdance-image-clip\"><img decoding=\"async\" class=\"breakdance-image-object\" src=\"https:\/\/ed7n3i6rnfz.exactdn.com\/escuelaholistica\/wp-content\/uploads\/2024\/07\/pexels-olly-3978564.jpg?strip=all&lossy=1&ssl=1\" width=\"1920\" height=\"1280\" srcset=\"https:\/\/ed7n3i6rnfz.exactdn.com\/escuelaholistica\/wp-content\/uploads\/2024\/07\/pexels-olly-3978564.jpg?strip=all&lossy=1&ssl=1 1920w, https:\/\/psicoweb.com.es\/escuelaholistica\/wp-content\/uploads\/2024\/07\/pexels-olly-3978564-300x200.jpg 300w, https:\/\/psicoweb.com.es\/escuelaholistica\/wp-content\/uploads\/2024\/07\/pexels-olly-3978564-1024x683.jpg 1024w, https:\/\/psicoweb.com.es\/escuelaholistica\/wp-content\/uploads\/2024\/07\/pexels-olly-3978564-768x512.jpg 768w, https:\/\/psicoweb.com.es\/escuelaholistica\/wp-content\/uploads\/2024\/07\/pexels-olly-3978564-1536x1024.jpg 1536w\" sizes=\"(max-width: 1920px) 100vw, 1920px\"><\/div>\n\t<\/div><\/figure>\n\n<\/div>\n<\/div><div class=\"bde-div-1707-333 bde-div\">\n  \n  \n\t\n\n\n\n<div class=\"bde-image-1707-334 bde-image\">\n<figure class=\"breakdance-image breakdance-image--2714\">\n\t<div class=\"breakdance-image-container\">\n\t\t<div class=\"breakdance-image-clip\"><img decoding=\"async\" class=\"breakdance-image-object\" src=\"https:\/\/ed7n3i6rnfz.exactdn.com\/escuelaholistica\/wp-content\/uploads\/2024\/07\/terapeuta-6.jpg?strip=all&lossy=1&ssl=1\" width=\"640\" height=\"960\" srcset=\"https:\/\/ed7n3i6rnfz.exactdn.com\/escuelaholistica\/wp-content\/uploads\/2024\/07\/terapeuta-6.jpg?strip=all&lossy=1&ssl=1 640w, https:\/\/psicoweb.com.es\/escuelaholistica\/wp-content\/uploads\/2024\/07\/terapeuta-6-200x300.jpg 200w\" sizes=\"(max-width: 640px) 100vw, 640px\"><\/div>\n\t<\/div><\/figure>\n\n<\/div><div class=\"bde-div-1707-335 bde-div\">\n  \n  \n\t\n\n\n\n<span class=\"bde-text-1707-336 bde-text\">\nHelen\n<\/span><span class=\"bde-text-1707-330 bde-text\">\nMeditaci\u00f3n y Energ\u00eda\n<\/span><p class=\"bde-text-1707-331 bde-text\">\nHelen es experta en meditaci\u00f3n, mindfulness y sanaci\u00f3n energ\u00e9tica. Ha dedicado su vida a ense\u00f1ar c\u00f3mo encontrar la paz interior y a conectar con el ser m\u00e1s profundo.<br>Su pasi\u00f3n y compromiso por el bienestar la han llevado a trabajar con cientos de personas, gui\u00e1ndolas en su camino hacia una vida m\u00e1s equilibrada y plena.\n<\/p>\n<\/div>\n<\/div>\n<\/div><\/div><\/div>\n<\/section><section class=\"bde-section-1707-352 bde-section\">\n              \n  \n  \n\t    \n      <div class=\"section-background-video\">\n              <video\n          autoplay\n          muted\n                      playsinline\n                                loop\n                              poster=\"https:\/\/ed7n3i6rnfz.exactdn.com\/escuelaholistica\/wp-content\/uploads\/2024\/07\/caratula-video-chica-margarita-camina.webp?strip=all&lossy=1&ssl=1\"\n                >\n        <source src=\"https:\/\/cdn.viqeo.tv\/storage\/d0\/77\/8ad1dcdea51299f73ae463b28693ee43.mp4\" type=\"video\/mp4\" \/>\n      <\/video>\n      <\/div>\n\n\n  <div class=\"section-background-overlay\"><\/div>\n\n\n<div class=\"section-container\"><div class=\"bde-div-1707-353 bde-div\">\n  \n  \n\t\n\n\n\n<span class=\"bde-text-1707-354 bde-text\">\nInicia ahora\n<\/span><h2 class=\"bde-heading-1707-355 bde-heading\">\nHoy comienza tu nuevo camino\n<\/h2><p class=\"bde-text-1707-356 bde-text\">\n\u00danete a nuestra comunidad y descubre el poder transformador de las terapias alternativas. Da el primer paso, los dem\u00e1s vienen solos.\n<\/p>\n<\/div><div class=\"bde-button-1707-357 bde-button\">\n    \n                                    \n    \n    \n    \n    \n            \n                    \n            \n            \n\n    \n    \n    \n    \n    \n    <a class=\"breakdance-link button-atom button-atom--primary bde-button__button\" href=\"https:\/\/psicoweb.com.es\/escuelaholistica\/cursos\/\" target=\"_self\" data-type=\"url\"  >\n\n    \n        <span class=\"button-atom__text\">Inscr\u00edbete<\/span>\n\n        \n        \n                <\/a>\n\n    \n\n\n<\/div><div class=\"bde-div-1707-358 bde-div\">\n  \n  \n\t\n\n\n\n<div class=\"bde-div-1707-359 bde-div\">\n  \n  \n\t\n\n\n\n<div class=\"bde-image-1707-360 bde-image\">\n<figure class=\"breakdance-image breakdance-image--1012\">\n\t<div class=\"breakdance-image-container\">\n\t\t<div class=\"breakdance-image-clip\"><img decoding=\"async\" class=\"breakdance-image-object\" src=\"https:\/\/ed7n3i6rnfz.exactdn.com\/escuelaholistica\/wp-content\/uploads\/2024\/06\/happy-handsome-man-showing-okay-gesture-isolated-o-2023-11-27-05-28-05-utc.webp?strip=all&lossy=1&ssl=1\" width=\"360\" height=\"540\" srcset=\"https:\/\/ed7n3i6rnfz.exactdn.com\/escuelaholistica\/wp-content\/uploads\/2024\/06\/happy-handsome-man-showing-okay-gesture-isolated-o-2023-11-27-05-28-05-utc.webp?strip=all&lossy=1&ssl=1 360w, https:\/\/psicoweb.com.es\/escuelaholistica\/wp-content\/uploads\/2024\/06\/happy-handsome-man-showing-okay-gesture-isolated-o-2023-11-27-05-28-05-utc-200x300.webp 200w\" sizes=\"(max-width: 360px) 100vw, 360px\"><\/div>\n\t<\/div><\/figure>\n\n<\/div><div class=\"bde-image-1707-361 bde-image\">\n<figure class=\"breakdance-image breakdance-image--1017\">\n\t<div class=\"breakdance-image-container\">\n\t\t<div class=\"breakdance-image-clip\"><img decoding=\"async\" class=\"breakdance-image-object\" src=\"https:\/\/ed7n3i6rnfz.exactdn.com\/escuelaholistica\/wp-content\/uploads\/2024\/06\/happy-young-woman-showing-thumb-up-gesture-2024-02-29-16-47-11-utc.webp?strip=all&lossy=1&ssl=1\" width=\"1024\" height=\"540\" srcset=\"https:\/\/ed7n3i6rnfz.exactdn.com\/escuelaholistica\/wp-content\/uploads\/2024\/06\/happy-young-woman-showing-thumb-up-gesture-2024-02-29-16-47-11-utc.webp?strip=all&lossy=1&ssl=1 1024w, https:\/\/psicoweb.com.es\/escuelaholistica\/wp-content\/uploads\/2024\/06\/happy-young-woman-showing-thumb-up-gesture-2024-02-29-16-47-11-utc-300x158.webp 300w, https:\/\/psicoweb.com.es\/escuelaholistica\/wp-content\/uploads\/2024\/06\/happy-young-woman-showing-thumb-up-gesture-2024-02-29-16-47-11-utc-768x405.webp 768w\" sizes=\"(max-width: 1024px) 100vw, 1024px\"><\/div>\n\t<\/div><\/figure>\n\n<\/div><div class=\"bde-image-1707-362 bde-image\">\n<figure class=\"breakdance-image breakdance-image--1029\">\n\t<div class=\"breakdance-image-container\">\n\t\t<div class=\"breakdance-image-clip\"><img decoding=\"async\" class=\"breakdance-image-object\" src=\"https:\/\/ed7n3i6rnfz.exactdn.com\/escuelaholistica\/wp-content\/uploads\/2024\/06\/young-happy-man-showing-okay-gesture-with-both-han-2023-11-27-05-12-52-utc.webp?strip=all&lossy=1&ssl=1\" width=\"810\" height=\"540\" srcset=\"https:\/\/ed7n3i6rnfz.exactdn.com\/escuelaholistica\/wp-content\/uploads\/2024\/06\/young-happy-man-showing-okay-gesture-with-both-han-2023-11-27-05-12-52-utc.webp?strip=all&lossy=1&ssl=1 810w, https:\/\/psicoweb.com.es\/escuelaholistica\/wp-content\/uploads\/2024\/06\/young-happy-man-showing-okay-gesture-with-both-han-2023-11-27-05-12-52-utc-300x200.webp 300w, https:\/\/psicoweb.com.es\/escuelaholistica\/wp-content\/uploads\/2024\/06\/young-happy-man-showing-okay-gesture-with-both-han-2023-11-27-05-12-52-utc-768x512.webp 768w\" sizes=\"(max-width: 810px) 100vw, 810px\"><\/div>\n\t<\/div><\/figure>\n\n<\/div><div class=\"bde-image-1707-363 bde-image\">\n<figure class=\"breakdance-image breakdance-image--1026\">\n\t<div class=\"breakdance-image-container\">\n\t\t<div class=\"breakdance-image-clip\"><img decoding=\"async\" class=\"breakdance-image-object\" src=\"https:\/\/ed7n3i6rnfz.exactdn.com\/escuelaholistica\/wp-content\/uploads\/2024\/06\/waist-up-portrait-of-good-looking-girlfriend-shows-2023-11-27-05-35-04-utc.webp?strip=all&lossy=1&ssl=1\" width=\"810\" height=\"540\" srcset=\"https:\/\/ed7n3i6rnfz.exactdn.com\/escuelaholistica\/wp-content\/uploads\/2024\/06\/waist-up-portrait-of-good-looking-girlfriend-shows-2023-11-27-05-35-04-utc.webp?strip=all&lossy=1&ssl=1 810w, https:\/\/psicoweb.com.es\/escuelaholistica\/wp-content\/uploads\/2024\/06\/waist-up-portrait-of-good-looking-girlfriend-shows-2023-11-27-05-35-04-utc-300x200.webp 300w, https:\/\/psicoweb.com.es\/escuelaholistica\/wp-content\/uploads\/2024\/06\/waist-up-portrait-of-good-looking-girlfriend-shows-2023-11-27-05-35-04-utc-768x512.webp 768w\" sizes=\"(max-width: 810px) 100vw, 810px\"><\/div>\n\t<\/div><\/figure>\n\n<\/div>\n<\/div><div class=\"bde-text-1707-364 bde-text\">\nTransforma tu vida\n<\/div>\n<\/div><\/div>\n<\/section>","protected":false},"excerpt":{"rendered":"<p>Empieza tu viaje Somos una Escuela para ti En Escuela Hol\u00edstica, te ayudamos a reconectar con tu esencia a trav\u00e9s de terapias alternativas. Nuestra misi\u00f3n es ayudarte a encontrar equilibrio, paz y armon\u00eda en tu vida. \u00danete a nuestra comunidad y camina tu propio camino hacia la sanaci\u00f3n. Qui\u00e9nes somos Escuela Hol\u00edstica naci\u00f3 de la [&hellip;]<\/p>\n","protected":false},"author":1,"featured_media":0,"parent":0,"menu_order":0,"comment_status":"closed","ping_status":"closed","template":"","meta":{"_surecart_dashboard_logo_width":"180px","_surecart_dashboard_show_logo":true,"_surecart_dashboard_navigation_orders":true,"_surecart_dashboard_navigation_invoices":true,"_surecart_dashboard_navigation_subscriptions":true,"_surecart_dashboard_navigation_downloads":true,"_surecart_dashboard_navigation_billing":true,"_surecart_dashboard_navigation_account":true,"_breakdance_hide_in_design_set":false,"_breakdance_tags":"","footnotes":""},"class_list":["post-1707","page","type-page","status-publish","hentry"],"_links":{"self":[{"href":"https:\/\/psicoweb.com.es\/escuelaholistica\/wp-json\/wp\/v2\/pages\/1707","targetHints":{"allow":["GET"]}}],"collection":[{"href":"https:\/\/psicoweb.com.es\/escuelaholistica\/wp-json\/wp\/v2\/pages"}],"about":[{"href":"https:\/\/psicoweb.com.es\/escuelaholistica\/wp-json\/wp\/v2\/types\/page"}],"author":[{"embeddable":true,"href":"https:\/\/psicoweb.com.es\/escuelaholistica\/wp-json\/wp\/v2\/users\/1"}],"replies":[{"embeddable":true,"href":"https:\/\/psicoweb.com.es\/escuelaholistica\/wp-json\/wp\/v2\/comments?post=1707"}],"version-history":[{"count":3,"href":"https:\/\/psicoweb.com.es\/escuelaholistica\/wp-json\/wp\/v2\/pages\/1707\/revisions"}],"predecessor-version":[{"id":2894,"href":"https:\/\/psicoweb.com.es\/escuelaholistica\/wp-json\/wp\/v2\/pages\/1707\/revisions\/2894"}],"wp:attachment":[{"href":"https:\/\/psicoweb.com.es\/escuelaholistica\/wp-json\/wp\/v2\/media?parent=1707"}],"curies":[{"name":"wp","href":"https:\/\/api.w.org\/{rel}","templated":true}]}}