{"id":1416,"date":"2024-07-12T11:54:33","date_gmt":"2024-07-12T10:54:33","guid":{"rendered":"https:\/\/demo.psicoweb.co\/emosapiens\/dashboard\/"},"modified":"2024-07-15T09:26:01","modified_gmt":"2024-07-15T08:26:01","slug":"dashboard","status":"publish","type":"page","link":"https:\/\/psicoweb.com.es\/emosapiens\/dashboard\/","title":{"rendered":"Panel"},"content":{"rendered":"<section class=\"bde-section-1416-100 bde-section\">\n  \n  \n\t\n\n\n\n<div class=\"section-container\"><div class=\"bde-shortcode-1416-101 bde-shortcode\">\n<div class=\"academy-login-form-wrapper\">\n\t\t\t<h2 class=\"academy-login-form-heading\">Inicia sesi\u00f3n para acceder a tu panel<\/h2>\n\t\t\t<div class=\"academy-login-form-status\"><\/div>\n\t<form id=\"academy_login_form\" class=\"academy-login-form\" action=\"#\" method=\"post\">\n\t\t<input type=\"hidden\" id=\"_wpnonce\" name=\"_wpnonce\" value=\"ed61fb0ac9\" \/><input type=\"hidden\" name=\"_wp_http_referer\" value=\"\/emosapiens\/wp-json\/wp\/v2\/pages\/1416\" \/>\t\t<input type=\"hidden\" name=\"login_redirect_url\" value=\"https:\/\/psicoweb.com.es\/emosapiens\/dashboard\/\">\n\t\t<div class=\"academy-form-group\">\n\t\t\t\t\t\t<label for=\"username\">Nombre de usuario o direcci\u00f3n de correo electr\u00f3nico<\/label>\n\t\t\t\t\t\t\t<input id=\"username\" type=\"text\" class=\"academy-form-control\" name=\"username\" value=\"\" placeholder=\"Nombre de usuario o direcci\u00f3n de correo electr\u00f3nico\">\n\t\t<\/div>\n\t\t<div class=\"academy-form-group\">\n\t\t\t\t\t\t<label for=\"password\">Contrase\u00f1a<\/label>\n\t\t\t\t\t\t\t<div>\n\t\t\t\t<input id=\"password\" type=\"password\" class=\"academy-form-control\" name=\"password\" value=\"\" placeholder=\"Contrase\u00f1a\">\n\t\t\t\t<span id=\"password-icon\" class=\"toggle-password academy-icon academy-icon--eye\"><\/span>\n\t\t\t<\/div>\n\n\t\t<\/div>\n\t\t<div class=\"academy-form-group academy-d-flex academy-flex-row academy-justify-content-between\">\n\t\t\t<div class=\"academy-form-group__forgetmenot\">\n\t\t\t\t<label><input type=\"checkbox\" name=\"remember\"> Recordar<\/label>\n\t\t\t<\/div>\n\t\t\t<div class=\"academy-form-group__inner\">\n\t\t\t\t<a class=\"academy-form-text-link\" href=\"https:\/\/psicoweb.com.es\/emosapiens\/restablecimiento-de-contrasena\/\">Restablecer la contrase\u00f1a<\/a>\n\t\t\t<\/div>\n\t\t<\/div>\n\t\t\t\t<div class=\"academy-form-group\">\n\t\t\t<button class=\"academy-btn academy-btn--bg-purple\" type=\"submit\">Acceder<\/button>\n\t\t<\/div>\n\t<\/form>\n\t<p class=\"academy-login-form-info\">\u00bfNo tienes una cuenta?  <a href=\"https:\/\/psicoweb.com.es\/emosapiens\/registro-de-alumnos\/?redirect_to=https:\/\/psicoweb.com.es\/emosapiens\/dashboard\/\">Reg\u00edstrate ahora<\/a><\/p>\n\t<\/div>\n\n<\/div><\/div>\n<\/section>","protected":false},"excerpt":{"rendered":"<p>Inicia sesi\u00f3n para acceder a tu panel Nombre de usuario o direcci\u00f3n de correo electr\u00f3nico Contrase\u00f1a Recordar Restablecer la contrase\u00f1a Acceder \u00bfNo tienes una cuenta? Reg\u00edstrate ahora<\/p>\n","protected":false},"author":5,"featured_media":0,"parent":0,"menu_order":0,"comment_status":"closed","ping_status":"closed","template":"academy-canvas.php","meta":{"_surecart_dashboard_logo_width":"180px","_surecart_dashboard_show_logo":true,"_surecart_dashboard_navigation_orders":true,"_surecart_dashboard_navigation_invoices":true,"_surecart_dashboard_navigation_subscriptions":true,"_surecart_dashboard_navigation_downloads":true,"_surecart_dashboard_navigation_billing":true,"_surecart_dashboard_navigation_account":true,"_breakdance_hide_in_design_set":false,"_breakdance_tags":"","footnotes":""},"class_list":["post-1416","page","type-page","status-publish","hentry"],"_links":{"self":[{"href":"https:\/\/psicoweb.com.es\/emosapiens\/wp-json\/wp\/v2\/pages\/1416","targetHints":{"allow":["GET"]}}],"collection":[{"href":"https:\/\/psicoweb.com.es\/emosapiens\/wp-json\/wp\/v2\/pages"}],"about":[{"href":"https:\/\/psicoweb.com.es\/emosapiens\/wp-json\/wp\/v2\/types\/page"}],"author":[{"embeddable":true,"href":"https:\/\/psicoweb.com.es\/emosapiens\/wp-json\/wp\/v2\/users\/5"}],"replies":[{"embeddable":true,"href":"https:\/\/psicoweb.com.es\/emosapiens\/wp-json\/wp\/v2\/comments?post=1416"}],"version-history":[{"count":0,"href":"https:\/\/psicoweb.com.es\/emosapiens\/wp-json\/wp\/v2\/pages\/1416\/revisions"}],"wp:attachment":[{"href":"https:\/\/psicoweb.com.es\/emosapiens\/wp-json\/wp\/v2\/media?parent=1416"}],"curies":[{"name":"wp","href":"https:\/\/api.w.org\/{rel}","templated":true}]}}