{"id":67,"date":"2024-05-07T19:55:42","date_gmt":"2024-05-07T19:55:42","guid":{"rendered":"http:\/\/demo.psicoweb.co\/coachingtransformativo\/?page_id=67"},"modified":"2024-06-15T01:44:15","modified_gmt":"2024-06-15T00:44:15","slug":"faq","status":"publish","type":"page","link":"https:\/\/psicoweb.com.es\/coachingtransformativo\/faq\/","title":{"rendered":"FAQ"},"content":{"rendered":"<section class=\"bde-section-67-100 bde-section\">\n  \n  \n\t\n\n\n\n<div class=\"section-container\"><div class=\"bde-div-67-103 bde-div\">\n  \n  \n\t\n\n\n\n<h1 class=\"bde-heading-67-101 bde-heading\">\n\u00bfQu\u00e9 es el coaching transformativo?\n<\/h1><div class=\"bde-text-67-102 bde-text\">\nEn lugar de enfocarte en c\u00f3mo las fuerzas externas impactan nuestro bienestar interior, el coaching transformativo trabaja de adentro hacia afuera. En primer lugar, identificamos tus valores fundamentales y establecemos metas que se alinean con lo que realmente te hace feliz. Despu\u00e9s, te ayudar\u00e9 a tomar las acciones necesarias para que puedas vivir tu verdadero potencial. Si nunca has asistido a terapia antes, es fundamental comprender que, aunque el coaching no es equivalente a la terapia, resulta m\u00e1s efectivo cuando ya has desarrollado una base de autoconciencia terap\u00e9utica.\n<\/div><h2 class=\"bde-heading-67-104 bde-heading\">\n\u00bfQu\u00e9 hacen los coaches?\n<\/h2><div class=\"bde-rich-text-67-106 bde-rich-text breakdance-rich-text-styles\">\n<p class=\"\">El coaching implica una colaboraci\u00f3n entre el coach y el cliente que facilita el crecimiento interno. Esta asociaci\u00f3n crea un ambiente seguro y respetuoso que inspira claridad y una visi\u00f3n poderosa. Los clientes se vuelven conscientes de sus verdaderos deseos, exploran posibilidades y toman medidas para alcanzar sus objetivos. A continuaci\u00f3n, se presentan algunas acciones que los coaches realizan para promover el crecimiento:<\/p><ul data-rte-list=\"default\"><li><p class=\"\">Haz preguntas poderosas para desarrollar claridad y conciencia<\/p><\/li><li><p class=\"\">Ayuda a identificar patrones de comportamiento<\/p><\/li><li><p class=\"\">Crea metas satisfactorias<\/p><\/li><li><p class=\"\">Tormenta de ideas<\/p><\/li><li><p class=\"\">Acciones de dise\u00f1o<\/p><\/li><li><p class=\"\">Desafiar y brindar responsabilidad<\/p><\/li><li><p class=\"\">Proporcionar recursos y herramientas valiosos.<\/p><\/li><li><p class=\"\">Proporcionar apoyo y aliento<\/p><\/li><\/ul>\n<\/div><h2 class=\"bde-heading-67-107 bde-heading\">\n\u00bfEs esto una terapia?\n<\/h2><div class=\"bde-rich-text-67-108 bde-rich-text breakdance-rich-text-styles\">\n<p class=\"\">A diferencia del asesoramiento o la terapia, que suelen revisar el pasado y se centran en curar o diagnosticar y tratar los s\u00edntomas, el coaching se enfoca en el presente. Implica encontrar direcci\u00f3n y satisfacci\u00f3n, alent\u00e1ndote a convertirte en el creador activo de tu vida.<\/p>\n<\/div><h2 class=\"bde-heading-67-109 bde-heading\">\n\u00bfCu\u00e1l es la inversi\u00f3n?\n<\/h2><div class=\"bde-rich-text-67-110 bde-rich-text breakdance-rich-text-styles\">\n<p class=\"\">La inversi\u00f3n depende de tus necesidades individuales. Ofrezco paquetes personalizados seg\u00fan los objetivos del cliente. Mi paquete m\u00e1s popular tiene un precio de 1.200 \u20ac e incluye 8 sesiones online de 60 minutos, que se pueden programar semanalmente o cada dos semanas. Cont\u00e1ctame para discutir tu inversi\u00f3n en tu bienestar profesional.<\/p><p>\u00a0<\/p>\n<\/div>\n<\/div><\/div>\n<\/section>","protected":false},"excerpt":{"rendered":"<p>\u00bfQu\u00e9 es el coaching transformativo? En lugar de enfocarte en c\u00f3mo las fuerzas externas impactan nuestro bienestar interior, el coaching transformativo trabaja de adentro hacia afuera. En primer lugar, identificamos tus valores fundamentales y establecemos metas que se alinean con lo que realmente te hace feliz. Despu\u00e9s, te ayudar\u00e9 a tomar las acciones necesarias para [&hellip;]<\/p>\n","protected":false},"author":1,"featured_media":0,"parent":0,"menu_order":0,"comment_status":"closed","ping_status":"closed","template":"","meta":{"_breakdance_hide_in_design_set":false,"_breakdance_tags":"","footnotes":""},"class_list":["post-67","page","type-page","status-publish","hentry"],"_links":{"self":[{"href":"https:\/\/psicoweb.com.es\/coachingtransformativo\/wp-json\/wp\/v2\/pages\/67","targetHints":{"allow":["GET"]}}],"collection":[{"href":"https:\/\/psicoweb.com.es\/coachingtransformativo\/wp-json\/wp\/v2\/pages"}],"about":[{"href":"https:\/\/psicoweb.com.es\/coachingtransformativo\/wp-json\/wp\/v2\/types\/page"}],"author":[{"embeddable":true,"href":"https:\/\/psicoweb.com.es\/coachingtransformativo\/wp-json\/wp\/v2\/users\/1"}],"replies":[{"embeddable":true,"href":"https:\/\/psicoweb.com.es\/coachingtransformativo\/wp-json\/wp\/v2\/comments?post=67"}],"version-history":[{"count":0,"href":"https:\/\/psicoweb.com.es\/coachingtransformativo\/wp-json\/wp\/v2\/pages\/67\/revisions"}],"wp:attachment":[{"href":"https:\/\/psicoweb.com.es\/coachingtransformativo\/wp-json\/wp\/v2\/media?parent=67"}],"curies":[{"name":"wp","href":"https:\/\/api.w.org\/{rel}","templated":true}]}}