{"id":65,"date":"2024-05-07T19:55:25","date_gmt":"2024-05-07T19:55:25","guid":{"rendered":"http:\/\/demo.psicoweb.co\/coachingtransformativo\/?page_id=65"},"modified":"2024-09-26T21:06:57","modified_gmt":"2024-09-26T20:06:57","slug":"sobre-mi","status":"publish","type":"page","link":"https:\/\/psicoweb.com.es\/coachingtransformativo\/sobre-mi\/","title":{"rendered":"Sobre m\u00ed"},"content":{"rendered":"<section class=\"bde-section-65-100 bde-section\">\n  \n  \n\t\n\n\n\n<div class=\"section-container\"><div class=\"bde-div-65-105 bde-div\">\n  \n  \n\t\n\n\n\n<h1 class=\"bde-heading-65-102 bde-heading\">\nNo necesitas pasarlo mal para ser mejor profesional\n<\/h1><h2 class=\"bde-heading-65-103 bde-heading\">\nPuedes usar tus habilidades de maneras <br>que te hagan sentir bien\n<\/h2>\n<\/div><\/div>\n<\/section><section class=\"bde-section-65-106 bde-section\">\n  \n  \n\t\n\n\n\n<div class=\"section-container\"><div class=\"bde-div-65-107 bde-div\">\n  \n  \n\t\n\n\n\n<div class=\"bde-div-65-108 bde-div\">\n  \n  \n\t\n\n\n\n<div class=\"bde-div-65-109 bde-div\">\n  \n  \n\t\n\n\n\n<div class=\"bde-text-65-111 bde-text\">\nMe motiva profundamente ayudar a los terapeutas sensibles a evitar el agotamiento porque yo misma soy una terapeuta sensible que lo experiment\u00f3. Despu\u00e9s de solo seis meses como trabajadora social cl\u00ednica en salud mental comunitaria, ya no pod\u00eda continuar. No lo sab\u00eda entonces, pero fue mi sensibilidad energ\u00e9tica en un ambiente traum\u00e1tico lo que me quem\u00f3 tan r\u00e1pidamente. Permanec\u00ed en SMC durante los siguientes tres a\u00f1os, pero tuve que trabajar a tiempo parcial para obtener mi licencia.<br><br>Me sent\u00ed tan abrumada ese primer a\u00f1o que comenc\u00e9 a trabajar con un coach de vida y finalmente obtuve la certificaci\u00f3n como coach de vida.<br><br>Me di cuenta de que al trabajar en un entorno que no se alineaba con mis fortalezas, estaba sacrificando mi salud y bienestar para ayudar a los dem\u00e1s. Cuando decid\u00ed cuidar primero mi energ\u00eda y encontr\u00e9 una manera de utilizar mis habilidades en consonancia con mi personalidad, mi vida cambi\u00f3 por completo.\n<\/div>\n<\/div>\n<\/div>\n<\/div><\/div>\n<\/section><section class=\"bde-section-65-127 bde-section\">\n  \n  \n\t\n\n\n\n<div class=\"section-container\"><div class=\"bde-div-65-128 bde-div\">\n  \n  \n\t\n\n\n\n<div class=\"bde-div-65-129 bde-div\">\n  \n  \n\t\n\n\n\n<div class=\"bde-text-65-131 bde-text\">\nMe motiva profundamente ayudar a los terapeutas sensibles a evitar el agotamiento porque yo misma soy una terapeuta sensible que lo experiment\u00f3. Despu\u00e9s de solo seis meses como trabajadora social cl\u00ednica en salud mental comunitaria, ya no pod\u00eda continuar. No lo sab\u00eda entonces, pero fue mi sensibilidad energ\u00e9tica en un ambiente traum\u00e1tico lo que me quem\u00f3 tan r\u00e1pidamente. Permanec\u00ed en SMC durante los siguientes tres a\u00f1os, pero tuve que trabajar a tiempo parcial para obtener mi licencia.<br><br>Me sent\u00ed tan abrumada ese primer a\u00f1o que comenc\u00e9 a trabajar con un coach de vida y finalmente obtuve la certificaci\u00f3n como coach de vida.<br><br>Me di cuenta de que al trabajar en un entorno que no se alineaba con mis fortalezas, estaba sacrificando mi salud y bienestar para ayudar a los dem\u00e1s. Cuando decid\u00ed cuidar primero mi energ\u00eda y encontr\u00e9 una manera de utilizar mis habilidades en consonancia con mi personalidad, mi vida cambi\u00f3 por completo.\n<\/div>\n<\/div><div class=\"bde-image-65-133 bde-image\">\n<figure class=\"breakdance-image breakdance-image--945\">\n\t<div class=\"breakdance-image-container\">\n\t\t<div class=\"breakdance-image-clip\"><img decoding=\"async\" class=\"breakdance-image-object\" src=\"https:\/\/euny42avh8i.exactdn.com\/coachingtransformativo\/wp-content\/uploads\/2024\/06\/psico-about-1.webp?strip=all&lossy=1&ssl=1\" width=\"963\" height=\"1273\" srcset=\"https:\/\/euny42avh8i.exactdn.com\/coachingtransformativo\/wp-content\/uploads\/2024\/06\/psico-about-1.webp?strip=all&lossy=1&ssl=1 963w, https:\/\/psicoweb.com.es\/coachingtransformativo\/wp-content\/uploads\/2024\/06\/psico-about-1-227x300.webp 227w, https:\/\/psicoweb.com.es\/coachingtransformativo\/wp-content\/uploads\/2024\/06\/psico-about-1-775x1024.webp 775w, https:\/\/psicoweb.com.es\/coachingtransformativo\/wp-content\/uploads\/2024\/06\/psico-about-1-768x1015.webp 768w\" sizes=\"(max-width: 963px) 100vw, 963px\"><\/div>\n\t<\/div><\/figure>\n\n<\/div>\n<\/div><\/div>\n<\/section><section class=\"bde-section-65-113 bde-section\">\n  \n  \n\t\n\n\n\n<div class=\"section-container\"><h2 class=\"bde-heading-65-114 bde-heading\">\nA los acompa\u00f1antes sensibles que ayudan, quiero decirles:\n<\/h2><div class=\"bde-text-65-116 bde-text\">\nNo hay una \u00fanica manera de hacer una diferencia. Est\u00e1 bien replantear el camino que otros han dise\u00f1ado si no coincide contigo. Juntos, podemos hallar la versi\u00f3n m\u00e1s aut\u00e9ntica de apoyo para ti.\n<\/div><div class=\"bde-button-65-115 bde-button\">\n    \n                                    \n    \n    \n    \n    \n            \n                    \n            \n            \n\n    \n    \n    \n    \n    \n    <a class=\"breakdance-link button-atom button-atom--primary bde-button__button\" href=\"https:\/\/psicoweb.com.es\/coachingtransformativo\/contacto\/\" target=\"_self\" data-type=\"url\"  >\n\n    \n        <span class=\"button-atom__text\">Progama una reserva inicial<\/span>\n\n        \n        \n                <\/a>\n\n    \n\n\n<\/div><\/div>\n<\/section><section class=\"bde-section-65-117 bde-section\">\n  \n  \n\t\n\n\n\n<div class=\"section-container\"><div class=\"bde-columns-65-118 bde-columns\"><div class=\"bde-column-65-119 bde-column\">\n  \n  \n\t\n\n\n\n<div class=\"bde-div-65-120 bde-div\">\n  \n  \n\t\n\n\n\n<h3 class=\"bde-heading-65-121 bde-heading\">\nMi educaci\u00f3n, credenciales y certificaciones:\n<\/h3>\n<\/div>\n<\/div><div class=\"bde-column-65-122 bde-column\">\n  \n  \n\t\n\n\n\n<div class=\"bde-rich-text-65-126 bde-rich-text breakdance-rich-text-styles\">\n<ul data-rte-list=\"default\"><li><p class=\"\">Universidad de C\u00f3rdoba, Grado en Psicolog\u00eda<\/p><\/li><li><p class=\"\">Universidad de C\u00f3rdoba, M\u00e1ster en Psicolog\u00eda General Sanitaria<\/p><\/li><li>M\u00e1ster Universitario en Psicolog\u00eda Aplicada a la Educaci\u00f3n y el Bienestar Social por la Universidad de C\u00f3rdoba<\/li><li><p class=\"\">Invite Change, Programa de formaci\u00f3n de Coach acreditado por la ICF (Federaci\u00f3n Internacional de Coaching)<\/p><\/li><\/ul>\n<\/div>\n<\/div><\/div><\/div>\n<\/section>","protected":false},"excerpt":{"rendered":"<p>No necesitas pasarlo mal para ser mejor profesional Puedes usar tus habilidades de maneras que te hagan sentir bien Me motiva profundamente ayudar a los terapeutas sensibles a evitar el agotamiento porque yo misma soy una terapeuta sensible que lo experiment\u00f3. Despu\u00e9s de solo seis meses como trabajadora social cl\u00ednica en salud mental comunitaria, ya [&hellip;]<\/p>\n","protected":false},"author":1,"featured_media":0,"parent":0,"menu_order":0,"comment_status":"closed","ping_status":"closed","template":"","meta":{"_breakdance_hide_in_design_set":false,"_breakdance_tags":"","footnotes":""},"class_list":["post-65","page","type-page","status-publish","hentry"],"_links":{"self":[{"href":"https:\/\/psicoweb.com.es\/coachingtransformativo\/wp-json\/wp\/v2\/pages\/65","targetHints":{"allow":["GET"]}}],"collection":[{"href":"https:\/\/psicoweb.com.es\/coachingtransformativo\/wp-json\/wp\/v2\/pages"}],"about":[{"href":"https:\/\/psicoweb.com.es\/coachingtransformativo\/wp-json\/wp\/v2\/types\/page"}],"author":[{"embeddable":true,"href":"https:\/\/psicoweb.com.es\/coachingtransformativo\/wp-json\/wp\/v2\/users\/1"}],"replies":[{"embeddable":true,"href":"https:\/\/psicoweb.com.es\/coachingtransformativo\/wp-json\/wp\/v2\/comments?post=65"}],"version-history":[{"count":0,"href":"https:\/\/psicoweb.com.es\/coachingtransformativo\/wp-json\/wp\/v2\/pages\/65\/revisions"}],"wp:attachment":[{"href":"https:\/\/psicoweb.com.es\/coachingtransformativo\/wp-json\/wp\/v2\/media?parent=65"}],"curies":[{"name":"wp","href":"https:\/\/api.w.org\/{rel}","templated":true}]}}