{"id":5,"date":"2024-05-03T20:39:54","date_gmt":"2024-05-03T20:39:54","guid":{"rendered":"http:\/\/demo.psicoweb.co\/coachingtransformativo\/?page_id=5"},"modified":"2025-02-23T13:04:58","modified_gmt":"2025-02-23T13:04:58","slug":"inicio","status":"publish","type":"page","link":"https:\/\/psicoweb.com.es\/coachingtransformativo\/","title":{"rendered":"Inicio"},"content":{"rendered":"<section class=\"bde-section-5-145 bde-section\">\n  \n  \n\t\n\n\n\n<div class=\"section-container\"><h1 class=\"bde-heading-5-146 bde-heading\">\nCoaching de bienestar para sanitarios, terapeutas, y profesionales del bienestar<br>\n<\/h1><h2 class=\"bde-heading-5-148 bde-heading\">\nNo tienes que hacerlo solo<br>\n<\/h2><div class=\"bde-button-5-149 bde-button\">\n    \n                                    \n    \n    \n    \n    \n            \n                    \n            \n            \n\n    \n    \n    \n    \n    \n    <a class=\"breakdance-link button-atom button-atom--primary bde-button__button\" href=\"https:\/\/psicoweb.com.es\/coachingtransformativo\/contacto\/\" target=\"_self\" data-type=\"url\"  >\n\n    \n        <span class=\"button-atom__text\">Obtener apoyo<\/span>\n\n        \n        \n                <\/a>\n\n    \n\n\n<\/div><\/div>\n<\/section><section class=\"bde-section-5-147 bde-section\">\n  \n  \n\t\n\n\n\n<div class=\"section-container\"><div class=\"bde-icon-5-218 bde-icon\">\n\n    \n            <div class=\"bde-icon-icon breakdance-icon-atom\" >\n    \n                    <svg xmlns=\"http:\/\/www.w3.org\/2000\/svg\" id=\"icon-sun\" viewBox=\"0 0 32 32\">\n<path d=\"M16 26c1.105 0 2 0.895 2 2v2c0 1.105-0.895 2-2 2s-2-0.895-2-2v-2c0-1.105 0.895-2 2-2zM16 6c-1.105 0-2-0.895-2-2v-2c0-1.105 0.895-2 2-2s2 0.895 2 2v2c0 1.105-0.895 2-2 2zM30 14c1.105 0 2 0.895 2 2s-0.895 2-2 2h-2c-1.105 0-2-0.895-2-2s0.895-2 2-2h2zM6 16c0 1.105-0.895 2-2 2h-2c-1.105 0-2-0.895-2-2s0.895-2 2-2h2c1.105 0 2 0.895 2 2zM25.899 23.071l1.414 1.414c0.781 0.781 0.781 2.047 0 2.828s-2.047 0.781-2.828 0l-1.414-1.414c-0.781-0.781-0.781-2.047 0-2.828s2.047-0.781 2.828 0zM6.101 8.929l-1.414-1.414c-0.781-0.781-0.781-2.047 0-2.828s2.047-0.781 2.828 0l1.414 1.414c0.781 0.781 0.781 2.047 0 2.828s-2.047 0.781-2.828 0zM25.899 8.929c-0.781 0.781-2.047 0.781-2.828 0s-0.781-2.047 0-2.828l1.414-1.414c0.781-0.781 2.047-0.781 2.828 0s0.781 2.047 0 2.828l-1.414 1.414zM6.101 23.071c0.781-0.781 2.047-0.781 2.828 0s0.781 2.047 0 2.828l-1.414 1.414c-0.781 0.781-2.047 0.781-2.828 0s-0.781-2.047 0-2.828l1.414-1.414z\"\/>\n<path d=\"M16 8c-4.418 0-8 3.582-8 8s3.582 8 8 8c4.418 0 8-3.582 8-8s-3.582-8-8-8zM16 21c-2.761 0-5-2.239-5-5s2.239-5 5-5 5 2.239 5 5-2.239 5-5 5z\"\/>\n<\/svg>\n        \n        \n        \n            <\/div>\n    \n\n\n<\/div><div class=\"bde-text-5-151 bde-text\">\nComo terapeuta con una intuici\u00f3n notable o practicante hol\u00edstico, tienes la capacidad de vincularte con tus clientes de manera que te hace extremadamente competente en tu labor. Sin embargo, esta sensibilidad energ\u00e9tica puede implicar un mayor riesgo de agotamiento. Estoy aqu\u00ed para ayudarte a manejar el estr\u00e9s asociado a tu trabajo y convertir esa sensibilidad en tu fortaleza.\n<\/div><\/div>\n<\/section><section class=\"bde-section-5-152 bde-section\">\n  \n  \n\t\n\n\n\n<div class=\"section-container\"><div class=\"bde-div-5-153 bde-div\">\n  \n  \n\t\n\n\n\n<div class=\"bde-div-5-159 bde-div\">\n  \n  \n\t\n\n\n\n<div class=\"bde-div-5-163 bde-div\">\n  \n  \n\t\n\n\n\n<h3 class=\"bde-heading-5-160 bde-heading\">\n\u00a1Hola! soy Ester,\n<\/h3><div class=\"bde-text-5-161 bde-text\">\nY trabajo con terapeutas altamente sensibles o emp\u00e1ticos que desean crear una trayectoria profesional intencional. Soy entrenadora y terapeuta autorizada con m\u00e1s de quince a\u00f1os de experiencia en este campo. Como ayudante altamente sensible, tuve que aprender a crear el ambiente de trabajo adecuado y apoyarme en mi arquetipo profesional ideal para evitar el agotamiento y ser fiel a m\u00ed mismo. Mi objetivo es ayudarte a encontrar un trabajo que te resulte satisfactorio y aut\u00e9ntico, incluso si eso implica explorar carreras profesionales que nunca hab\u00edas considerado. <br><br>Mi enfoque en el coaching es m\u00e1s compasivo que el de otros coaches, ya que creo en ayudarte a profundizar tu propia conciencia de ti mismo y llegar a soluciones m\u00e1s aut\u00e9nticas. Estoy aqu\u00ed para ser tu gu\u00eda mientras descubres tu camino hacia la realizaci\u00f3n profesional.\n<\/div><div class=\"bde-button-5-162 bde-button\">\n    \n                                    \n    \n    \n    \n    \n            \n                    \n            \n            \n\n    \n    \n    \n    \n    \n    <a class=\"breakdance-link button-atom button-atom--primary bde-button__button\" href=\"https:\/\/psicoweb.com.es\/coachingtransformativo\/contacto\/\" target=\"_self\" data-type=\"url\"  >\n\n    \n        <span class=\"button-atom__text\">Reserva una consulta<\/span>\n\n        \n        \n                <\/a>\n\n    \n\n\n<\/div>\n<\/div>\n<\/div>\n<\/div><\/div>\n<\/section><section class=\"bde-section-5-221 bde-section\">\n  \n  \n\t\n\n\n\n<div class=\"section-container\"><div class=\"bde-div-5-222 bde-div\">\n  \n  \n\t\n\n\n\n<div class=\"bde-div-5-223 bde-div\">\n  \n  \n\t\n\n\n\n<h3 class=\"bde-heading-5-228 bde-heading\">\n\u00a1Hola! soy Ester,\n<\/h3><div class=\"bde-text-5-229 bde-text\">\nY trabajo con terapeutas altamente sensibles o emp\u00e1ticos que desean crear una trayectoria profesional intencional. Soy entrenadora y terapeuta autorizada con m\u00e1s de quince a\u00f1os de experiencia en este campo. Como ayudante altamente sensible, tuve que aprender a crear el ambiente de trabajo adecuado y apoyarme en mi arquetipo profesional ideal para evitar el agotamiento y ser fiel a m\u00ed mismo. Mi objetivo es ayudarte a encontrar un trabajo que te resulte satisfactorio y aut\u00e9ntico, incluso si eso implica explorar carreras profesionales que nunca hab\u00edas considerado. <br><br>Mi enfoque en el coaching es m\u00e1s compasivo que el de otros coaches, ya que creo en ayudarte a profundizar tu propia conciencia de ti mismo y llegar a soluciones m\u00e1s aut\u00e9nticas. Estoy aqu\u00ed para ser tu gu\u00eda mientras descubres tu camino hacia la realizaci\u00f3n profesional.\n<\/div><div class=\"bde-button-5-230 bde-button\">\n    \n                                    \n    \n    \n    \n    \n            \n                    \n            \n            \n\n    \n    \n    \n    \n    \n    <a class=\"breakdance-link button-atom button-atom--primary bde-button__button\" href=\"https:\/\/psicoweb.com.es\/coachingtransformativo\/contacto\/\" target=\"_self\" data-type=\"url\"  >\n\n    \n        <span class=\"button-atom__text\">Reserva una consulta<\/span>\n\n        \n        \n                <\/a>\n\n    \n\n\n<\/div>\n<\/div><div class=\"bde-image-5-227 bde-image\">\n<figure class=\"breakdance-image breakdance-image--936\">\n\t<div class=\"breakdance-image-container\">\n\t\t<div class=\"breakdance-image-clip\"><img decoding=\"async\" class=\"breakdance-image-object\" src=\"https:\/\/euny42avh8i.exactdn.com\/coachingtransformativo\/wp-content\/uploads\/2024\/06\/psico-inicio-4.webp?strip=all&lossy=1&ssl=1\" width=\"1067\" height=\"1359\" srcset=\"https:\/\/euny42avh8i.exactdn.com\/coachingtransformativo\/wp-content\/uploads\/2024\/06\/psico-inicio-4.webp?strip=all&lossy=1&ssl=1 1067w, https:\/\/psicoweb.com.es\/coachingtransformativo\/wp-content\/uploads\/2024\/06\/psico-inicio-4-236x300.webp 236w, https:\/\/psicoweb.com.es\/coachingtransformativo\/wp-content\/uploads\/2024\/06\/psico-inicio-4-804x1024.webp 804w, https:\/\/psicoweb.com.es\/coachingtransformativo\/wp-content\/uploads\/2024\/06\/psico-inicio-4-768x978.webp 768w\" sizes=\"(max-width: 1067px) 100vw, 1067px\"><\/div>\n\t<\/div><\/figure>\n\n<\/div>\n<\/div><\/div>\n<\/section><section class=\"bde-section-5-164 bde-section\">\n  \n  \n\t\n\n\n\n<div class=\"section-container\"><div class=\"bde-columns-5-165 bde-columns\"><div class=\"bde-column-5-166 bde-column\">\n  \n  \n\t\n\n\n\n<div class=\"bde-div-5-179 bde-div\">\n  \n  \n\t\n\n\n\n<h2 class=\"bde-heading-5-167 bde-heading\">\nPor qu\u00e9 hago <br>lo que hago\n<\/h2>\n<\/div>\n<\/div><div class=\"bde-column-5-168 bde-column\">\n  \n  \n\t\n\n\n\n<p class=\"bde-text-5-169 bde-text\">\nDespu\u00e9s de s\u00f3lo seis meses como trabajadora social cl\u00ednica, me qued\u00e9 exhausto. El trabajo para el que hab\u00eda pasado a\u00f1os entren\u00e1ndome era muy exigente emocionalmente y sent\u00eda la expectativa de desarrollar una piel m\u00e1s gruesa, ser menos sensible y, en \u00faltima instancia, cambiar qui\u00e9n era para que esta carrera funcionara para m\u00ed.<br><br>Creo que los terapeutas\/ayudantes necesitan m\u00e1s apoyo. Nos beneficiamos de la supervisi\u00f3n y la conexi\u00f3n con nuestros compa\u00f1eros, pero cuando somos energ\u00e9ticamente sensibles, este trabajo puede presentar desaf\u00edos \u00fanicos y a menudo pasados \u200b\u200bpor alto.\n<\/p><div class=\"bde-div-5-170 bde-div\">\n  \n  \n\t\n\n\n\n<div class=\"bde-button-5-171 bde-button\">\n    \n                                    \n    \n    \n    \n    \n            \n                    \n            \n            \n\n    \n    \n    \n    \n    \n    <a class=\"breakdance-link button-atom button-atom--primary bde-button__button\" href=\"https:\/\/psicoweb.com.es\/coachingtransformativo\/sobre-mi\/\" target=\"_self\" data-type=\"url\"  >\n\n    \n        <span class=\"button-atom__text\">M\u00e1s sobre mi historia<\/span>\n\n        \n        \n                <\/a>\n\n    \n\n\n<\/div>\n<\/div>\n<\/div><\/div><\/div>\n<\/section><section class=\"bde-section-5-188 bde-section\">\n  \n  \n\t\n\n\n\n<div class=\"section-container\"><div class=\"bde-advancedslider-5-192 bde-advancedslider\">\n<div class=\"breakdance-swiper-wrapper\" data-swiper-id=\"192\">\n  <div class=\"swiper\">\n    <div class=\"swiper-wrapper\">\n      <div class=\"bde-advancedslide-5-193 bde-advancedslide swiper-slide\">\n<div class=\"advanced-slider__slide\">\n  <div class=\"bde-icon-5-211 bde-icon\">\n\n    \n            <div class=\"bde-icon-icon breakdance-icon-atom\" >\n    \n                    <svg xmlns=\"http:\/\/www.w3.org\/2000\/svg\" id=\"icon-quotes-left\" viewBox=\"0 0 32 32\">\n<path d=\"M7.031 14c3.866 0 7 3.134 7 7s-3.134 7-7 7-7-3.134-7-7l-0.031-1c0-7.732 6.268-14 14-14v4c-2.671 0-5.182 1.040-7.071 2.929-0.364 0.364-0.695 0.751-0.995 1.157 0.357-0.056 0.724-0.086 1.097-0.086zM25.031 14c3.866 0 7 3.134 7 7s-3.134 7-7 7-7-3.134-7-7l-0.031-1c0-7.732 6.268-14 14-14v4c-2.671 0-5.182 1.040-7.071 2.929-0.364 0.364-0.695 0.751-0.995 1.157 0.358-0.056 0.724-0.086 1.097-0.086z\"\/>\n<\/svg>\n        \n        \n        \n            <\/div>\n    \n\n\n<\/div><p class=\"bde-text-5-195 bde-text\">\nEster fue como un b\u00e1lsamo para mi alma de PAS, exhausta y desgastada por el trabajo. Su presencia calmante y reconfortante me ayud\u00f3 a relajarme y concentrarme. Me sent\u00ed aliviada al estar con ella, como si un peso se hubiera levantado de mis hombros. Su energ\u00eda positiva y su apoyo incondicional fueron exactamente lo que necesitaba en ese momento. Estoy agradecida por su amistad y por el alivio que me brind\u00f3.\n<\/p><h6 class=\"bde-heading-5-197 bde-heading\">\n- Josefa Hern\u00e1ndez, Psic\u00f3loga Cl\u00ednica\n<\/h6>\n<\/div>\n<\/div><div class=\"bde-advancedslide-5-199 bde-advancedslide swiper-slide\">\n<div class=\"advanced-slider__slide\">\n  <div class=\"bde-icon-5-212 bde-icon\">\n\n    \n            <div class=\"bde-icon-icon breakdance-icon-atom\" >\n    \n                    <svg xmlns=\"http:\/\/www.w3.org\/2000\/svg\" id=\"icon-quotes-left\" viewBox=\"0 0 32 32\">\n<path d=\"M7.031 14c3.866 0 7 3.134 7 7s-3.134 7-7 7-7-3.134-7-7l-0.031-1c0-7.732 6.268-14 14-14v4c-2.671 0-5.182 1.040-7.071 2.929-0.364 0.364-0.695 0.751-0.995 1.157 0.357-0.056 0.724-0.086 1.097-0.086zM25.031 14c3.866 0 7 3.134 7 7s-3.134 7-7 7-7-3.134-7-7l-0.031-1c0-7.732 6.268-14 14-14v4c-2.671 0-5.182 1.040-7.071 2.929-0.364 0.364-0.695 0.751-0.995 1.157 0.358-0.056 0.724-0.086 1.097-0.086z\"\/>\n<\/svg>\n        \n        \n        \n            <\/div>\n    \n\n\n<\/div><p class=\"bde-text-5-201 bde-text\">\nEntrenar con Ester me hace sentir escuchada, valorada, equilibrada y llena de energ\u00eda. \u00a1Ella es \u00fanica en un mill\u00f3n! Su dedicaci\u00f3n, conocimiento y apoyo hacen que cada sesi\u00f3n de entrenamiento sea una experiencia incre\u00edble. Estoy agradecida de tenerla como mi entrenadora, ya que su pasi\u00f3n por ayudar a sus clientes a alcanzar sus metas es verdaderamente inspiradora.\n<\/p><h6 class=\"bde-heading-5-203 bde-heading\">\n- Sara Normand, Facilitadora de Meditaci\u00f3n y Mindfulness\n<\/h6>\n<\/div>\n<\/div><div class=\"bde-advancedslide-5-205 bde-advancedslide swiper-slide\">\n<div class=\"advanced-slider__slide\">\n  <div class=\"bde-icon-5-213 bde-icon\">\n\n    \n            <div class=\"bde-icon-icon breakdance-icon-atom\" >\n    \n                    <svg xmlns=\"http:\/\/www.w3.org\/2000\/svg\" id=\"icon-quotes-left\" viewBox=\"0 0 32 32\">\n<path d=\"M7.031 14c3.866 0 7 3.134 7 7s-3.134 7-7 7-7-3.134-7-7l-0.031-1c0-7.732 6.268-14 14-14v4c-2.671 0-5.182 1.040-7.071 2.929-0.364 0.364-0.695 0.751-0.995 1.157 0.357-0.056 0.724-0.086 1.097-0.086zM25.031 14c3.866 0 7 3.134 7 7s-3.134 7-7 7-7-3.134-7-7l-0.031-1c0-7.732 6.268-14 14-14v4c-2.671 0-5.182 1.040-7.071 2.929-0.364 0.364-0.695 0.751-0.995 1.157 0.358-0.056 0.724-0.086 1.097-0.086z\"\/>\n<\/svg>\n        \n        \n        \n            <\/div>\n    \n\n\n<\/div><p class=\"bde-text-5-207 bde-text\">\nGracias a las sesiones de coaching, he aprendido a manejar el estr\u00e9s de manera m\u00e1s efectiva, identificar mis fortalezas y debilidades, y establecer metas realistas que me motiven a alcanzar mis objetivos. Ester me ha brindado herramientas y t\u00e9cnicas que me han ayudado a mejorar mi desempe\u00f1o laboral y a encontrar un mayor equilibrio entre mi vida personal y profesional. \n<\/p><h6 class=\"bde-heading-5-209 bde-heading\">\n- Alejandro Mesina, Fisioterapeuta\n<\/h6>\n<\/div>\n<\/div>\n    <\/div>\n  <\/div>\n\n              <div class=\"swiper-button-prev\">\n            \n        <\/div>\n        <div class=\"swiper-button-next\">\n            \n        <\/div>\n    \n    \n<\/div>\n\n<\/div><\/div>\n<\/section><section class=\"bde-section-5-214 bde-section\">\n  \n  \n\t\n\n\n\n<div class=\"section-container\"><h2 class=\"bde-heading-5-215 bde-heading\">\nObt\u00e9n apoyo antes de que ocurra el agotamiento\n<\/h2><div class=\"bde-button-5-216 bde-button\">\n    \n                                    \n    \n    \n    \n    \n            \n                    \n            \n            \n\n    \n    \n    \n    \n    \n    <a class=\"breakdance-link button-atom button-atom--primary bde-button__button\" href=\"https:\/\/psicoweb.com.es\/coachingtransformativo\/contacto\/\" target=\"_self\" data-type=\"url\"  >\n\n    \n        <span class=\"button-atom__text\">Progama una reserva inicial<\/span>\n\n        \n        \n                <\/a>\n\n    \n\n\n<\/div><\/div>\n<\/section>","protected":false},"excerpt":{"rendered":"<p>Coaching de bienestar para sanitarios, terapeutas, y profesionales del bienestar No tienes que hacerlo solo Obtener apoyo Como terapeuta con una intuici\u00f3n notable o practicante hol\u00edstico, tienes la capacidad de vincularte con tus clientes de manera que te hace extremadamente competente en tu labor. Sin embargo, esta sensibilidad energ\u00e9tica puede implicar un mayor riesgo de [&hellip;]<\/p>\n","protected":false},"author":1,"featured_media":0,"parent":0,"menu_order":0,"comment_status":"closed","ping_status":"closed","template":"","meta":{"_breakdance_hide_in_design_set":false,"_breakdance_tags":"","footnotes":""},"class_list":["post-5","page","type-page","status-publish","hentry"],"_links":{"self":[{"href":"https:\/\/psicoweb.com.es\/coachingtransformativo\/wp-json\/wp\/v2\/pages\/5","targetHints":{"allow":["GET"]}}],"collection":[{"href":"https:\/\/psicoweb.com.es\/coachingtransformativo\/wp-json\/wp\/v2\/pages"}],"about":[{"href":"https:\/\/psicoweb.com.es\/coachingtransformativo\/wp-json\/wp\/v2\/types\/page"}],"author":[{"embeddable":true,"href":"https:\/\/psicoweb.com.es\/coachingtransformativo\/wp-json\/wp\/v2\/users\/1"}],"replies":[{"embeddable":true,"href":"https:\/\/psicoweb.com.es\/coachingtransformativo\/wp-json\/wp\/v2\/comments?post=5"}],"version-history":[{"count":0,"href":"https:\/\/psicoweb.com.es\/coachingtransformativo\/wp-json\/wp\/v2\/pages\/5\/revisions"}],"wp:attachment":[{"href":"https:\/\/psicoweb.com.es\/coachingtransformativo\/wp-json\/wp\/v2\/media?parent=5"}],"curies":[{"name":"wp","href":"https:\/\/api.w.org\/{rel}","templated":true}]}}