{"id":1646,"date":"2024-07-14T17:27:54","date_gmt":"2024-07-14T16:27:54","guid":{"rendered":"https:\/\/demo.psicoweb.co\/circulodearmonia\/restablecimiento-de-contrasena\/"},"modified":"2024-07-20T13:20:02","modified_gmt":"2024-07-20T12:20:02","slug":"restablecimiento-de-contrasena","status":"publish","type":"page","link":"https:\/\/psicoweb.com.es\/circulodearmonia\/restablecimiento-de-contrasena\/","title":{"rendered":"Restablecimiento de contrase\u00f1a"},"content":{"rendered":"<section class=\"bde-section-1646-100 bde-section\">\n  \n  \n\t\n\n\n\n<div class=\"section-container\"><div class=\"bde-shortcode-1646-101 bde-shortcode\">\n<div class=\"academy-password-reset-form-wrapper\">\n\t\t\t<h2 class=\"academy-password-reset-form-heading\">Restablecer su contrase\u00f1a<\/h2>\n\t\t\t<div class=\"academy-password-reset-form-status\"><\/div>\n\t<form id=\"academy_reset_form\" class=\"academy-password-reset-form\" action=\"#\" method=\"post\">\n\t\t<input type=\"hidden\" id=\"_wpnonce\" name=\"_wpnonce\" value=\"41cb902c1e\" \/><input type=\"hidden\" name=\"_wp_http_referer\" value=\"\/circulodearmonia\/wp-json\/wp\/v2\/pages\/1646\" \/>\t\t<div class=\"academy-form-group\">\n\t\t\t\t\t\t<label for=\"username\">Nombre de usuario o direcci\u00f3n de correo electr\u00f3nico<\/label>\n\t\t\t\t\t\t\t<input id=\"username\" type=\"text\" class=\"academy-form-control\" name=\"username\" value=\"\">\n\t\t<\/div>\n\t\t\t\t<div class=\"academy-form-group\">\n\t\t\t<button class=\"academy-btn academy-btn--bg-purple\" type=\"submit\">Obtener nueva contrase\u00f1a<\/button>\n\t\t<\/div>\n\t<\/form>\n\t<p class=\"academy-password-reset-form-info\">\n\t\t<a href=\"https:\/\/psicoweb.com.es\/circulodearmonia\/panel\/\">Atr\u00e1s para Iniciar Sesi\u00f3n<\/a>\n\t<\/p>\n<\/div>\n\n<\/div><\/div>\n<\/section>","protected":false},"excerpt":{"rendered":"<p>Restablecer su contrase\u00f1a Nombre de usuario o direcci\u00f3n de correo electr\u00f3nico Obtener nueva contrase\u00f1a Atr\u00e1s para Iniciar Sesi\u00f3n<\/p>\n","protected":false},"author":1,"featured_media":0,"parent":0,"menu_order":0,"comment_status":"closed","ping_status":"closed","template":"academy-canvas.php","meta":{"_surecart_dashboard_logo_width":"180px","_surecart_dashboard_show_logo":true,"_surecart_dashboard_navigation_orders":true,"_surecart_dashboard_navigation_invoices":true,"_surecart_dashboard_navigation_subscriptions":true,"_surecart_dashboard_navigation_downloads":true,"_surecart_dashboard_navigation_billing":true,"_surecart_dashboard_navigation_account":true,"_breakdance_hide_in_design_set":false,"_breakdance_tags":"","footnotes":""},"class_list":["post-1646","page","type-page","status-publish","hentry"],"_links":{"self":[{"href":"https:\/\/psicoweb.com.es\/circulodearmonia\/wp-json\/wp\/v2\/pages\/1646","targetHints":{"allow":["GET"]}}],"collection":[{"href":"https:\/\/psicoweb.com.es\/circulodearmonia\/wp-json\/wp\/v2\/pages"}],"about":[{"href":"https:\/\/psicoweb.com.es\/circulodearmonia\/wp-json\/wp\/v2\/types\/page"}],"author":[{"embeddable":true,"href":"https:\/\/psicoweb.com.es\/circulodearmonia\/wp-json\/wp\/v2\/users\/1"}],"replies":[{"embeddable":true,"href":"https:\/\/psicoweb.com.es\/circulodearmonia\/wp-json\/wp\/v2\/comments?post=1646"}],"version-history":[{"count":0,"href":"https:\/\/psicoweb.com.es\/circulodearmonia\/wp-json\/wp\/v2\/pages\/1646\/revisions"}],"wp:attachment":[{"href":"https:\/\/psicoweb.com.es\/circulodearmonia\/wp-json\/wp\/v2\/media?parent=1646"}],"curies":[{"name":"wp","href":"https:\/\/api.w.org\/{rel}","templated":true}]}}