{"id":1644,"date":"2024-07-14T17:27:54","date_gmt":"2024-07-14T16:27:54","guid":{"rendered":"https:\/\/demo.psicoweb.co\/circulodearmonia\/registro-de-alumnos\/"},"modified":"2024-07-15T19:43:42","modified_gmt":"2024-07-15T18:43:42","slug":"registro-de-alumnos","status":"publish","type":"page","link":"https:\/\/psicoweb.com.es\/circulodearmonia\/registro-de-alumnos\/","title":{"rendered":"Registro de Alumnos"},"content":{"rendered":"<section class=\"bde-section-1644-100 bde-section\">\n  \n  \n\t\n\n\n\n<div class=\"section-container\"><div class=\"bde-shortcode-1644-101 bde-shortcode\">\n<form id=\"academy_student_reg_form\" class=\"academy-reg-form academy-reg-form--student\" method=\"post\" action=\"#\">\n\t<input type=\"hidden\" id=\"_wpnonce\" name=\"_wpnonce\" value=\"3074fca0ed\" \/><input type=\"hidden\" name=\"_wp_http_referer\" value=\"\/circulodearmonia\/wp-json\/wp\/v2\/pages\/1644\" \/>\t\n\t<div class=\"academy-row\">\n\t\t\t\t<div class=\"academy-col academy-form-group\">\n\t\t\t\t\t\t\t\t<label for=\"academy_first-name\">Nombre<\/label>\n\t\t\t\t\t<div>\n\t\t\t\t\t\t<input\n\t\t\t\t\t\t\t\tid=\"academy_first-name\"\n\t\t\t\t\t\t\t\tclass=\"academy-form-control\"\n\t\t\t\t\t\t\t\ttype=\"text\"\n\t\t\t\t\t\t\t\tname=\"first-name\"\n\t\t\t\t\t\t\t\tplaceholder=\"Introduce tu nombre\"\n\t\t\t\t\t\t\t required \t\t\t\t\t\t\/>\n\t\t\t\t\t\t\t\t\t\t\t\t\t\t\t\t\t<\/div>\n\t\t\t\t\t\t\t<\/div>\n\t\t\t\t\t\t<div class=\"academy-col academy-form-group\">\n\t\t\t\t\t\t\t\t<label for=\"academy_last-name\">Apellido<\/label>\n\t\t\t\t\t<div>\n\t\t\t\t\t\t<input\n\t\t\t\t\t\t\t\tid=\"academy_last-name\"\n\t\t\t\t\t\t\t\tclass=\"academy-form-control\"\n\t\t\t\t\t\t\t\ttype=\"text\"\n\t\t\t\t\t\t\t\tname=\"last-name\"\n\t\t\t\t\t\t\t\tplaceholder=\"Introduce tu apellido\"\n\t\t\t\t\t\t\t required \t\t\t\t\t\t\/>\n\t\t\t\t\t\t\t\t\t\t\t\t\t\t\t\t\t<\/div>\n\t\t\t\t\t\t\t<\/div>\n\t\t\t\t<\/div>\n\t\t<div class=\"academy-row\">\n\t\t\t\t<div class=\"academy-col academy-form-group\">\n\t\t\t\t\t\t\t\t<label for=\"academy_email\">Email<\/label>\n\t\t\t\t\t<div>\n\t\t\t\t\t\t<input\n\t\t\t\t\t\t\t\tid=\"academy_email\"\n\t\t\t\t\t\t\t\tclass=\"academy-form-control\"\n\t\t\t\t\t\t\t\ttype=\"text\"\n\t\t\t\t\t\t\t\tname=\"email\"\n\t\t\t\t\t\t\t\tplaceholder=\"Introduce tu Email\"\n\t\t\t\t\t\t\t required \t\t\t\t\t\t\/>\n\t\t\t\t\t\t\t\t\t\t\t\t\t\t\t\t\t<\/div>\n\t\t\t\t\t\t\t<\/div>\n\t\t\t\t\t\t<div class=\"academy-col academy-form-group\">\n\t\t\t\t\t\t\t\t<label for=\"academy_confirm-email\">Confirmar Email<\/label>\n\t\t\t\t\t<div>\n\t\t\t\t\t\t<input\n\t\t\t\t\t\t\t\tid=\"academy_confirm-email\"\n\t\t\t\t\t\t\t\tclass=\"academy-form-control\"\n\t\t\t\t\t\t\t\ttype=\"email\"\n\t\t\t\t\t\t\t\tname=\"confirm-email\"\n\t\t\t\t\t\t\t\tplaceholder=\"Confirma tu Email\"\n\t\t\t\t\t\t\t required \t\t\t\t\t\t\/>\n\t\t\t\t\t\t\t\t\t\t\t\t\t\t\t\t\t<\/div>\n\t\t\t\t\t\t\t<\/div>\n\t\t\t\t<\/div>\n\t\t<div class=\"academy-row\">\n\t\t\t\t<div class=\"academy-col academy-form-group\">\n\t\t\t\t\t\t\t\t<label for=\"academy_password\">Contrase\u00f1a<\/label>\n\t\t\t\t\t<div>\n\t\t\t\t\t\t<input\n\t\t\t\t\t\t\t\tid=\"academy_password\"\n\t\t\t\t\t\t\t\tclass=\"academy-form-control\"\n\t\t\t\t\t\t\t\ttype=\"password\"\n\t\t\t\t\t\t\t\tname=\"password\"\n\t\t\t\t\t\t\t\tplaceholder=\"Introduce tu contrase\u00f1a\"\n\t\t\t\t\t\t\t required \t\t\t\t\t\t\/>\n\t\t\t\t\t\t\t\t\t\t\t\t\t<span id=\"password-icon\" class=\"toggle-password academy-icon academy-icon--eye\"><\/span>\n\t\t\t\t\t\t\t\t\t\t\t\t\t\t\t\t\t<\/div>\n\t\t\t\t\t\t\t<\/div>\n\t\t\t\t\t\t<div class=\"academy-col academy-form-group\">\n\t\t\t\t\t\t\t\t<label for=\"academy_confirm-password\">Confirmar Contrase\u00f1a<\/label>\n\t\t\t\t\t<div>\n\t\t\t\t\t\t<input\n\t\t\t\t\t\t\t\tid=\"academy_confirm-password\"\n\t\t\t\t\t\t\t\tclass=\"academy-form-control\"\n\t\t\t\t\t\t\t\ttype=\"password\"\n\t\t\t\t\t\t\t\tname=\"confirm-password\"\n\t\t\t\t\t\t\t\tplaceholder=\"Confirma tu contrase\u00f1a\"\n\t\t\t\t\t\t\t required \t\t\t\t\t\t\/>\n\t\t\t\t\t\t\t\t\t\t\t\t\t\t\t\t\t\t\t<span id=\"confirm-password-icon\" class=\"toggle-password academy-icon academy-icon--eye\"><\/span>\n\t\t\t\t\t\t\t\t\t\t\t<\/div>\n\t\t\t\t\t\t\t<\/div>\n\t\t\t\t<\/div>\n\t\t<div class=\"academy-row\">\n\t\t\t\t<div class=\"academy-col academy-form-group\">\n\t\t\t\t\t\t\t\t<label for=\"academy_checkbox-field\"><\/label>\n\t\t\t\t\t\t\t\t\t\t\t<div class=\"academy-form-check\">\n\t\t\t\t\t\t\t<label class=\"academy-form-check-label\">\n\t\t\t\t\t\t\t\t<input class=\"academy-form-check-input\"\n\t\t\t\t\t\t\t\ttype=\"checkbox\"\n\t\t\t\t\t\t\t\tvalue=\"a\"\n\t\t\t\t\t\t\t\tid=\"a\"\n\t\t\t\t\t\t\t\tname=\"checkbox-field\"\n\t\t\t\t\t\t\t\t>\n\t\t\t\t\t\t\t\tAceptaci\u00f3n de Pol\u00edtica de Privacidad\t\t\t\t\t\t\t<\/label>\n\t\t\t\t\t\t<\/div>\n\t\t\t\t\t\n\n\t\t\t\t\t\t\t<\/div>\n\t\t\t\t<\/div>\n\t\t<div class=\"academy-row\">\n\t\t\t\t<div class=\"academy-col academy-form-group\">\n\t\t\t\t\t\t\t\t\t\t\t\t\t<button class=\"academy-btn academy-btn--bg-purple\"\n\t\t\t\t\ttype=\"submit\">Registrarme como Estudiante<\/button>\n\t\t\t\t\t\t\t<\/div>\n\t\t\t\t<\/div>\n\t\t<div class=\"academy-register-form-status\"><\/div>\n<\/form>\n\n<\/div><\/div>\n<\/section>","protected":false},"excerpt":{"rendered":"<p>Nombre Apellido Email Confirmar Email Contrase\u00f1a Confirmar Contrase\u00f1a Aceptaci\u00f3n de Pol\u00edtica de Privacidad Registrarme como Estudiante<\/p>\n","protected":false},"author":1,"featured_media":0,"parent":0,"menu_order":0,"comment_status":"closed","ping_status":"closed","template":"academy-canvas.php","meta":{"_surecart_dashboard_logo_width":"180px","_surecart_dashboard_show_logo":true,"_surecart_dashboard_navigation_orders":true,"_surecart_dashboard_navigation_invoices":true,"_surecart_dashboard_navigation_subscriptions":true,"_surecart_dashboard_navigation_downloads":true,"_surecart_dashboard_navigation_billing":true,"_surecart_dashboard_navigation_account":true,"_breakdance_hide_in_design_set":false,"_breakdance_tags":"","footnotes":""},"class_list":["post-1644","page","type-page","status-publish","hentry"],"_links":{"self":[{"href":"https:\/\/psicoweb.com.es\/circulodearmonia\/wp-json\/wp\/v2\/pages\/1644","targetHints":{"allow":["GET"]}}],"collection":[{"href":"https:\/\/psicoweb.com.es\/circulodearmonia\/wp-json\/wp\/v2\/pages"}],"about":[{"href":"https:\/\/psicoweb.com.es\/circulodearmonia\/wp-json\/wp\/v2\/types\/page"}],"author":[{"embeddable":true,"href":"https:\/\/psicoweb.com.es\/circulodearmonia\/wp-json\/wp\/v2\/users\/1"}],"replies":[{"embeddable":true,"href":"https:\/\/psicoweb.com.es\/circulodearmonia\/wp-json\/wp\/v2\/comments?post=1644"}],"version-history":[{"count":0,"href":"https:\/\/psicoweb.com.es\/circulodearmonia\/wp-json\/wp\/v2\/pages\/1644\/revisions"}],"wp:attachment":[{"href":"https:\/\/psicoweb.com.es\/circulodearmonia\/wp-json\/wp\/v2\/media?parent=1644"}],"curies":[{"name":"wp","href":"https:\/\/api.w.org\/{rel}","templated":true}]}}