{"id":65,"date":"2024-05-07T19:55:25","date_gmt":"2024-05-07T19:55:25","guid":{"rendered":"http:\/\/demo.psicoweb.co\/centropsicologiavirtual\/?page_id=65"},"modified":"2024-06-08T00:21:23","modified_gmt":"2024-06-07T23:21:23","slug":"quienes-somos","status":"publish","type":"page","link":"https:\/\/psicoweb.com.es\/centropsicologiavirtual\/quienes-somos\/","title":{"rendered":"Qui\u00e9nes Somos"},"content":{"rendered":"<section class=\"bde-section-65-137 bde-section\">\n              \n  \n  \n\t\n\n  <div class=\"section-background-overlay\"><\/div>\n\n\n<div class=\"section-container\"><div class=\"bde-div-65-138 bde-div\">\n  \n  \n\t\n\n\n\n<p class=\"bde-text-65-139 bde-text\">\nCentro de Psicolog\u00eda Virtual\n<\/p><h1 class=\"bde-heading-65-140 bde-heading bde-preset-ef1ff766-e1be-4191-b814-4c550471c81f\">\nNuestro<br>equipo<br>terap\u00e9utico\n<\/h1><div class=\"bde-div-65-141 bde-div\">\n  \n  \n\t\n\n\n\n<div class=\"bde-button-65-142 bde-button bde-preset-ba9442df-e518-4479-ab29-c13cc59f1c67\">\n    \n                                    \n    \n    \n    \n    \n            \n                    \n            \n                           \n                       \n                 \n\n    \n    \n    \n                    \n    \n    <a class=\"breakdance-link button-atom button-atom--custom bde-button__button\" href=\"#\" target=\"_self\" data-type=\"action\"  data-action='{\"type\":\"popup\",\"popupOptions\":{\"popupId\":\"73\",\"popupAction\":\"open\"}}' >\n\n    \n        <span class=\"button-atom__text\">Agenda una cita<\/span>\n\n        \n        \n                <\/a>\n\n    \n\n\n<\/div>\n<\/div>\n<\/div><\/div>\n<\/section><section class=\"bde-section-65-147 bde-section\">\n              \n  \n  \n\t\n\n  <div class=\"section-background-overlay\"><\/div>\n\n\n<div class=\"section-container\"><div class=\"bde-text-65-148 bde-text\">\n\"Cada desaf\u00edo es una oportunidad disfrazada de salvaci\u00f3n\".\n<\/div><div class=\"bde-text-65-149 bde-text\">\n- Eckhart Tolle\n<\/div><\/div>\n<\/section><section class=\"bde-section-65-143 bde-section\">\n  \n  \n\t\n\n\n\n<div class=\"section-container\"><h2 class=\"bde-heading-65-144 bde-heading\">\nConoce a nuestro equipo de terapia y bienestar\n<\/h2><p class=\"bde-text-65-145 bde-text\">\nNos enorgullecemos de contar con un equipo integrador de terapeutas y profesionales del bienestar excepcionales dedicados a tu bienestar integral. Reconocemos que el bienestar emocional, f\u00edsico y espiritual est\u00e1n inextricablemente vinculados. <br>Y es por eso que ofrecemos un s\u00f3lido conjunto de servicios de terapia personalizada integrados con servicios hol\u00edsticos de salud y bienestar, como hipnoterapia, entrenamiento personal, coaching de vida, coaching diet\u00e9tico y m\u00e1s. \n<\/p><div class=\"bde-video-65-146 bde-video\">\n<div class=\"ee-video-container\">\n            <video class=\"ee-video\" src=\"https:\/\/psicoweb.com.es\/centropsicologiavirtual\/wp-content\/uploads\/2024\/05\/female-freelancer-smiling-and-sitting-while-having-2023-11-30-03-11-56-utc.mp4\"\n                               controls='true'                                                                controlsList=\"nodownload\"                playsinline\n        >\n        <\/video>\n    \n    <\/div>\n\n<\/div><\/div>\n<\/section><section class=\"bde-section-65-151 bde-section\">\n              \n  \n  \n\t\n\n  <div class=\"section-background-overlay\"><\/div>\n\n\n<div class=\"section-container\"><div class=\"bde-columns-65-152 bde-columns\"><div class=\"bde-column-65-153 bde-column\">\n  \n  \n\t\n\n\n\n\n<\/div><div class=\"bde-column-65-154 bde-column\">\n  \n  \n\t\n\n\n\n<h2 class=\"bde-heading-65-155 bde-heading\">\n\u00bfQuieres hablar?\n<\/h2><div class=\"bde-text-65-156 bde-text\">\nNuestros terapeutas c\u00e1lidos y experimentados se especializan en ansiedad, depresi\u00f3n, trauma y relaciones.\n<\/div><div class=\"bde-button-65-157 bde-button bde-preset-6ed74055-6456-4fd9-85a3-e3336f1d0165\">\n    \n                                    \n    \n    \n    \n    \n            \n                    \n            \n            \n\n    \n    \n    \n    \n    \n    <a class=\"breakdance-link button-atom button-atom--custom bde-button__button\" href=\"https:\/\/psicoweb.com.es\/centropsicologiavirtual\/contacto\/\" target=\"_self\" data-type=\"url\"  >\n\n    \n        <span class=\"button-atom__text\">Reserva una llamada gratuita<\/span>\n\n        \n        \n                <\/a>\n\n    \n\n\n<\/div>\n<\/div><\/div><\/div>\n<\/section><section class=\"bde-section-65-133 bde-section\">\n  \n  \n\t\n\n\n\n<div class=\"section-container\"><h2 class=\"bde-heading-65-134 bde-heading bde-preset-5d07339e-d149-4e05-a614-c3d78e3e13d6\">\nNuestro equipo terap\u00e9utico\n<\/h2><p class=\"bde-text-65-135 bde-text\">\nNuestros terapeutas est\u00e1n altamente examinados, no solo por su perspicacia cl\u00ednica, sino tambi\u00e9n por qui\u00e9nes son y su incansable dedicaci\u00f3n a su propio crecimiento personal y profesional.\n<\/p><div class=\"bde-post-list-65-136 bde-post-list\">\n<div class=\"bde-loop bde-loop-grid ee-posts ee-posts-grid\">    <article class=\"bde-loop-item ee-post\">\n                <a class=\"bde-loop-item__image-link ee-post-image-link \" href=\"https:\/\/psicoweb.com.es\/centropsicologiavirtual\/?p=236\" aria-label=\"Ren\u00e9 Hernandez Ejemplo\">\n      <div class=\"bde-loop-item__image ee-post-image\">\n          <img decoding=\"async\" width=\"825\" height=\"720\" src=\"https:\/\/psicoweb.com.es\/centropsicologiavirtual\/wp-content\/uploads\/2024\/05\/confident-mature-business-lady-showing-okay-sign-i-2023-11-27-04-51-39-utc-e1717084229187.webp\" class=\"attachment-full size-full wp-post-image\" alt=\"\" srcset=\"https:\/\/psicoweb.com.es\/centropsicologiavirtual\/wp-content\/uploads\/2024\/05\/confident-mature-business-lady-showing-okay-sign-i-2023-11-27-04-51-39-utc-e1717084229187.webp 825w, https:\/\/psicoweb.com.es\/centropsicologiavirtual\/wp-content\/uploads\/2024\/05\/confident-mature-business-lady-showing-okay-sign-i-2023-11-27-04-51-39-utc-e1717084229187-300x262.webp 300w, https:\/\/psicoweb.com.es\/centropsicologiavirtual\/wp-content\/uploads\/2024\/05\/confident-mature-business-lady-showing-okay-sign-i-2023-11-27-04-51-39-utc-e1717084229187-768x670.webp 768w\" sizes=\"(max-width: 825px) 100vw, 825px\" \/>      <\/div>\n    <\/a>\n  \n      \n    <div class=\"bde-loop-item__wrap ee-post-wrap\">\n      \n          <h3 class=\"ee-post-title\">\n    <a class=\"bde-loop-item__title-link ee-post-title-link\" href=\"https:\/\/psicoweb.com.es\/centropsicologiavirtual\/?p=236\" >\n        Ren\u00e9 Hernandez Ejemplo    <\/a>\n    <\/h3>\n  <ul class=\"bde-loop-item__post-tax ee-post-taxonomy\"><li class=\"bde-loop-item__tax-item ee-post-taxonomy-item\">Argentina<\/li><li class=\"bde-loop-item__tax-item ee-post-taxonomy-item\">Mar del Plata<\/li><\/ul>        <div class=\"bde-loop-item__content ee-post-content\">\n            Mi deseo es\u00a0\u00a0ayudarte a saludar lo doloroso de tu vida como maestro y descubrir las formas&hellip;        <\/div>\n      \n    \n                                    \n    \n    \n    \n    \n            \n                    \n            \n            \n\n    \n    \n    \n    \n    \n    <a class=\"breakdance-link button-atom button-atom--primary bde-loop-item__button ee-post-button\" href=\"https:\/\/psicoweb.com.es\/centropsicologiavirtual\/?p=236\" target=\"_self\" data-type=\"\"  >\n\n    \n        <span class=\"button-atom__text\">Ver Informaci\u00f3n<\/span>\n\n        \n        \n                <\/a>\n\n    \n\n\n\n\n      \n    <\/div>\n\n    <\/article>\n\n        <article class=\"bde-loop-item ee-post\">\n                <a class=\"bde-loop-item__image-link ee-post-image-link \" href=\"https:\/\/psicoweb.com.es\/centropsicologiavirtual\/?p=260\" aria-label=\"\u00c1lex Su\u00e1rez Ejemplo\">\n      <div class=\"bde-loop-item__image ee-post-image\">\n          <img decoding=\"async\" width=\"1080\" height=\"720\" src=\"https:\/\/psicoweb.com.es\/centropsicologiavirtual\/wp-content\/uploads\/2024\/05\/cheerful-positive-red-haired-business-woman-in-cla-2023-11-27-05-28-04-utc.webp\" class=\"attachment-full size-full wp-post-image\" alt=\"\" srcset=\"https:\/\/psicoweb.com.es\/centropsicologiavirtual\/wp-content\/uploads\/2024\/05\/cheerful-positive-red-haired-business-woman-in-cla-2023-11-27-05-28-04-utc.webp 1080w, https:\/\/psicoweb.com.es\/centropsicologiavirtual\/wp-content\/uploads\/2024\/05\/cheerful-positive-red-haired-business-woman-in-cla-2023-11-27-05-28-04-utc-300x200.webp 300w, https:\/\/psicoweb.com.es\/centropsicologiavirtual\/wp-content\/uploads\/2024\/05\/cheerful-positive-red-haired-business-woman-in-cla-2023-11-27-05-28-04-utc-1024x683.webp 1024w, https:\/\/psicoweb.com.es\/centropsicologiavirtual\/wp-content\/uploads\/2024\/05\/cheerful-positive-red-haired-business-woman-in-cla-2023-11-27-05-28-04-utc-768x512.webp 768w\" sizes=\"(max-width: 1080px) 100vw, 1080px\" \/>      <\/div>\n    <\/a>\n  \n      \n    <div class=\"bde-loop-item__wrap ee-post-wrap\">\n      \n          <h3 class=\"ee-post-title\">\n    <a class=\"bde-loop-item__title-link ee-post-title-link\" href=\"https:\/\/psicoweb.com.es\/centropsicologiavirtual\/?p=260\" >\n        \u00c1lex Su\u00e1rez Ejemplo    <\/a>\n    <\/h3>\n  <ul class=\"bde-loop-item__post-tax ee-post-taxonomy\"><li class=\"bde-loop-item__tax-item ee-post-taxonomy-item\">M\u00e9xico<\/li><li class=\"bde-loop-item__tax-item ee-post-taxonomy-item\">Quer\u00e9taro<\/li><\/ul>        <div class=\"bde-loop-item__content ee-post-content\">\n            Mi deseo es\u00a0\u00a0ayudarte a saludar lo doloroso de tu vida como maestro y descubrir las formas&hellip;        <\/div>\n      \n    \n                                    \n    \n    \n    \n    \n            \n                    \n            \n            \n\n    \n    \n    \n    \n    \n    <a class=\"breakdance-link button-atom button-atom--primary bde-loop-item__button ee-post-button\" href=\"https:\/\/psicoweb.com.es\/centropsicologiavirtual\/?p=260\" target=\"_self\" data-type=\"\"  >\n\n    \n        <span class=\"button-atom__text\">Ver Informaci\u00f3n<\/span>\n\n        \n        \n                <\/a>\n\n    \n\n\n\n\n      \n    <\/div>\n\n    <\/article>\n\n        <article class=\"bde-loop-item ee-post\">\n                <a class=\"bde-loop-item__image-link ee-post-image-link \" href=\"https:\/\/psicoweb.com.es\/centropsicologiavirtual\/?p=263\" aria-label=\"Leo V\u00e1squez Ejemplo\">\n      <div class=\"bde-loop-item__image ee-post-image\">\n          <img decoding=\"async\" width=\"1080\" height=\"720\" src=\"https:\/\/psicoweb.com.es\/centropsicologiavirtual\/wp-content\/uploads\/2024\/05\/cheerful-mature-european-businessman-showing-okay-2023-11-27-05-32-29-utc.webp\" class=\"attachment-full size-full wp-post-image\" alt=\"\" srcset=\"https:\/\/psicoweb.com.es\/centropsicologiavirtual\/wp-content\/uploads\/2024\/05\/cheerful-mature-european-businessman-showing-okay-2023-11-27-05-32-29-utc.webp 1080w, https:\/\/psicoweb.com.es\/centropsicologiavirtual\/wp-content\/uploads\/2024\/05\/cheerful-mature-european-businessman-showing-okay-2023-11-27-05-32-29-utc-300x200.webp 300w, https:\/\/psicoweb.com.es\/centropsicologiavirtual\/wp-content\/uploads\/2024\/05\/cheerful-mature-european-businessman-showing-okay-2023-11-27-05-32-29-utc-1024x683.webp 1024w, https:\/\/psicoweb.com.es\/centropsicologiavirtual\/wp-content\/uploads\/2024\/05\/cheerful-mature-european-businessman-showing-okay-2023-11-27-05-32-29-utc-768x512.webp 768w\" sizes=\"(max-width: 1080px) 100vw, 1080px\" \/>      <\/div>\n    <\/a>\n  \n      \n    <div class=\"bde-loop-item__wrap ee-post-wrap\">\n      \n          <h3 class=\"ee-post-title\">\n    <a class=\"bde-loop-item__title-link ee-post-title-link\" href=\"https:\/\/psicoweb.com.es\/centropsicologiavirtual\/?p=263\" >\n        Leo V\u00e1squez Ejemplo    <\/a>\n    <\/h3>\n  <ul class=\"bde-loop-item__post-tax ee-post-taxonomy\"><li class=\"bde-loop-item__tax-item ee-post-taxonomy-item\">Espa\u00f1a<\/li><li class=\"bde-loop-item__tax-item ee-post-taxonomy-item\">Oviedo<\/li><\/ul>        <div class=\"bde-loop-item__content ee-post-content\">\n            Mi deseo es\u00a0\u00a0ayudarte a saludar lo doloroso de tu vida como maestro y descubrir las formas&hellip;        <\/div>\n      \n    \n                                    \n    \n    \n    \n    \n            \n                    \n            \n            \n\n    \n    \n    \n    \n    \n    <a class=\"breakdance-link button-atom button-atom--primary bde-loop-item__button ee-post-button\" href=\"https:\/\/psicoweb.com.es\/centropsicologiavirtual\/?p=263\" target=\"_self\" data-type=\"\"  >\n\n    \n        <span class=\"button-atom__text\">Ver Informaci\u00f3n<\/span>\n\n        \n        \n                <\/a>\n\n    \n\n\n\n\n      \n    <\/div>\n\n    <\/article>\n\n    <\/div>\n<\/div><\/div>\n<\/section><section class=\"bde-section-65-158 bde-section\">\n  \n  \n\t\n\n\n\n<div class=\"section-container\"><h2 class=\"bde-heading-65-159 bde-heading\">\nEncuetra tu terapeuta perfecto\n<\/h2><div class=\"bde-text-65-160 bde-text\">\nHablemos previamente para acercarte al terapeuta c\u00e1lido y experimentado que mejor se adapte a tu horario y preferencias.\n<\/div><div class=\"bde-button-65-161 bde-button bde-preset-6ed74055-6456-4fd9-85a3-e3336f1d0165\">\n    \n                                    \n    \n    \n    \n    \n            \n                    \n            \n            \n\n    \n    \n    \n    \n    \n    <a class=\"breakdance-link button-atom button-atom--custom bde-button__button\" href=\"https:\/\/psicoweb.com.es\/centropsicologiavirtual\/contacto\/\" target=\"_self\" data-type=\"url\"  >\n\n    \n        <span class=\"button-atom__text\">Reserva una llamada gratuita<\/span>\n\n        \n        \n                <\/a>\n\n    \n\n\n<\/div><\/div>\n<\/section><section class=\"bde-section-65-162 bde-section\">\n  \n  \n\t\n\n\n\n<div class=\"section-container\"><h2 class=\"bde-heading-65-163 bde-heading bde-preset-5d07339e-d149-4e05-a614-c3d78e3e13d6\">\nTerapia integrativa para el bienestar\n<\/h2><div class=\"bde-text-65-164 bde-text\">\nSanaci\u00f3n integral para la mente, el cuerpo y el esp\u00edritu\n<\/div><div class=\"bde-text-65-165 bde-text\">\nDesde coaching de vida y entrenamiento personal hasta hipnoterapia y programaci\u00f3n neuroling\u00fc\u00edstica (PNL), sea cual sea la transformaci\u00f3n que est\u00e9 buscando, nuestro equipo integrador de profesionales del bienestar est\u00e1 a su disposici\u00f3n para brindarle atenci\u00f3n personalizada que integre todos los aspectos de su bienestar para una curaci\u00f3n integral que aborda la mente, el cuerpo y el esp\u00edritu. \n<\/div><\/div>\n<\/section><section class=\"bde-section-65-166 bde-section\">\n  \n  \n\t\n\n\n\n<div class=\"section-container\"><h2 class=\"bde-heading-65-167 bde-heading bde-preset-eb1a1b42-f0f6-410a-8fc8-e34c75ea89e7\">\nPor qu\u00e9 elegirnos\n<\/h2><div class=\"bde-checkmark-list-65-168 bde-checkmark-list\">\n<ul>\n  \n              \n              \n    <li>\n      <span class='bde-checkmark-list__icon bde-checkmark-list__icon_yes '>\n                  <svg xmlns=\"http:\/\/www.w3.org\/2000\/svg\" viewBox=\"0 0 512 512\"><!-- Font Awesome Free 5.15.1 by @fontawesome - https:\/\/fontawesome.com License - https:\/\/fontawesome.com\/license\/free (Icons: CC BY 4.0, Fonts: SIL OFL 1.1, Code: MIT License) --><path d=\"M173.898 439.404l-166.4-166.4c-9.997-9.997-9.997-26.206 0-36.204l36.203-36.204c9.997-9.998 26.207-9.998 36.204 0L192 312.69 432.095 72.596c9.997-9.997 26.207-9.997 36.204 0l36.203 36.204c9.997 9.997 9.997 26.206 0 36.204l-294.4 294.401c-9.998 9.997-26.207 9.997-36.204-.001z\"\/><\/svg>\n              <\/span>\n      <div >\n        Planes de tratamiento de ansiedad personalizados, personalizados para sus necesidades y preferencias \u00fanicas\n      <\/div>\n\n    <\/li>\n\n  \n              \n              \n    <li>\n      <span class='bde-checkmark-list__icon bde-checkmark-list__icon_yes '>\n                  <svg xmlns=\"http:\/\/www.w3.org\/2000\/svg\" viewBox=\"0 0 512 512\"><!-- Font Awesome Free 5.15.1 by @fontawesome - https:\/\/fontawesome.com License - https:\/\/fontawesome.com\/license\/free (Icons: CC BY 4.0, Fonts: SIL OFL 1.1, Code: MIT License) --><path d=\"M173.898 439.404l-166.4-166.4c-9.997-9.997-9.997-26.206 0-36.204l36.203-36.204c9.997-9.998 26.207-9.998 36.204 0L192 312.69 432.095 72.596c9.997-9.997 26.207-9.997 36.204 0l36.203 36.204c9.997 9.997 9.997 26.206 0 36.204l-294.4 294.401c-9.998 9.997-26.207 9.997-36.204-.001z\"\/><\/svg>\n              <\/span>\n      <div >\n        M\u00e9todos terap\u00e9uticos basados \u200b\u200ben investigaciones con eficacia demostrada para una variedad de trastornos de ansiedad\n      <\/div>\n\n    <\/li>\n\n  \n              \n              \n    <li>\n      <span class='bde-checkmark-list__icon bde-checkmark-list__icon_yes '>\n                  <svg xmlns=\"http:\/\/www.w3.org\/2000\/svg\" viewBox=\"0 0 512 512\"><!-- Font Awesome Free 5.15.1 by @fontawesome - https:\/\/fontawesome.com License - https:\/\/fontawesome.com\/license\/free (Icons: CC BY 4.0, Fonts: SIL OFL 1.1, Code: MIT License) --><path d=\"M173.898 439.404l-166.4-166.4c-9.997-9.997-9.997-26.206 0-36.204l36.203-36.204c9.997-9.998 26.207-9.998 36.204 0L192 312.69 432.095 72.596c9.997-9.997 26.207-9.997 36.204 0l36.203 36.204c9.997 9.997 9.997 26.206 0 36.204l-294.4 294.401c-9.998 9.997-26.207 9.997-36.204-.001z\"\/><\/svg>\n              <\/span>\n      <div >\n        Tratamiento que va m\u00e1s all\u00e1 de los s\u00edntomas de ansiedad y llega a la causa ra\u00edz para obtener resultados duraderos\n      <\/div>\n\n    <\/li>\n\n  \n              \n              \n    <li>\n      <span class='bde-checkmark-list__icon bde-checkmark-list__icon_yes '>\n                  <svg xmlns=\"http:\/\/www.w3.org\/2000\/svg\" viewBox=\"0 0 512 512\"><!-- Font Awesome Free 5.15.1 by @fontawesome - https:\/\/fontawesome.com License - https:\/\/fontawesome.com\/license\/free (Icons: CC BY 4.0, Fonts: SIL OFL 1.1, Code: MIT License) --><path d=\"M173.898 439.404l-166.4-166.4c-9.997-9.997-9.997-26.206 0-36.204l36.203-36.204c9.997-9.998 26.207-9.998 36.204 0L192 312.69 432.095 72.596c9.997-9.997 26.207-9.997 36.204 0l36.203 36.204c9.997 9.997 9.997 26.206 0 36.204l-294.4 294.401c-9.998 9.997-26.207 9.997-36.204-.001z\"\/><\/svg>\n              <\/span>\n      <div >\n        erapeutas c\u00e1lidos y experimentados dedicados a una atenci\u00f3n compasiva y centrada en el cliente para la ansiedad\n      <\/div>\n\n    <\/li>\n\n  <\/ul>\n\n<\/div><div class=\"bde-button-65-169 bde-button bde-preset-6ed74055-6456-4fd9-85a3-e3336f1d0165\">\n    \n                                    \n    \n    \n    \n    \n            \n                    \n            \n            \n\n    \n    \n    \n    \n    \n    <a class=\"breakdance-link button-atom button-atom--custom bde-button__button\" href=\"https:\/\/psicoweb.com.es\/centropsicologiavirtual\/contacto\/\" target=\"_self\" data-type=\"url\"  >\n\n    \n        <span class=\"button-atom__text\">Reserva una llamada gratuita<\/span>\n\n        \n        \n                <\/a>\n\n    \n\n\n<\/div><\/div>\n<\/section><section class=\"bde-section-65-170 bde-section\">\n              \n  \n  \n\t\n\n  <div class=\"section-background-overlay\"><\/div>\n\n\n<div class=\"section-container\"><div class=\"bde-div-65-171 bde-div\">\n  \n  \n\t\n\n\n\n<h2 class=\"bde-heading-65-172 bde-heading\">\nLo que dicen nuestros clientes de terapia\n<\/h2>\n<\/div><div class=\"bde-advancedslider-65-173 bde-advancedslider\">\n<div class=\"breakdance-swiper-wrapper\" data-swiper-id=\"173\">\n  <div class=\"swiper\">\n    <div class=\"swiper-wrapper\">\n      <div class=\"bde-advancedslide-65-174 bde-advancedslide swiper-slide\">\n<div class=\"advanced-slider__slide\">\n  <p class=\"bde-text-65-175 bde-text\">\n\"Gracias a tu ayuda, finalmente empec\u00e9 a comprender que, aunque mi imaginaci\u00f3n v\u00edvida a menudo quiere crear monstruos aterradores debajo de la cama, en muchos casos esos monstruos no son m\u00e1s que un mont\u00f3n de ropa sucia decididamente menos aterradora que he evitado durante demasiado tiempo, eso solo necesita ser aireado y guardado. Lo cual definitivamente es mucho m\u00e1s f\u00e1cil que matar monstruos. Gracias por iluminar los lugares oscuros que ten\u00eda demasiado miedo de enfrentar solo\".\n<\/p><h6 class=\"bde-heading-65-176 bde-heading\">\nCliente An\u00f3nimo\n<\/h6>\n<\/div>\n<\/div><div class=\"bde-advancedslide-65-177 bde-advancedslide swiper-slide\">\n<div class=\"advanced-slider__slide\">\n  <p class=\"bde-text-65-178 bde-text\">\n\"Despu\u00e9s de cada sesi\u00f3n, salgo sinti\u00e9ndome m\u00e1s preparado para comenzar a iluminar las sombras que he estado pasando apresuradamente durante mucho, mucho tiempo...\u00a0algunas son racionales, pero muchas m\u00e1s no lo son. La verg\u00fcenza es un maestro tan sigiloso; ha sido como un peso en mi espalda durante mucho tiempo.\u00a0Lo has entendido por completo.\u00a0Estoy muy agradecido por tu orientaci\u00f3n y habilidad, y aunque a veces puedo ir arrastr\u00e1ndome y otras veces saltando, despu\u00e9s de nuestras sesiones siempre siento que estoy progresando.\"\n<\/p><h6 class=\"bde-heading-65-179 bde-heading\">\nCliente An\u00f3nimo\n<\/h6>\n<\/div>\n<\/div><div class=\"bde-advancedslide-65-180 bde-advancedslide swiper-slide\">\n<div class=\"advanced-slider__slide\">\n  <p class=\"bde-text-65-181 bde-text\">\nQuiero agradecerle una vez m\u00e1s por su constante ayuda y experiencia, y especialmente por la oportunidad de aprendizaje que tuve ayer sobre c\u00f3mo puedo comunicarme de manera m\u00e1s efectiva. Despu\u00e9s de su insistencia, me hizo sentir c\u00f3modo con la idea de que expresar confusi\u00f3n o incluso duda puede ser \u00fatil como activos valiosos en una conversaci\u00f3n, y espero seguir adelante sin imponerme esos l\u00edmites autoimpuestos.\n<\/p><h6 class=\"bde-heading-65-182 bde-heading\">\nCliente An\u00f3nimo\n<\/h6>\n<\/div>\n<\/div><div class=\"bde-advancedslide-65-183 bde-advancedslide swiper-slide\">\n<div class=\"advanced-slider__slide\">\n  <p class=\"bde-text-65-184 bde-text\">\nSolo quer\u00eda compartir la reuni\u00f3n de ayer contigo, y una larga y productiva conversaci\u00f3n en la mesa con mi esposa anoche, comenz\u00f3 a revelar una gran brecha entre la percepci\u00f3n y la realidad en mi comprensi\u00f3n del estatus que ten\u00eda en nuestro matrimonio. Nuestra reuni\u00f3n me abri\u00f3 los ojos al hecho de que la inequidad que he sentido durante mucho tiempo proviene de un lugar de supuesta indignidad.\u00a0Estoy muy agradecido por este viaje que estamos tomando juntos, con tu ayuda, hacia una comprensi\u00f3n m\u00e1s profunda y productiva.\n<\/p><h6 class=\"bde-heading-65-185 bde-heading\">\nCliente An\u00f3nimo\n<\/h6>\n<\/div>\n<\/div><div class=\"bde-advancedslide-65-186 bde-advancedslide swiper-slide\">\n<div class=\"advanced-slider__slide\">\n  <p class=\"bde-text-65-187 bde-text\">\n\"He tenido experiencia con varios terapeutas en el pasado, pero esta es la primera vez que siento que estoy experimentando cambios profundos y duraderos. El asesoramiento que he recibido realmente me ha ayudado a liberarme, incluso de cosas que no sab\u00eda que me estaban afectando. Combina diferentes enfoques para ofrecer una terapia equilibrada y efectiva.\"\n<\/p><h6 class=\"bde-heading-65-188 bde-heading\">\nCliente An\u00f3nimo\n<\/h6>\n<\/div>\n<\/div><div class=\"bde-advancedslide-65-189 bde-advancedslide swiper-slide\">\n<div class=\"advanced-slider__slide\">\n  <p class=\"bde-text-65-190 bde-text\">\nRealmente eres una persona asombrosa.\u00a0Estoy muy agradecido por tu honestidad y amabilidad, de gran coraz\u00f3n y profunda emoci\u00f3n.\u00a0Eres extremadamente intuitivo, perspicaz y sabio. Tienes un talento para escuchar y eres un orador poderoso, apasionado y aut\u00e9ntico.\n<\/p><h6 class=\"bde-heading-65-191 bde-heading\">\nCliente An\u00f3nimo\n<\/h6>\n<\/div>\n<\/div>\n    <\/div>\n  <\/div>\n\n      \n            <div class=\"swiper-pagination\"><\/div>\n    \n<\/div>\n\n<\/div><\/div>\n<\/section><section class=\"bde-section-65-192 bde-section\">\n  \n  \n\t\n\n\n\n<div class=\"section-container\"><h2 class=\"bde-heading-65-193 bde-heading\">\nTerapia personalizada basada en la investigaci\u00f3n\n<\/h2><div class=\"bde-text-65-194 bde-text\">\nTendr\u00e1s un terapeuta c\u00e1lido y experimentado que se especializa en tus inquietudes espec\u00edficas.\n<\/div><div class=\"bde-button-65-195 bde-button bde-preset-6ed74055-6456-4fd9-85a3-e3336f1d0165\">\n    \n                                    \n    \n    \n    \n    \n            \n                    \n            \n            \n\n    \n    \n    \n    \n    \n    <a class=\"breakdance-link button-atom button-atom--custom bde-button__button\" href=\"https:\/\/psicoweb.com.es\/centropsicologiavirtual\/contacto\/\" target=\"_self\" data-type=\"url\"  >\n\n    \n        <span class=\"button-atom__text\">Reserva una llamada gratuita<\/span>\n\n        \n        \n                <\/a>\n\n    \n\n\n<\/div><\/div>\n<\/section>","protected":false},"excerpt":{"rendered":"","protected":false},"author":1,"featured_media":0,"parent":0,"menu_order":0,"comment_status":"closed","ping_status":"closed","template":"","meta":{"_breakdance_hide_in_design_set":false,"_breakdance_tags":"","footnotes":""},"class_list":["post-65","page","type-page","status-publish","hentry"],"_links":{"self":[{"href":"https:\/\/psicoweb.com.es\/centropsicologiavirtual\/wp-json\/wp\/v2\/pages\/65","targetHints":{"allow":["GET"]}}],"collection":[{"href":"https:\/\/psicoweb.com.es\/centropsicologiavirtual\/wp-json\/wp\/v2\/pages"}],"about":[{"href":"https:\/\/psicoweb.com.es\/centropsicologiavirtual\/wp-json\/wp\/v2\/types\/page"}],"author":[{"embeddable":true,"href":"https:\/\/psicoweb.com.es\/centropsicologiavirtual\/wp-json\/wp\/v2\/users\/1"}],"replies":[{"embeddable":true,"href":"https:\/\/psicoweb.com.es\/centropsicologiavirtual\/wp-json\/wp\/v2\/comments?post=65"}],"version-history":[{"count":0,"href":"https:\/\/psicoweb.com.es\/centropsicologiavirtual\/wp-json\/wp\/v2\/pages\/65\/revisions"}],"wp:attachment":[{"href":"https:\/\/psicoweb.com.es\/centropsicologiavirtual\/wp-json\/wp\/v2\/media?parent=65"}],"curies":[{"name":"wp","href":"https:\/\/api.w.org\/{rel}","templated":true}]}}