{"id":59,"date":"2024-05-07T19:54:35","date_gmt":"2024-05-07T19:54:35","guid":{"rendered":"http:\/\/demo.psicoweb.co\/centropsicologiavirtual\/?page_id=59"},"modified":"2024-06-08T00:25:34","modified_gmt":"2024-06-07T23:25:34","slug":"tratamientos","status":"publish","type":"page","link":"https:\/\/psicoweb.com.es\/centropsicologiavirtual\/tratamientos\/","title":{"rendered":"Tratamientos"},"content":{"rendered":"<section class=\"bde-section-59-104 bde-section\">\n              \n  \n  \n\t\n\n  <div class=\"section-background-overlay\"><\/div>\n\n\n<div class=\"section-container\"><div class=\"bde-div-59-105 bde-div\">\n  \n  \n\t\n\n\n\n<p class=\"bde-text-59-106 bde-text\">\nCentro de Psicolog\u00eda Virtual\n<\/p><h1 class=\"bde-heading-59-107 bde-heading bde-preset-ef1ff766-e1be-4191-b814-4c550471c81f\">\nNuestros<br>enfoques y<br>tratamientos\n<\/h1><div class=\"bde-div-59-108 bde-div\">\n  \n  \n\t\n\n\n\n<div class=\"bde-button-59-109 bde-button bde-preset-ba9442df-e518-4479-ab29-c13cc59f1c67\">\n    \n                                    \n    \n    \n    \n    \n            \n                    \n            \n                           \n                       \n                 \n\n    \n    \n    \n                    \n    \n    <a class=\"breakdance-link button-atom button-atom--custom bde-button__button\" href=\"#\" target=\"_self\" data-type=\"action\"  data-action='{\"type\":\"popup\",\"popupOptions\":{\"popupId\":\"73\",\"popupAction\":\"open\"}}' >\n\n    \n        <span class=\"button-atom__text\">Agenda una cita<\/span>\n\n        \n        \n                <\/a>\n\n    \n\n\n<\/div>\n<\/div>\n<\/div><\/div>\n<\/section><section class=\"bde-section-59-116 bde-section\">\n  \n  \n\t\n\n\n\n<div class=\"section-container\"><span class=\"bde-text-59-117 bde-text\">\nNuestros Enfoques Terap\u00e9uticos\n<\/span><h2 class=\"bde-heading-59-118 bde-heading\">\nEn base a estos tratamientos es como te podemos ayudar\n<\/h2><div class=\"bde-post-list-59-119 bde-post-list\">\n<div class=\"bde-loop bde-loop-list ee-posts ee-posts-list\">    <article class=\"bde-loop-item ee-post\">\n                <a class=\"bde-loop-item__image-link ee-post-image-link bde-loop-item__image-left ee-posts-image-left\" href=\"https:\/\/psicoweb.com.es\/centropsicologiavirtual\/?p=203\" aria-label=\"Terapia de Aceptaci\u00f3n y Compromiso (ACT)\">\n      <div class=\"bde-loop-item__image ee-post-image\">\n          <img decoding=\"async\" width=\"1620\" height=\"1080\" src=\"https:\/\/psicoweb.com.es\/centropsicologiavirtual\/wp-content\/uploads\/2024\/05\/businessman-in-black-suit-lift-up-the-stair-caree-2023-11-27-04-51-55-utc.webp\" class=\"attachment-full size-full wp-post-image\" alt=\"\" srcset=\"https:\/\/psicoweb.com.es\/centropsicologiavirtual\/wp-content\/uploads\/2024\/05\/businessman-in-black-suit-lift-up-the-stair-caree-2023-11-27-04-51-55-utc.webp 1620w, https:\/\/psicoweb.com.es\/centropsicologiavirtual\/wp-content\/uploads\/2024\/05\/businessman-in-black-suit-lift-up-the-stair-caree-2023-11-27-04-51-55-utc-300x200.webp 300w, https:\/\/psicoweb.com.es\/centropsicologiavirtual\/wp-content\/uploads\/2024\/05\/businessman-in-black-suit-lift-up-the-stair-caree-2023-11-27-04-51-55-utc-1024x683.webp 1024w, https:\/\/psicoweb.com.es\/centropsicologiavirtual\/wp-content\/uploads\/2024\/05\/businessman-in-black-suit-lift-up-the-stair-caree-2023-11-27-04-51-55-utc-768x512.webp 768w, https:\/\/psicoweb.com.es\/centropsicologiavirtual\/wp-content\/uploads\/2024\/05\/businessman-in-black-suit-lift-up-the-stair-caree-2023-11-27-04-51-55-utc-1536x1024.webp 1536w\" sizes=\"(max-width: 1620px) 100vw, 1620px\" \/>      <\/div>\n    <\/a>\n  \n      \n    <div class=\"bde-loop-item__wrap ee-post-wrap\">\n      \n          <h3 class=\"ee-post-title\">\n    <a class=\"bde-loop-item__title-link ee-post-title-link\" href=\"https:\/\/psicoweb.com.es\/centropsicologiavirtual\/?p=203\" >\n        Terapia de Aceptaci\u00f3n y Compromiso (ACT)    <\/a>\n    <\/h3>\n          <div class=\"bde-loop-item__content ee-post-content\">\n            Cuando nos sucede algo malo, nuestra reacci\u00f3n natural es rechazarlo. Ya sea que eso signifique decirnos a nosotros mismos que no sucedi\u00f3 (tambi\u00e9n conocido como negaci\u00f3n), o dejar que se apodere de nuestras vidas a trav\u00e9s de creencias negativas,\u00a0rechazar lo que s\u00ed puede crear una gran cantidad de cuestiones y problemas en nuestras vidas.\u00a0 Pero \u00bfy si hubiera una manera&hellip;        <\/div>\n      \n    \n                                    \n    \n    \n    \n    \n            \n                    \n            \n            \n\n    \n    \n    \n    \n    \n    <a class=\"breakdance-link button-atom button-atom--text bde-loop-item__button ee-post-button\" href=\"https:\/\/psicoweb.com.es\/centropsicologiavirtual\/?p=203\" target=\"_self\" data-type=\"\"  >\n\n    \n        <span class=\"button-atom__text\">M\u00e1s informaci\u00f3n<\/span>\n\n        \n                    \n    <span class=\"button-atom__icon-wrapper\">\n\n        \n            <svg class=\"un-arrow-icon\" width=\"10\" height=\"10\" viewBox=\"0 0 10 10\" aria-hidden=\"true\">\n                <g fill-rule=\"evenodd\">\n                    <path class=\"un-arrow-icon_arrow\" d=\"M1 1l4 4-4 4\"><\/path>\n                <\/g>\n            <\/svg>\n\n        \n    <\/span>\n\n\n        \n                <\/a>\n\n    \n\n\n\n\n      \n    <\/div>\n\n    <\/article>\n\n        <article class=\"bde-loop-item ee-post\">\n                <a class=\"bde-loop-item__image-link ee-post-image-link bde-loop-item__image-left ee-posts-image-left\" href=\"https:\/\/psicoweb.com.es\/centropsicologiavirtual\/?p=268\" aria-label=\"Terapia Conductual\">\n      <div class=\"bde-loop-item__image ee-post-image\">\n          <img decoding=\"async\" width=\"1080\" height=\"1080\" src=\"https:\/\/psicoweb.com.es\/centropsicologiavirtual\/wp-content\/uploads\/2024\/05\/stacked-chairs-with-cloud-against-coral-color-back-2023-11-27-04-57-03-utc-1.webp\" class=\"attachment-full size-full wp-post-image\" alt=\"\" srcset=\"https:\/\/psicoweb.com.es\/centropsicologiavirtual\/wp-content\/uploads\/2024\/05\/stacked-chairs-with-cloud-against-coral-color-back-2023-11-27-04-57-03-utc-1.webp 1080w, https:\/\/psicoweb.com.es\/centropsicologiavirtual\/wp-content\/uploads\/2024\/05\/stacked-chairs-with-cloud-against-coral-color-back-2023-11-27-04-57-03-utc-1-300x300.webp 300w, https:\/\/psicoweb.com.es\/centropsicologiavirtual\/wp-content\/uploads\/2024\/05\/stacked-chairs-with-cloud-against-coral-color-back-2023-11-27-04-57-03-utc-1-1024x1024.webp 1024w, https:\/\/psicoweb.com.es\/centropsicologiavirtual\/wp-content\/uploads\/2024\/05\/stacked-chairs-with-cloud-against-coral-color-back-2023-11-27-04-57-03-utc-1-150x150.webp 150w, https:\/\/psicoweb.com.es\/centropsicologiavirtual\/wp-content\/uploads\/2024\/05\/stacked-chairs-with-cloud-against-coral-color-back-2023-11-27-04-57-03-utc-1-768x768.webp 768w\" sizes=\"(max-width: 1080px) 100vw, 1080px\" \/>      <\/div>\n    <\/a>\n  \n      \n    <div class=\"bde-loop-item__wrap ee-post-wrap\">\n      \n          <h3 class=\"ee-post-title\">\n    <a class=\"bde-loop-item__title-link ee-post-title-link\" href=\"https:\/\/psicoweb.com.es\/centropsicologiavirtual\/?p=268\" >\n        Terapia Conductual    <\/a>\n    <\/h3>\n          <div class=\"bde-loop-item__content ee-post-content\">\n            La terapia conductual en su sentido m\u00e1s amplio tiene como objetivo cambiar el comportamiento aqu\u00ed y ahora. A medida que cambiamos nuestros patrones de comportamiento, esto puede tener un profundo impacto en nuestro estado de \u00e1nimo, autoestima y relaciones. El comportamiento desafiante es a menudo lo primero y m\u00e1s f\u00e1cil de reconocer en nosotros mismos. Como cuando nos damos cuenta&hellip;        <\/div>\n      \n    \n                                    \n    \n    \n    \n    \n            \n                    \n            \n            \n\n    \n    \n    \n    \n    \n    <a class=\"breakdance-link button-atom button-atom--text bde-loop-item__button ee-post-button\" href=\"https:\/\/psicoweb.com.es\/centropsicologiavirtual\/?p=268\" target=\"_self\" data-type=\"\"  >\n\n    \n        <span class=\"button-atom__text\">M\u00e1s informaci\u00f3n<\/span>\n\n        \n                    \n    <span class=\"button-atom__icon-wrapper\">\n\n        \n            <svg class=\"un-arrow-icon\" width=\"10\" height=\"10\" viewBox=\"0 0 10 10\" aria-hidden=\"true\">\n                <g fill-rule=\"evenodd\">\n                    <path class=\"un-arrow-icon_arrow\" d=\"M1 1l4 4-4 4\"><\/path>\n                <\/g>\n            <\/svg>\n\n        \n    <\/span>\n\n\n        \n                <\/a>\n\n    \n\n\n\n\n      \n    <\/div>\n\n    <\/article>\n\n        <article class=\"bde-loop-item ee-post\">\n                <a class=\"bde-loop-item__image-link ee-post-image-link bde-loop-item__image-left ee-posts-image-left\" href=\"https:\/\/psicoweb.com.es\/centropsicologiavirtual\/?p=269\" aria-label=\"Terapia Centrada en la Persona\">\n      <div class=\"bde-loop-item__image ee-post-image\">\n          <img decoding=\"async\" width=\"1619\" height=\"1080\" src=\"https:\/\/psicoweb.com.es\/centropsicologiavirtual\/wp-content\/uploads\/2024\/05\/calm-woman-admiring-landscape-of-lake-2024-05-13-17-21-47-utc.webp\" class=\"attachment-full size-full wp-post-image\" alt=\"\" srcset=\"https:\/\/psicoweb.com.es\/centropsicologiavirtual\/wp-content\/uploads\/2024\/05\/calm-woman-admiring-landscape-of-lake-2024-05-13-17-21-47-utc.webp 1619w, https:\/\/psicoweb.com.es\/centropsicologiavirtual\/wp-content\/uploads\/2024\/05\/calm-woman-admiring-landscape-of-lake-2024-05-13-17-21-47-utc-300x200.webp 300w, https:\/\/psicoweb.com.es\/centropsicologiavirtual\/wp-content\/uploads\/2024\/05\/calm-woman-admiring-landscape-of-lake-2024-05-13-17-21-47-utc-1024x683.webp 1024w, https:\/\/psicoweb.com.es\/centropsicologiavirtual\/wp-content\/uploads\/2024\/05\/calm-woman-admiring-landscape-of-lake-2024-05-13-17-21-47-utc-768x512.webp 768w, https:\/\/psicoweb.com.es\/centropsicologiavirtual\/wp-content\/uploads\/2024\/05\/calm-woman-admiring-landscape-of-lake-2024-05-13-17-21-47-utc-1536x1025.webp 1536w\" sizes=\"(max-width: 1619px) 100vw, 1619px\" \/>      <\/div>\n    <\/a>\n  \n      \n    <div class=\"bde-loop-item__wrap ee-post-wrap\">\n      \n          <h3 class=\"ee-post-title\">\n    <a class=\"bde-loop-item__title-link ee-post-title-link\" href=\"https:\/\/psicoweb.com.es\/centropsicologiavirtual\/?p=269\" >\n        Terapia Centrada en la Persona    <\/a>\n    <\/h3>\n          <div class=\"bde-loop-item__content ee-post-content\">\n            La terapia no es una soluci\u00f3n \u00fanica para todos. Porque cada uno aporta su propio conjunto de luchas y fortalezas. Es por eso que creemos en elegir el m\u00e9todo de terapia que mejor se adapte a usted como individuo. Si eres una persona motivada y emprendedora que quiere ocupar un lugar destacado en su desarrollo psicol\u00f3gico, entonces tenemos el m\u00e9todo&hellip;        <\/div>\n      \n    \n                                    \n    \n    \n    \n    \n            \n                    \n            \n            \n\n    \n    \n    \n    \n    \n    <a class=\"breakdance-link button-atom button-atom--text bde-loop-item__button ee-post-button\" href=\"https:\/\/psicoweb.com.es\/centropsicologiavirtual\/?p=269\" target=\"_self\" data-type=\"\"  >\n\n    \n        <span class=\"button-atom__text\">M\u00e1s informaci\u00f3n<\/span>\n\n        \n                    \n    <span class=\"button-atom__icon-wrapper\">\n\n        \n            <svg class=\"un-arrow-icon\" width=\"10\" height=\"10\" viewBox=\"0 0 10 10\" aria-hidden=\"true\">\n                <g fill-rule=\"evenodd\">\n                    <path class=\"un-arrow-icon_arrow\" d=\"M1 1l4 4-4 4\"><\/path>\n                <\/g>\n            <\/svg>\n\n        \n    <\/span>\n\n\n        \n                <\/a>\n\n    \n\n\n\n\n      \n    <\/div>\n\n    <\/article>\n\n        <article class=\"bde-loop-item ee-post\">\n                <a class=\"bde-loop-item__image-link ee-post-image-link bde-loop-item__image-left ee-posts-image-left\" href=\"https:\/\/psicoweb.com.es\/centropsicologiavirtual\/?p=1289\" aria-label=\"Terapia Narrativa\">\n      <div class=\"bde-loop-item__image ee-post-image\">\n          <img decoding=\"async\" width=\"1620\" height=\"1080\" src=\"https:\/\/psicoweb.com.es\/centropsicologiavirtual\/wp-content\/uploads\/2024\/05\/beautiful-female-artist-drawing-picture-with-acryl-2023-11-27-05-06-25-utc.webp\" class=\"attachment-full size-full wp-post-image\" alt=\"\" srcset=\"https:\/\/psicoweb.com.es\/centropsicologiavirtual\/wp-content\/uploads\/2024\/05\/beautiful-female-artist-drawing-picture-with-acryl-2023-11-27-05-06-25-utc.webp 1620w, https:\/\/psicoweb.com.es\/centropsicologiavirtual\/wp-content\/uploads\/2024\/05\/beautiful-female-artist-drawing-picture-with-acryl-2023-11-27-05-06-25-utc-300x200.webp 300w, https:\/\/psicoweb.com.es\/centropsicologiavirtual\/wp-content\/uploads\/2024\/05\/beautiful-female-artist-drawing-picture-with-acryl-2023-11-27-05-06-25-utc-1024x683.webp 1024w, https:\/\/psicoweb.com.es\/centropsicologiavirtual\/wp-content\/uploads\/2024\/05\/beautiful-female-artist-drawing-picture-with-acryl-2023-11-27-05-06-25-utc-768x512.webp 768w, https:\/\/psicoweb.com.es\/centropsicologiavirtual\/wp-content\/uploads\/2024\/05\/beautiful-female-artist-drawing-picture-with-acryl-2023-11-27-05-06-25-utc-1536x1024.webp 1536w\" sizes=\"(max-width: 1620px) 100vw, 1620px\" \/>      <\/div>\n    <\/a>\n  \n      \n    <div class=\"bde-loop-item__wrap ee-post-wrap\">\n      \n          <h3 class=\"ee-post-title\">\n    <a class=\"bde-loop-item__title-link ee-post-title-link\" href=\"https:\/\/psicoweb.com.es\/centropsicologiavirtual\/?p=1289\" >\n        Terapia Narrativa    <\/a>\n    <\/h3>\n          <div class=\"bde-loop-item__content ee-post-content\">\n            Las historias est\u00e1n en el centro de nuestras vidas, desde las historias que contamos y que conforman nuestra mitolog\u00eda personal hasta las historias que inventamos a partir de nuestras heridas y que proyectamos al mundo. Nuestras historias son una parte vital para agravar nuestros \u00e9xitos y curar nuestras heridas. Al reescribir nuestras historias, construimos nuevos significados, liberamos la verg\u00fcenza y&hellip;        <\/div>\n      \n    \n                                    \n    \n    \n    \n    \n            \n                    \n            \n            \n\n    \n    \n    \n    \n    \n    <a class=\"breakdance-link button-atom button-atom--text bde-loop-item__button ee-post-button\" href=\"https:\/\/psicoweb.com.es\/centropsicologiavirtual\/?p=1289\" target=\"_self\" data-type=\"\"  >\n\n    \n        <span class=\"button-atom__text\">M\u00e1s informaci\u00f3n<\/span>\n\n        \n                    \n    <span class=\"button-atom__icon-wrapper\">\n\n        \n            <svg class=\"un-arrow-icon\" width=\"10\" height=\"10\" viewBox=\"0 0 10 10\" aria-hidden=\"true\">\n                <g fill-rule=\"evenodd\">\n                    <path class=\"un-arrow-icon_arrow\" d=\"M1 1l4 4-4 4\"><\/path>\n                <\/g>\n            <\/svg>\n\n        \n    <\/span>\n\n\n        \n                <\/a>\n\n    \n\n\n\n\n      \n    <\/div>\n\n    <\/article>\n\n        <article class=\"bde-loop-item ee-post\">\n                <a class=\"bde-loop-item__image-link ee-post-image-link bde-loop-item__image-left ee-posts-image-left\" href=\"https:\/\/psicoweb.com.es\/centropsicologiavirtual\/?p=1303\" aria-label=\"Terapia Cognitivo-Conductual CBT\">\n      <div class=\"bde-loop-item__image ee-post-image\">\n          <img decoding=\"async\" width=\"1619\" height=\"1080\" src=\"https:\/\/psicoweb.com.es\/centropsicologiavirtual\/wp-content\/uploads\/2024\/05\/a-person-holding-a-square-frame-with-a-backround-p-2023-11-27-05-04-31-utc.webp\" class=\"attachment-full size-full wp-post-image\" alt=\"\" srcset=\"https:\/\/psicoweb.com.es\/centropsicologiavirtual\/wp-content\/uploads\/2024\/05\/a-person-holding-a-square-frame-with-a-backround-p-2023-11-27-05-04-31-utc.webp 1619w, https:\/\/psicoweb.com.es\/centropsicologiavirtual\/wp-content\/uploads\/2024\/05\/a-person-holding-a-square-frame-with-a-backround-p-2023-11-27-05-04-31-utc-300x200.webp 300w, https:\/\/psicoweb.com.es\/centropsicologiavirtual\/wp-content\/uploads\/2024\/05\/a-person-holding-a-square-frame-with-a-backround-p-2023-11-27-05-04-31-utc-1024x683.webp 1024w, https:\/\/psicoweb.com.es\/centropsicologiavirtual\/wp-content\/uploads\/2024\/05\/a-person-holding-a-square-frame-with-a-backround-p-2023-11-27-05-04-31-utc-768x512.webp 768w, https:\/\/psicoweb.com.es\/centropsicologiavirtual\/wp-content\/uploads\/2024\/05\/a-person-holding-a-square-frame-with-a-backround-p-2023-11-27-05-04-31-utc-1536x1025.webp 1536w\" sizes=\"(max-width: 1619px) 100vw, 1619px\" \/>      <\/div>\n    <\/a>\n  \n      \n    <div class=\"bde-loop-item__wrap ee-post-wrap\">\n      \n          <h3 class=\"ee-post-title\">\n    <a class=\"bde-loop-item__title-link ee-post-title-link\" href=\"https:\/\/psicoweb.com.es\/centropsicologiavirtual\/?p=1303\" >\n        Terapia Cognitivo-Conductual CBT    <\/a>\n    <\/h3>\n          <div class=\"bde-loop-item__content ee-post-content\">\n            La TCC le permite ver el mundo de formas m\u00e1s realistas y superar pensamientos irracionales Si bien es posible que no seamos conscientes de ello, nuestras creencias sobre nosotros mismos, los dem\u00e1s y el mundo que nos rodea pueden dictar la forma en que nos sentimos (para bien o para mal) a diario. Si tienes creencias negativas, probablemente est\u00e9s viendo&hellip;        <\/div>\n      \n    \n                                    \n    \n    \n    \n    \n            \n                    \n            \n            \n\n    \n    \n    \n    \n    \n    <a class=\"breakdance-link button-atom button-atom--text bde-loop-item__button ee-post-button\" href=\"https:\/\/psicoweb.com.es\/centropsicologiavirtual\/?p=1303\" target=\"_self\" data-type=\"\"  >\n\n    \n        <span class=\"button-atom__text\">M\u00e1s informaci\u00f3n<\/span>\n\n        \n                    \n    <span class=\"button-atom__icon-wrapper\">\n\n        \n            <svg class=\"un-arrow-icon\" width=\"10\" height=\"10\" viewBox=\"0 0 10 10\" aria-hidden=\"true\">\n                <g fill-rule=\"evenodd\">\n                    <path class=\"un-arrow-icon_arrow\" d=\"M1 1l4 4-4 4\"><\/path>\n                <\/g>\n            <\/svg>\n\n        \n    <\/span>\n\n\n        \n                <\/a>\n\n    \n\n\n\n\n      \n    <\/div>\n\n    <\/article>\n\n    <\/div><div class='bde-posts-pagination' data-ssr-path='breakdance\/subplugins\/breakdance-elements\/elements\/PostsList\/ssr.php'>\n\n                                    \n    \n    \n    \n    \n            \n            <button type=\"submit\" class=\"button-atom button-atom--primary bde-posts-pagination-loadmore-button\"  >\n    \n        <span class=\"button-atom__text\">Mostr\u00e1r M\u00e1s<\/span>\n\n        \n        \n            <\/button>\n    \n\n<\/div>\n<\/div><\/div>\n<\/section>","protected":false},"excerpt":{"rendered":"","protected":false},"author":1,"featured_media":0,"parent":0,"menu_order":0,"comment_status":"closed","ping_status":"closed","template":"","meta":{"_breakdance_hide_in_design_set":false,"_breakdance_tags":"","footnotes":""},"class_list":["post-59","page","type-page","status-publish","hentry"],"_links":{"self":[{"href":"https:\/\/psicoweb.com.es\/centropsicologiavirtual\/wp-json\/wp\/v2\/pages\/59","targetHints":{"allow":["GET"]}}],"collection":[{"href":"https:\/\/psicoweb.com.es\/centropsicologiavirtual\/wp-json\/wp\/v2\/pages"}],"about":[{"href":"https:\/\/psicoweb.com.es\/centropsicologiavirtual\/wp-json\/wp\/v2\/types\/page"}],"author":[{"embeddable":true,"href":"https:\/\/psicoweb.com.es\/centropsicologiavirtual\/wp-json\/wp\/v2\/users\/1"}],"replies":[{"embeddable":true,"href":"https:\/\/psicoweb.com.es\/centropsicologiavirtual\/wp-json\/wp\/v2\/comments?post=59"}],"version-history":[{"count":0,"href":"https:\/\/psicoweb.com.es\/centropsicologiavirtual\/wp-json\/wp\/v2\/pages\/59\/revisions"}],"wp:attachment":[{"href":"https:\/\/psicoweb.com.es\/centropsicologiavirtual\/wp-json\/wp\/v2\/media?parent=59"}],"curies":[{"name":"wp","href":"https:\/\/api.w.org\/{rel}","templated":true}]}}