{"id":55,"date":"2024-05-07T19:53:29","date_gmt":"2024-05-07T19:53:29","guid":{"rendered":"http:\/\/demo.psicoweb.co\/centropsicologiavirtual\/?page_id=55"},"modified":"2024-07-03T16:01:55","modified_gmt":"2024-07-03T15:01:55","slug":"contacto","status":"publish","type":"page","link":"https:\/\/psicoweb.com.es\/centropsicologiavirtual\/contacto\/","title":{"rendered":"Contacto"},"content":{"rendered":"<section class=\"bde-section-55-142 bde-section\">\n              \n  \n  \n\t\n\n  <div class=\"section-background-overlay\"><\/div>\n\n\n<div class=\"section-container\"><div class=\"bde-div-55-143 bde-div\">\n  \n  \n\t\n\n\n\n<p class=\"bde-text-55-144 bde-text\">\nCentro de Psicolog\u00eda Virtual\n<\/p><h1 class=\"bde-heading-55-145 bde-heading bde-preset-ef1ff766-e1be-4191-b814-4c550471c81f\">\nContacta <br>y Reserva\n<\/h1><div class=\"bde-div-55-146 bde-div\">\n  \n  \n\t\n\n\n\n<div class=\"bde-button-55-147 bde-button bde-preset-ba9442df-e518-4479-ab29-c13cc59f1c67\">\n    \n                                    \n    \n    \n    \n    \n            \n                    \n            \n                           \n                       \n                 \n\n    \n    \n    \n                    \n    \n    <a class=\"breakdance-link button-atom button-atom--custom bde-button__button\" href=\"#\" target=\"_self\" data-type=\"action\"  data-action='{\"type\":\"popup\",\"popupOptions\":{\"popupId\":\"73\",\"popupAction\":\"open\"}}' >\n\n    \n        <span class=\"button-atom__text\">Agenda una cita<\/span>\n\n        \n        \n                <\/a>\n\n    \n\n\n<\/div>\n<\/div>\n<\/div><\/div>\n<\/section><section class=\"bde-section-55-106 bde-section\">\n  \n  \n\t\n\n\n\n<div class=\"section-container\"><h2 class=\"bde-heading-55-148 bde-heading bde-preset-5d07339e-d149-4e05-a614-c3d78e3e13d6\">\nEncuentra tu terapeuta perfecto\n<\/h2><p class=\"bde-text-55-149 bde-text\">\nEs tan f\u00e1cil como 1, 2, 3...\n<\/p><div class=\"bde-columns-55-109 bde-columns\"><div class=\"bde-column-55-110 bde-column\">\n  \n  \n\t\n\n\n\n<div class=\"bde-div-55-111 bde-div\" data-parallax=\"true\" timeline=\"4\">\n  \n  \n\t\n\n\n\n<div class=\"bde-div-55-112 bde-div\">\n  \n  \n\t\n\n\n\n<div class=\"bde-div-55-113 bde-div\">\n  \n  \n\t\n\n\n\n<div class=\"bde-text-55-114 bde-text\">\n1\n<\/div><div class=\"bde-div-55-115 bde-div\">\n  \n  \n\t\n\n\n\n\n<\/div><div class=\"bde-div-55-116 bde-div\">\n  \n  \n\t\n\n\n\n\n<\/div>\n<\/div><div class=\"bde-div-55-117 bde-div\">\n  \n  \n\t\n\n\n\n<div class=\"bde-div-55-118 bde-div\">\n  \n  \n\t\n\n\n\n<h4 class=\"bde-heading-55-119 bde-heading\">\nEnv\u00eda el formulario<br>\n<\/h4><p class=\"bde-text-55-120 bde-text\">\nAy\u00fadanos a encontrar el terapeuta perfecto para tus necesidades compartiendo un poco sobre ti para comenzar.\n<\/p>\n<\/div>\n<\/div>\n<\/div><div class=\"bde-div-55-121 bde-div\">\n  \n  \n\t\n\n\n\n<div class=\"bde-div-55-122 bde-div\">\n  \n  \n\t\n\n\n\n<div class=\"bde-text-55-123 bde-text\">\n2\n<\/div><div class=\"bde-div-55-124 bde-div\">\n  \n  \n\t\n\n\n\n\n<\/div><div class=\"bde-div-55-125 bde-div\">\n  \n  \n\t\n\n\n\n\n<\/div>\n<\/div><div class=\"bde-div-55-126 bde-div\">\n  \n  \n\t\n\n\n\n<div class=\"bde-div-55-127 bde-div\">\n  \n  \n\t\n\n\n\n<h4 class=\"bde-heading-55-128 bde-heading\">\nReserva una llamada gratuita\n<\/h4><p class=\"bde-text-55-129 bde-text\">\nSelecciona un momento para hablar con nuestro especialista en coincidencia de terapeutas para hacer cualquier pregunta y profundizar en tus necesidades, preferencias y objetivos \u00fanicos.\n<\/p>\n<\/div>\n<\/div>\n<\/div><div class=\"bde-div-55-130 bde-div\">\n  \n  \n\t\n\n\n\n<div class=\"bde-div-55-131 bde-div\">\n  \n  \n\t\n\n\n\n<div class=\"bde-text-55-132 bde-text\">\n3\n<\/div><div class=\"bde-div-55-133 bde-div\">\n  \n  \n\t\n\n\n\n\n<\/div><div class=\"bde-div-55-134 bde-div\">\n  \n  \n\t\n\n\n\n\n<\/div>\n<\/div><div class=\"bde-div-55-135 bde-div\">\n  \n  \n\t\n\n\n\n<div class=\"bde-div-55-136 bde-div\">\n  \n  \n\t\n\n\n\n<h4 class=\"bde-heading-55-137 bde-heading\">\nConsigue tu terapeuta perfecto\n<\/h4><p class=\"bde-text-55-138 bde-text\">\nTe conectaremos con un terapeuta que se especialice etus inquietudes y se ajuste a tu estilo y horario, y te programaremos una cita directamente en la llamada.\n<\/p>\n<\/div>\n<\/div>\n<\/div>\n<\/div><div class=\"bde-code-block-55-139 bde-code-block\">\n\n\n\n<\/div>\n<\/div><div class=\"bde-column-55-140 bde-column\">\n  \n  \n\t\n\n\n\n<div class=\"bde-form-builder-55-141 bde-form-builder\">\n\n\n<form id=\"formulario-de-contacto141\" class=\"breakdance-form breakdance-form--vertical\" data-options=\"{&quot;slug&quot;:&quot;custom&quot;,&quot;name&quot;:&quot;Formulario de Contacto&quot;,&quot;ajaxUrl&quot;:&quot;https:\\\/\\\/psicoweb.com.es\\\/centropsicologiavirtual\\\/wp-admin\\\/admin-ajax.php&quot;,&quot;clearOnSuccess&quot;:true,&quot;hideOnSuccess&quot;:false,&quot;successMessage&quot;:&quot;\\u00a1Tu mensaje ha sido recibido!&quot;,&quot;errorMessage&quot;:&quot;Algo sali\\u00f3 mal&quot;,&quot;redirect&quot;:false,&quot;redirectUrl&quot;:&quot;&quot;,&quot;customJavaScript&quot;:&quot;&quot;,&quot;recaptcha&quot;:{&quot;key&quot;:&quot;&quot;,&quot;enabled&quot;:false},&quot;honeypot_enabled&quot;:true,&quot;popupsOnSuccess&quot;:[],&quot;popupsOnError&quot;:[]}\" data-steps=\"0\" >\n  \n  \n  \n<div class=\"breakdance-form-field breakdance-form-field--text\" >\n    \n    \n            <label class=\"breakdance-form-field__label\" for=\"name\">\n            Nombre<span class=\"breakdance-form-field__required\">*<\/span>\n        <\/label>\n    \n    <input\n    class=\"breakdance-form-field__input\"\n    id=\"name\"\n    aria-describedby=\"name\"\n    type=\"text\"\n    name=\"fields[name]\"\n    placeholder=\"\"\n    value=\"\"\n                \n        \n        \n    required\n    \n    \n>\n\n\n    \n    \n<\/div>\n\n\n<div class=\"breakdance-form-field breakdance-form-field--email\" >\n    \n    \n            <label class=\"breakdance-form-field__label\" for=\"email\">\n            Email<span class=\"breakdance-form-field__required\">*<\/span>\n        <\/label>\n    \n    <input\n    class=\"breakdance-form-field__input\"\n    id=\"email\"\n    aria-describedby=\"email\"\n    type=\"email\"\n    name=\"fields[email]\"\n    placeholder=\"\"\n    value=\"\"\n                \n        \n        \n    required\n    \n    \n>\n\n\n    \n    \n<\/div>\n\n\n<div class=\"breakdance-form-field breakdance-form-field--tel\" >\n    \n    \n            <label class=\"breakdance-form-field__label\" for=\"imuqqa\">\n            Tel\u00e9fono<span class=\"breakdance-form-field__required\">*<\/span>\n        <\/label>\n    \n    <input\n    class=\"breakdance-form-field__input\"\n    id=\"imuqqa\"\n    aria-describedby=\"imuqqa\"\n    type=\"tel\"\n    name=\"fields[imuqqa]\"\n    placeholder=\"\"\n    value=\"\"\n                \n        \n        \n    required\n    \n    \n>\n\n\n    \n    \n<\/div>\n\n\n<div class=\"breakdance-form-field breakdance-form-field--textarea\" >\n    \n    \n            <label class=\"breakdance-form-field__label\" for=\"message\">\n            Mensaje\n        <\/label>\n    \n    <textarea\n    class=\"breakdance-form-field__input\"\n    id=\"message\"\n    aria-describedby=\"message\"\n    type=\"textarea\"\n    name=\"fields[message]\"\n        placeholder=\"\"\n    \n    >\n<\/textarea>\n\n\n    \n    \n<\/div>\n\n\n<div class=\"breakdance-form-field breakdance-form-field--date\" >\n    \n    \n            <label class=\"breakdance-form-field__label\" for=\"gcxuri\">\n            D\u00eda Preferido\n        <\/label>\n    \n    <input\n    class=\"breakdance-form-field__input\"\n    id=\"gcxuri\"\n    aria-describedby=\"gcxuri\"\n    type=\"date\"\n    name=\"fields[gcxuri]\"\n    placeholder=\"\"\n    value=\"\"\n                \n        \n        \n    \n    \n    \n>\n\n\n    \n    \n<\/div>\n\n\n<div class=\"breakdance-form-field breakdance-form-field--time\" >\n    \n    \n            <label class=\"breakdance-form-field__label\" for=\"sflcfc\">\n            Hora Preferida\n        <\/label>\n    \n    <input\n    class=\"breakdance-form-field__input\"\n    id=\"sflcfc\"\n    aria-describedby=\"sflcfc\"\n    type=\"time\"\n    name=\"fields[sflcfc]\"\n    placeholder=\"\"\n    value=\"\"\n                \n        \n        \n    \n    \n    \n>\n\n\n    \n    \n<\/div>\n\n\n<div class=\"breakdance-form-field breakdance-form-field--hpinput\" >\n    \n    \n            <label class=\"breakdance-form-field__label\" for=\"hpname\">\n            HP Name\n        <\/label>\n    \n    <input\n    class=\"breakdance-form-field__input\"\n    id=\"hpname\"\n    aria-describedby=\"hpname\"\n    type=\"hpinput\"\n    name=\"fields[hpname]\"\n    placeholder=\"\"\n    value=\"\"\n                \n        \n        \n    \n    autocomplete=\"off\"\n    tabindex=-1\n>\n\n\n    \n    \n<\/div>\n\n\n<div class=\"breakdance-form-field breakdance-form-field--hidden\" >\n    \n    \n    \n    <input\n    id=\"csrf-token-141\"\n    type=\"hidden\"\n    name=\"fields[csrfToken]\"\n    value=\"ecf7a692d1\"\n    >\n\n\n    \n    \n<\/div>\n\n\n  \n\n<div class=\"breakdance-form-field breakdance-form-footer\">\n    \n    \n                                    \n    \n    \n    \n    \n            \n            <button type=\"submit\" class=\"button-atom button-atom--primary breakdance-form-button breakdance-form-button__submit\"  >\n    \n        <span class=\"button-atom__text\">Agendar llamada Gratuita<\/span>\n\n        \n        \n            <\/button>\n    \n    <input type=\"hidden\" name=\"form_id\" value=\"141\">\n    <input type=\"hidden\" name=\"post_id\" value=\"55\">\n<\/div>\n\n  \n<\/form>\n\n\n\n<\/div>\n<\/div><\/div><\/div>\n<\/section><section class=\"bde-section-55-100 bde-section\">\n  \n  \n\t\n\n\n\n<div class=\"section-container\"><h2 class=\"bde-heading-55-107 bde-heading bde-preset-5d07339e-d149-4e05-a614-c3d78e3e13d6\">\nReserva una Cita\n<\/h2><p class=\"bde-text-55-108 bde-text\">\nElige d\u00eda, hora y terapeuta y agenda tu cita\n<\/p><div class=\"bde-shortcodewrapper-55-101 bde-shortcodewrapper\">\n\n<script>\n  if (typeof hasAmeliaEntitiesApiCall === 'undefined' && '' === '') {\n    var hasAmeliaEntitiesApiCall = true;\n  }\n  var ameliaShortcodeData = (typeof ameliaShortcodeData === 'undefined') ? [] : ameliaShortcodeData;\n  ameliaShortcodeData.push(\n    {\n      'hasApiCall': (typeof hasAmeliaEntitiesApiCall !== 'undefined') && hasAmeliaEntitiesApiCall,\n      'trigger': '',\n      'trigger_type': '',\n      'triggered_form': 'sbsNew',\n      'in_dialog': '',\n      'show': '',\n      'counter': '1000',\n      'category': '',\n      'service': '',\n      'employee': '',\n      'location': '',\n      'package': ''\n    }\n  );\n\n  var ameliaShortcodeDataTriggered = (typeof ameliaShortcodeDataTriggered === 'undefined') ? [] : ameliaShortcodeDataTriggered;\n  if (ameliaShortcodeData[ameliaShortcodeData.length - 1].trigger !== '') {\n    if (ameliaShortcodeDataTriggered.filter(a => a.counter === ameliaShortcodeData[ameliaShortcodeData.length - 1].counter).length === 0) {\n      ameliaShortcodeDataTriggered.push(ameliaShortcodeData.pop());\n    } else {\n      ameliaShortcodeData.pop()\n    }\n  }\n  if (typeof hasAmeliaEntitiesApiCall !== 'undefined' && hasAmeliaEntitiesApiCall) {\n    hasAmeliaEntitiesApiCall = false;\n  }\n<\/script>\n\n<div\n  id=\"amelia-v2-booking-1000\"\n  class=\"amelia-v2-booking\"\n >\n    <step-form-wrapper><\/step-form-wrapper><\/div>\n \n<\/div><\/div>\n<\/section>","protected":false},"excerpt":{"rendered":"<p>Centro de Psicolog\u00eda Virtual Contacta y Reserva Agenda una cita Encuentra tu terapeuta perfecto Es tan f\u00e1cil como 1, 2, 3&#8230; 1 Env\u00eda el formulario Ay\u00fadanos a encontrar el terapeuta perfecto para tus necesidades compartiendo un poco sobre ti para comenzar. 2 Reserva una llamada gratuita Selecciona un momento para hablar con nuestro especialista en [&hellip;]<\/p>\n","protected":false},"author":1,"featured_media":0,"parent":0,"menu_order":0,"comment_status":"closed","ping_status":"closed","template":"","meta":{"_breakdance_hide_in_design_set":false,"_breakdance_tags":"","footnotes":""},"class_list":["post-55","page","type-page","status-publish","hentry"],"_links":{"self":[{"href":"https:\/\/psicoweb.com.es\/centropsicologiavirtual\/wp-json\/wp\/v2\/pages\/55","targetHints":{"allow":["GET"]}}],"collection":[{"href":"https:\/\/psicoweb.com.es\/centropsicologiavirtual\/wp-json\/wp\/v2\/pages"}],"about":[{"href":"https:\/\/psicoweb.com.es\/centropsicologiavirtual\/wp-json\/wp\/v2\/types\/page"}],"author":[{"embeddable":true,"href":"https:\/\/psicoweb.com.es\/centropsicologiavirtual\/wp-json\/wp\/v2\/users\/1"}],"replies":[{"embeddable":true,"href":"https:\/\/psicoweb.com.es\/centropsicologiavirtual\/wp-json\/wp\/v2\/comments?post=55"}],"version-history":[{"count":0,"href":"https:\/\/psicoweb.com.es\/centropsicologiavirtual\/wp-json\/wp\/v2\/pages\/55\/revisions"}],"wp:attachment":[{"href":"https:\/\/psicoweb.com.es\/centropsicologiavirtual\/wp-json\/wp\/v2\/media?parent=55"}],"curies":[{"name":"wp","href":"https:\/\/api.w.org\/{rel}","templated":true}]}}