{"id":53,"date":"2024-05-07T19:53:11","date_gmt":"2024-05-07T19:53:11","guid":{"rendered":"http:\/\/demo.psicoweb.co\/centropsicologiavirtual\/?page_id=53"},"modified":"2024-06-08T00:27:48","modified_gmt":"2024-06-07T23:27:48","slug":"blog","status":"publish","type":"page","link":"https:\/\/psicoweb.com.es\/centropsicologiavirtual\/blog\/","title":{"rendered":"Blog"},"content":{"rendered":"<section class=\"bde-section-53-100 bde-section\">\n              \n  \n  \n\t\n\n  <div class=\"section-background-overlay\"><\/div>\n\n\n<div class=\"section-container\"><div class=\"bde-div-53-101 bde-div\">\n  \n  \n\t\n\n\n\n<p class=\"bde-text-53-102 bde-text\">\nCentro de Psicolog\u00eda Virtual\n<\/p><h1 class=\"bde-heading-53-103 bde-heading bde-preset-ef1ff766-e1be-4191-b814-4c550471c81f\">\nUn Blog <br>para ayudarte<br>a crecer\n<\/h1><div class=\"bde-div-53-104 bde-div\">\n  \n  \n\t\n\n\n\n<div class=\"bde-button-53-105 bde-button bde-preset-ba9442df-e518-4479-ab29-c13cc59f1c67\">\n    \n                                    \n    \n    \n    \n    \n            \n                    \n            \n                           \n                       \n                 \n\n    \n    \n    \n                    \n    \n    <a class=\"breakdance-link button-atom button-atom--custom bde-button__button\" href=\"#\" target=\"_self\" data-type=\"action\"  data-action='{\"type\":\"popup\",\"popupOptions\":{\"popupId\":\"73\",\"popupAction\":\"open\"}}' >\n\n    \n        <span class=\"button-atom__text\">Agenda una cita<\/span>\n\n        \n        \n                <\/a>\n\n    \n\n\n<\/div>\n<\/div>\n<\/div><\/div>\n<\/section><section class=\"bde-section-53-106 bde-section\">\n  \n  \n\t\n\n\n\n<div class=\"section-container\"><h1 class=\"bde-heading-53-107 bde-heading\">\nSum\u00e9rgete en nuestro Blog\n<\/h1><div class=\"bde-post-list-53-108 bde-post-list\">\n<div class=\"bde-loop bde-loop-grid ee-posts ee-posts-grid\">    <article class=\"bde-loop-item ee-post\">\n                <a class=\"bde-loop-item__image-link ee-post-image-link \" href=\"https:\/\/psicoweb.com.es\/centropsicologiavirtual\/el-camino-hacia-la-sanacion-como-superar-el-duelo-con-ayuda-psicologica\/\" aria-label=\"El camino hacia la sanaci\u00f3n: C\u00f3mo superar el duelo con ayuda psicol\u00f3gica\">\n      <div class=\"bde-loop-item__image ee-post-image\">\n          <img decoding=\"async\" width=\"1611\" height=\"1080\" src=\"https:\/\/psicoweb.com.es\/centropsicologiavirtual\/wp-content\/uploads\/2024\/05\/an-attractive-asian-woman-is-laughing-and-sitting-2024-05-02-18-52-59-utc-1.webp\" class=\"attachment-full size-full wp-post-image\" alt=\"\" srcset=\"https:\/\/psicoweb.com.es\/centropsicologiavirtual\/wp-content\/uploads\/2024\/05\/an-attractive-asian-woman-is-laughing-and-sitting-2024-05-02-18-52-59-utc-1.webp 1611w, https:\/\/psicoweb.com.es\/centropsicologiavirtual\/wp-content\/uploads\/2024\/05\/an-attractive-asian-woman-is-laughing-and-sitting-2024-05-02-18-52-59-utc-1-300x201.webp 300w, https:\/\/psicoweb.com.es\/centropsicologiavirtual\/wp-content\/uploads\/2024\/05\/an-attractive-asian-woman-is-laughing-and-sitting-2024-05-02-18-52-59-utc-1-1024x686.webp 1024w, https:\/\/psicoweb.com.es\/centropsicologiavirtual\/wp-content\/uploads\/2024\/05\/an-attractive-asian-woman-is-laughing-and-sitting-2024-05-02-18-52-59-utc-1-768x515.webp 768w, https:\/\/psicoweb.com.es\/centropsicologiavirtual\/wp-content\/uploads\/2024\/05\/an-attractive-asian-woman-is-laughing-and-sitting-2024-05-02-18-52-59-utc-1-1536x1030.webp 1536w\" sizes=\"(max-width: 1611px) 100vw, 1611px\" \/>      <\/div>\n    <\/a>\n  \n      \n    <div class=\"bde-loop-item__wrap ee-post-wrap\">\n      \n          <h3 class=\"ee-post-title\">\n    <a class=\"bde-loop-item__title-link ee-post-title-link\" href=\"https:\/\/psicoweb.com.es\/centropsicologiavirtual\/el-camino-hacia-la-sanacion-como-superar-el-duelo-con-ayuda-psicologica\/\" >\n        El camino hacia la sanaci\u00f3n: C\u00f3mo superar el duelo con ayuda psicol\u00f3gica    <\/a>\n    <\/h3>\n  \n      \n    <\/div>\n\n    <\/article>\n\n        <article class=\"bde-loop-item ee-post\">\n                <a class=\"bde-loop-item__image-link ee-post-image-link \" href=\"https:\/\/psicoweb.com.es\/centropsicologiavirtual\/aprende-a-amarte-a-ti-mismo-consejos-para-mejorar-tu-autoestima-con-ayuda-psicologica\/\" aria-label=\"Aprende a amarte a ti mismo: consejos para mejorar tu autoestima con ayuda psicol\u00f3gica\">\n      <div class=\"bde-loop-item__image ee-post-image\">\n          <img decoding=\"async\" width=\"1620\" height=\"1080\" src=\"https:\/\/psicoweb.com.es\/centropsicologiavirtual\/wp-content\/uploads\/2024\/05\/woman-on-background-of-projection-of-lines-2023-11-27-05-13-52-utc.webp\" class=\"attachment-full size-full wp-post-image\" alt=\"\" srcset=\"https:\/\/psicoweb.com.es\/centropsicologiavirtual\/wp-content\/uploads\/2024\/05\/woman-on-background-of-projection-of-lines-2023-11-27-05-13-52-utc.webp 1620w, https:\/\/psicoweb.com.es\/centropsicologiavirtual\/wp-content\/uploads\/2024\/05\/woman-on-background-of-projection-of-lines-2023-11-27-05-13-52-utc-300x200.webp 300w, https:\/\/psicoweb.com.es\/centropsicologiavirtual\/wp-content\/uploads\/2024\/05\/woman-on-background-of-projection-of-lines-2023-11-27-05-13-52-utc-1024x683.webp 1024w, https:\/\/psicoweb.com.es\/centropsicologiavirtual\/wp-content\/uploads\/2024\/05\/woman-on-background-of-projection-of-lines-2023-11-27-05-13-52-utc-768x512.webp 768w, https:\/\/psicoweb.com.es\/centropsicologiavirtual\/wp-content\/uploads\/2024\/05\/woman-on-background-of-projection-of-lines-2023-11-27-05-13-52-utc-1536x1024.webp 1536w\" sizes=\"(max-width: 1620px) 100vw, 1620px\" \/>      <\/div>\n    <\/a>\n  \n      \n    <div class=\"bde-loop-item__wrap ee-post-wrap\">\n      \n          <h3 class=\"ee-post-title\">\n    <a class=\"bde-loop-item__title-link ee-post-title-link\" href=\"https:\/\/psicoweb.com.es\/centropsicologiavirtual\/aprende-a-amarte-a-ti-mismo-consejos-para-mejorar-tu-autoestima-con-ayuda-psicologica\/\" >\n        Aprende a amarte a ti mismo: consejos para mejorar tu autoestima con ayuda psicol\u00f3gica    <\/a>\n    <\/h3>\n  \n      \n    <\/div>\n\n    <\/article>\n\n        <article class=\"bde-loop-item ee-post\">\n                <a class=\"bde-loop-item__image-link ee-post-image-link \" href=\"https:\/\/psicoweb.com.es\/centropsicologiavirtual\/como-manejar-el-estres-consejos-de-un-psicologo\/\" aria-label=\"C\u00f3mo manejar el estr\u00e9s: consejos de una psic\u00f3loga\">\n      <div class=\"bde-loop-item__image ee-post-image\">\n          <img decoding=\"async\" width=\"720\" height=\"1080\" src=\"https:\/\/psicoweb.com.es\/centropsicologiavirtual\/wp-content\/uploads\/2024\/05\/happy-woman-performance-artist-in-blue-dress-smear-2023-11-27-05-05-45-utc.webp\" class=\"attachment-full size-full wp-post-image\" alt=\"\" srcset=\"https:\/\/psicoweb.com.es\/centropsicologiavirtual\/wp-content\/uploads\/2024\/05\/happy-woman-performance-artist-in-blue-dress-smear-2023-11-27-05-05-45-utc.webp 720w, https:\/\/psicoweb.com.es\/centropsicologiavirtual\/wp-content\/uploads\/2024\/05\/happy-woman-performance-artist-in-blue-dress-smear-2023-11-27-05-05-45-utc-200x300.webp 200w, https:\/\/psicoweb.com.es\/centropsicologiavirtual\/wp-content\/uploads\/2024\/05\/happy-woman-performance-artist-in-blue-dress-smear-2023-11-27-05-05-45-utc-683x1024.webp 683w\" sizes=\"(max-width: 720px) 100vw, 720px\" \/>      <\/div>\n    <\/a>\n  \n      \n    <div class=\"bde-loop-item__wrap ee-post-wrap\">\n      \n          <h3 class=\"ee-post-title\">\n    <a class=\"bde-loop-item__title-link ee-post-title-link\" href=\"https:\/\/psicoweb.com.es\/centropsicologiavirtual\/como-manejar-el-estres-consejos-de-un-psicologo\/\" >\n        C\u00f3mo manejar el estr\u00e9s: consejos de una psic\u00f3loga    <\/a>\n    <\/h3>\n  \n      \n    <\/div>\n\n    <\/article>\n\n        <article class=\"bde-loop-item ee-post\">\n                <a class=\"bde-loop-item__image-link ee-post-image-link \" href=\"https:\/\/psicoweb.com.es\/centropsicologiavirtual\/domina-el-estres-con-estas-tecnicas-psicologicas-efectivas\/\" aria-label=\"Domina el estr\u00e9s con estas t\u00e9cnicas psicol\u00f3gicas efectivas\">\n      <div class=\"bde-loop-item__image ee-post-image\">\n          <img decoding=\"async\" width=\"1619\" height=\"1080\" src=\"https:\/\/psicoweb.com.es\/centropsicologiavirtual\/wp-content\/uploads\/2024\/05\/calm-woman-admiring-landscape-of-lake-2024-05-13-17-21-47-utc-1.webp\" class=\"attachment-full size-full wp-post-image\" alt=\"\" srcset=\"https:\/\/psicoweb.com.es\/centropsicologiavirtual\/wp-content\/uploads\/2024\/05\/calm-woman-admiring-landscape-of-lake-2024-05-13-17-21-47-utc-1.webp 1619w, https:\/\/psicoweb.com.es\/centropsicologiavirtual\/wp-content\/uploads\/2024\/05\/calm-woman-admiring-landscape-of-lake-2024-05-13-17-21-47-utc-1-300x200.webp 300w, https:\/\/psicoweb.com.es\/centropsicologiavirtual\/wp-content\/uploads\/2024\/05\/calm-woman-admiring-landscape-of-lake-2024-05-13-17-21-47-utc-1-1024x683.webp 1024w, https:\/\/psicoweb.com.es\/centropsicologiavirtual\/wp-content\/uploads\/2024\/05\/calm-woman-admiring-landscape-of-lake-2024-05-13-17-21-47-utc-1-768x512.webp 768w, https:\/\/psicoweb.com.es\/centropsicologiavirtual\/wp-content\/uploads\/2024\/05\/calm-woman-admiring-landscape-of-lake-2024-05-13-17-21-47-utc-1-1536x1025.webp 1536w\" sizes=\"(max-width: 1619px) 100vw, 1619px\" \/>      <\/div>\n    <\/a>\n  \n      \n    <div class=\"bde-loop-item__wrap ee-post-wrap\">\n      \n          <h3 class=\"ee-post-title\">\n    <a class=\"bde-loop-item__title-link ee-post-title-link\" href=\"https:\/\/psicoweb.com.es\/centropsicologiavirtual\/domina-el-estres-con-estas-tecnicas-psicologicas-efectivas\/\" >\n        Domina el estr\u00e9s con estas t\u00e9cnicas psicol\u00f3gicas efectivas    <\/a>\n    <\/h3>\n  \n      \n    <\/div>\n\n    <\/article>\n\n        <article class=\"bde-loop-item ee-post\">\n                <a class=\"bde-loop-item__image-link ee-post-image-link \" href=\"https:\/\/psicoweb.com.es\/centropsicologiavirtual\/la-terapia-de-esquemas-una-nueva-esperanza-para-combatir-la-depresion\/\" aria-label=\"La Terapia de Esquemas: Una Nueva Esperanza para Combatir la Depresi\u00f3n\">\n      <div class=\"bde-loop-item__image ee-post-image\">\n          <img decoding=\"async\" width=\"1619\" height=\"1080\" src=\"https:\/\/psicoweb.com.es\/centropsicologiavirtual\/wp-content\/uploads\/2024\/05\/model-with-a-creative-pop-art-make-up-on-her-face-2023-11-27-05-37-15-utc.webp\" class=\"attachment-full size-full wp-post-image\" alt=\"\" srcset=\"https:\/\/psicoweb.com.es\/centropsicologiavirtual\/wp-content\/uploads\/2024\/05\/model-with-a-creative-pop-art-make-up-on-her-face-2023-11-27-05-37-15-utc.webp 1619w, https:\/\/psicoweb.com.es\/centropsicologiavirtual\/wp-content\/uploads\/2024\/05\/model-with-a-creative-pop-art-make-up-on-her-face-2023-11-27-05-37-15-utc-300x200.webp 300w, https:\/\/psicoweb.com.es\/centropsicologiavirtual\/wp-content\/uploads\/2024\/05\/model-with-a-creative-pop-art-make-up-on-her-face-2023-11-27-05-37-15-utc-1024x683.webp 1024w, https:\/\/psicoweb.com.es\/centropsicologiavirtual\/wp-content\/uploads\/2024\/05\/model-with-a-creative-pop-art-make-up-on-her-face-2023-11-27-05-37-15-utc-768x512.webp 768w, https:\/\/psicoweb.com.es\/centropsicologiavirtual\/wp-content\/uploads\/2024\/05\/model-with-a-creative-pop-art-make-up-on-her-face-2023-11-27-05-37-15-utc-1536x1025.webp 1536w\" sizes=\"(max-width: 1619px) 100vw, 1619px\" \/>      <\/div>\n    <\/a>\n  \n      \n    <div class=\"bde-loop-item__wrap ee-post-wrap\">\n      \n          <h3 class=\"ee-post-title\">\n    <a class=\"bde-loop-item__title-link ee-post-title-link\" href=\"https:\/\/psicoweb.com.es\/centropsicologiavirtual\/la-terapia-de-esquemas-una-nueva-esperanza-para-combatir-la-depresion\/\" >\n        La Terapia de Esquemas: Una Nueva Esperanza para Combatir la Depresi\u00f3n    <\/a>\n    <\/h3>\n  \n      \n    <\/div>\n\n    <\/article>\n\n        <article class=\"bde-loop-item ee-post\">\n                <a class=\"bde-loop-item__image-link ee-post-image-link \" href=\"https:\/\/psicoweb.com.es\/centropsicologiavirtual\/como-la-terapia-de-aceptacion-y-compromiso-puede-cambiar-tu-vida\/\" aria-label=\"C\u00f3mo la Terapia de Aceptaci\u00f3n y Compromiso Puede Cambiar tu Vida\">\n      <div class=\"bde-loop-item__image ee-post-image\">\n          <img decoding=\"async\" width=\"1080\" height=\"1080\" src=\"https:\/\/psicoweb.com.es\/centropsicologiavirtual\/wp-content\/uploads\/2024\/05\/step-ladder-leading-to-clouds-growth-future-de-2023-11-27-04-55-05-utc.webp\" class=\"attachment-full size-full wp-post-image\" alt=\"\" srcset=\"https:\/\/psicoweb.com.es\/centropsicologiavirtual\/wp-content\/uploads\/2024\/05\/step-ladder-leading-to-clouds-growth-future-de-2023-11-27-04-55-05-utc.webp 1080w, https:\/\/psicoweb.com.es\/centropsicologiavirtual\/wp-content\/uploads\/2024\/05\/step-ladder-leading-to-clouds-growth-future-de-2023-11-27-04-55-05-utc-300x300.webp 300w, https:\/\/psicoweb.com.es\/centropsicologiavirtual\/wp-content\/uploads\/2024\/05\/step-ladder-leading-to-clouds-growth-future-de-2023-11-27-04-55-05-utc-1024x1024.webp 1024w, https:\/\/psicoweb.com.es\/centropsicologiavirtual\/wp-content\/uploads\/2024\/05\/step-ladder-leading-to-clouds-growth-future-de-2023-11-27-04-55-05-utc-150x150.webp 150w, https:\/\/psicoweb.com.es\/centropsicologiavirtual\/wp-content\/uploads\/2024\/05\/step-ladder-leading-to-clouds-growth-future-de-2023-11-27-04-55-05-utc-768x768.webp 768w\" sizes=\"(max-width: 1080px) 100vw, 1080px\" \/>      <\/div>\n    <\/a>\n  \n      \n    <div class=\"bde-loop-item__wrap ee-post-wrap\">\n      \n          <h3 class=\"ee-post-title\">\n    <a class=\"bde-loop-item__title-link ee-post-title-link\" href=\"https:\/\/psicoweb.com.es\/centropsicologiavirtual\/como-la-terapia-de-aceptacion-y-compromiso-puede-cambiar-tu-vida\/\" >\n        C\u00f3mo la Terapia de Aceptaci\u00f3n y Compromiso Puede Cambiar tu Vida    <\/a>\n    <\/h3>\n  \n      \n    <\/div>\n\n    <\/article>\n\n        <article class=\"bde-loop-item ee-post\">\n                <a class=\"bde-loop-item__image-link ee-post-image-link \" href=\"https:\/\/psicoweb.com.es\/centropsicologiavirtual\/una-guia-completa-para-entender-la-terapia-cognitivo-conductual\/\" aria-label=\"Una gu\u00eda completa para entender la Terapia Cognitivo Conductual\">\n      <div class=\"bde-loop-item__image ee-post-image\">\n          <img decoding=\"async\" width=\"2048\" height=\"1080\" src=\"https:\/\/psicoweb.com.es\/centropsicologiavirtual\/wp-content\/uploads\/2024\/05\/silhouette-of-a-man-practicing-martial-arts-on-a-s-2024-01-23-18-54-04-utc.webp\" class=\"attachment-full size-full wp-post-image\" alt=\"\" srcset=\"https:\/\/psicoweb.com.es\/centropsicologiavirtual\/wp-content\/uploads\/2024\/05\/silhouette-of-a-man-practicing-martial-arts-on-a-s-2024-01-23-18-54-04-utc.webp 2048w, https:\/\/psicoweb.com.es\/centropsicologiavirtual\/wp-content\/uploads\/2024\/05\/silhouette-of-a-man-practicing-martial-arts-on-a-s-2024-01-23-18-54-04-utc-300x158.webp 300w, https:\/\/psicoweb.com.es\/centropsicologiavirtual\/wp-content\/uploads\/2024\/05\/silhouette-of-a-man-practicing-martial-arts-on-a-s-2024-01-23-18-54-04-utc-1024x540.webp 1024w, https:\/\/psicoweb.com.es\/centropsicologiavirtual\/wp-content\/uploads\/2024\/05\/silhouette-of-a-man-practicing-martial-arts-on-a-s-2024-01-23-18-54-04-utc-768x405.webp 768w, https:\/\/psicoweb.com.es\/centropsicologiavirtual\/wp-content\/uploads\/2024\/05\/silhouette-of-a-man-practicing-martial-arts-on-a-s-2024-01-23-18-54-04-utc-1536x810.webp 1536w\" sizes=\"(max-width: 2048px) 100vw, 2048px\" \/>      <\/div>\n    <\/a>\n  \n      \n    <div class=\"bde-loop-item__wrap ee-post-wrap\">\n      \n          <h3 class=\"ee-post-title\">\n    <a class=\"bde-loop-item__title-link ee-post-title-link\" href=\"https:\/\/psicoweb.com.es\/centropsicologiavirtual\/una-guia-completa-para-entender-la-terapia-cognitivo-conductual\/\" >\n        Una gu\u00eda completa para entender la Terapia Cognitivo Conductual    <\/a>\n    <\/h3>\n  \n      \n    <\/div>\n\n    <\/article>\n\n        <article class=\"bde-loop-item ee-post\">\n                <a class=\"bde-loop-item__image-link ee-post-image-link \" href=\"https:\/\/psicoweb.com.es\/centropsicologiavirtual\/como-superar-los-obstaculos-de-la-vida-el-papel-del-apoyo-psicologico-en-la-resiliencia\/\" aria-label=\"C\u00f3mo superar los obst\u00e1culos de la vida: el papel del apoyo psicol\u00f3gico en la resiliencia\">\n      <div class=\"bde-loop-item__image ee-post-image\">\n          <img decoding=\"async\" width=\"1620\" height=\"1080\" src=\"https:\/\/psicoweb.com.es\/centropsicologiavirtual\/wp-content\/uploads\/2024\/05\/colorful-ice-cream-pattern-on-pastel-blue-backgrou-2023-11-27-04-51-48-utc-1.webp\" class=\"attachment-full size-full wp-post-image\" alt=\"\" srcset=\"https:\/\/psicoweb.com.es\/centropsicologiavirtual\/wp-content\/uploads\/2024\/05\/colorful-ice-cream-pattern-on-pastel-blue-backgrou-2023-11-27-04-51-48-utc-1.webp 1620w, https:\/\/psicoweb.com.es\/centropsicologiavirtual\/wp-content\/uploads\/2024\/05\/colorful-ice-cream-pattern-on-pastel-blue-backgrou-2023-11-27-04-51-48-utc-1-300x200.webp 300w, https:\/\/psicoweb.com.es\/centropsicologiavirtual\/wp-content\/uploads\/2024\/05\/colorful-ice-cream-pattern-on-pastel-blue-backgrou-2023-11-27-04-51-48-utc-1-1024x683.webp 1024w, https:\/\/psicoweb.com.es\/centropsicologiavirtual\/wp-content\/uploads\/2024\/05\/colorful-ice-cream-pattern-on-pastel-blue-backgrou-2023-11-27-04-51-48-utc-1-768x512.webp 768w, https:\/\/psicoweb.com.es\/centropsicologiavirtual\/wp-content\/uploads\/2024\/05\/colorful-ice-cream-pattern-on-pastel-blue-backgrou-2023-11-27-04-51-48-utc-1-1536x1024.webp 1536w\" sizes=\"(max-width: 1620px) 100vw, 1620px\" \/>      <\/div>\n    <\/a>\n  \n      \n    <div class=\"bde-loop-item__wrap ee-post-wrap\">\n      \n          <h3 class=\"ee-post-title\">\n    <a class=\"bde-loop-item__title-link ee-post-title-link\" href=\"https:\/\/psicoweb.com.es\/centropsicologiavirtual\/como-superar-los-obstaculos-de-la-vida-el-papel-del-apoyo-psicologico-en-la-resiliencia\/\" >\n        C\u00f3mo superar los obst\u00e1culos de la vida: el papel del apoyo psicol\u00f3gico en la resiliencia    <\/a>\n    <\/h3>\n  \n      \n    <\/div>\n\n    <\/article>\n\n    <\/div><div class=\"bde-posts-pagination bde-posts-navigation-numbers\"><ul><li class=\"bde-posts-navigation-numbers--active\"><a class=\"is-active\" href='https:\/\/psicoweb.com.es\/centropsicologiavirtual\/wp-json\/wp\/v2\/pages\/53\/'>1<\/a><\/li><li ><a  href='https:\/\/psicoweb.com.es\/centropsicologiavirtual\/wp-json\/wp\/v2\/pages\/53\/page\/2\/'>2<\/a><\/li><li ><a  href='https:\/\/psicoweb.com.es\/centropsicologiavirtual\/wp-json\/wp\/v2\/pages\/53\/page\/3\/'>3<\/a><\/li><li ><a  href='https:\/\/psicoweb.com.es\/centropsicologiavirtual\/wp-json\/wp\/v2\/pages\/53\/page\/4\/'>4<\/a><\/li><\/ul><\/div>\n<\/div><\/div>\n<\/section>","protected":false},"excerpt":{"rendered":"","protected":false},"author":1,"featured_media":0,"parent":0,"menu_order":0,"comment_status":"closed","ping_status":"closed","template":"","meta":{"_breakdance_hide_in_design_set":false,"_breakdance_tags":"","footnotes":""},"class_list":["post-53","page","type-page","status-publish","hentry"],"_links":{"self":[{"href":"https:\/\/psicoweb.com.es\/centropsicologiavirtual\/wp-json\/wp\/v2\/pages\/53","targetHints":{"allow":["GET"]}}],"collection":[{"href":"https:\/\/psicoweb.com.es\/centropsicologiavirtual\/wp-json\/wp\/v2\/pages"}],"about":[{"href":"https:\/\/psicoweb.com.es\/centropsicologiavirtual\/wp-json\/wp\/v2\/types\/page"}],"author":[{"embeddable":true,"href":"https:\/\/psicoweb.com.es\/centropsicologiavirtual\/wp-json\/wp\/v2\/users\/1"}],"replies":[{"embeddable":true,"href":"https:\/\/psicoweb.com.es\/centropsicologiavirtual\/wp-json\/wp\/v2\/comments?post=53"}],"version-history":[{"count":0,"href":"https:\/\/psicoweb.com.es\/centropsicologiavirtual\/wp-json\/wp\/v2\/pages\/53\/revisions"}],"wp:attachment":[{"href":"https:\/\/psicoweb.com.es\/centropsicologiavirtual\/wp-json\/wp\/v2\/media?parent=53"}],"curies":[{"name":"wp","href":"https:\/\/api.w.org\/{rel}","templated":true}]}}